{"id":3,"date":"2024-09-18T09:24:21","date_gmt":"2024-09-18T06:24:21","guid":{"rendered":"https:\/\/blogit.metropolia.fi\/virtuaalimuskari\/etusivu\/"},"modified":"2024-10-03T11:37:42","modified_gmt":"2024-10-03T08:37:42","slug":"etusivu","status":"publish","type":"page","link":"https:\/\/blogit.metropolia.fi\/virtuaalimuskari\/","title":{"rendered":"Etusivu"},"content":{"rendered":"<button id=\"accordion-title-69d757da6036b\" class=\"accordion-block\" aria-label=\"Avaa: Bloggaajat\" aria-controls=\"accordion-title-69d757da6036b-content\" aria-expanded=\"\">\n\t<span class=\"material-symbols-outlined icon\" aria-hidden=\"true\">\n\t\tarrow_right\n\t<\/span>\n\t<span class=\"accordion-title\">\n\t\t\t\t\tBloggaajat\t\t\t<\/span>\n<\/button>\n\n\n<div id=\"accordion-title-69d757da6036b-content\" class=\"accordion-content\">\n\t\n<section  class=\"user-block\">\n\n\t\n\t\t<div class=\"user\">\n\t\t\t<div class=\"image\">\n\t\t\t\t\t\t\t\t\t<img decoding=\"async\" src=\"https:\/\/secure.gravatar.com\/avatar\/df48d321038c2031defc92dd79574c59d6e4516bcd6722eebcca9ebfa20a5bf1?s=96&#038;d=mm&#038;r=g\" alt=\"\"\/>\n\t\t\t\t\t\t\t<\/div>\n\t\t\t<a class=\"author-link\" href=\"https:\/\/blogit.metropolia.fi\/virtuaalimuskari\/author\/elinasim\/\">\n\t\t\t\t<span class=\"name h3\">\n\t\t\t\t\tElina Simes\t\t\t\t<\/span>\n\t\t\t<\/a>\n\t\t\t<span class=\"description\">\n\t\t\t\topiskelee Metropoliassa varhaisi\u00e4n musiikkikasvatusta ja taiteen soveltavaa k\u00e4ytt\u00f6\u00e4. H\u00e4n on loputtoman kiinnostunut opettamisen eri muodoista, l\u00e4sn\u00e4olosta, lapsil\u00e4ht\u00f6isyydest\u00e4 ja tunnelmista. Virtuaalimuskari-hankkeen kuvaustilanteissa h\u00e4n on toiminut s\u00e4est\u00e4j\u00e4n\u00e4 ja p\u00e4\u00e4ssyt tarkkailemaan l\u00e4hiet\u00e4isyydelt\u00e4 hankkeen muskariopettajien ty\u00f6t\u00e4.\t\t\t<\/span>\n\t\t\t\t\t\t\t<a class=\"button transparent email\" href=\"mailto: elinasimes@gmail.com\" aria-label=\"L\u00e4het\u00e4 s\u00e4hk\u00f6postia osoitteeseen elinasimes@gmail.com\">Ota yhteytt\u00e4<\/a>\n\t\t\t\t\t<\/div>\n\n\t\n<\/section>\n\n\n<section  class=\"user-block\">\n\n\t\n\t\t<div class=\"user\">\n\t\t\t<div class=\"image\">\n\t\t\t\t\t\t\t\t\t<img decoding=\"async\" src=\"https:\/\/secure.gravatar.com\/avatar\/08c563ee69a9d64d6aa862c236528c0dc1f52d23cd8b941456473a94f9cce59e?s=96&#038;d=mm&#038;r=g\" alt=\"\"\/>\n\t\t\t\t\t\t\t<\/div>\n\t\t\t<a class=\"author-link\" href=\"https:\/\/blogit.metropolia.fi\/virtuaalimuskari\/author\/elisakerola\/\">\n\t\t\t\t<span class=\"name h3\">\n\t\t\t\t\tElisa Kerola\t\t\t\t<\/span>\n\t\t\t<\/a>\n\t\t\t<span class=\"description\">\n\t\t\t\ton vierailjabloggaaja ja ty\u00f6skentelee Kuhmon musiikkiopistossa rehtorina ja kanteleensoiton opettajana. H\u00e4n on valmistunut musiikin maisteriksi Sibelius-Akatemiasta. Kerola pyrkii siihen, ett\u00e4 kantele soi tuokion toimistossakin joka p\u00e4iv\u00e4. H\u00e4n odottaa  innokkaasti melontakauden alkua. Ennen sit\u00e4 h\u00e4n tekee k\u00e4velyretki\u00e4 Pajakkakoskelle, juo teet\u00e4 ja tarkkailee lintuja.\t\t\t<\/span>\n\t\t\t\t\t\t\t<a class=\"button transparent email\" href=\"mailto: Elisa.Kerola@kuhmo.fi-old\" aria-label=\"L\u00e4het\u00e4 s\u00e4hk\u00f6postia osoitteeseen Elisa.Kerola@kuhmo.fi-old\">Ota yhteytt\u00e4<\/a>\n\t\t\t\t\t<\/div>\n\n\t\n<\/section>\n\n\n<section  class=\"user-block\">\n\n\t\n\t\t<div class=\"user\">\n\t\t\t<div class=\"image\">\n\t\t\t\t\t\t\t\t\t<img decoding=\"async\" src=\"https:\/\/blogit.metropolia.fi\/virtuaalimuskari\/wp-content\/uploads\/2024\/09\/Irene-Alsti-Lehtonen.jpg\" alt=\"\"\/>\n\t\t\t\t\t\t\t<\/div>\n\t\t\t<a class=\"author-link\" href=\"https:\/\/blogit.metropolia.fi\/virtuaalimuskari\/author\/irenea\/\">\n\t\t\t\t<span class=\"name h3\">\n\t\t\t\t\tIrene Alsti-Lehtonen\t\t\t\t<\/span>\n\t\t\t<\/a>\n\t\t\t<span class=\"description\">\n\t\t\t\tty\u00f6skentelee Metropolian musiikin osaamisalueella T\u00e4m\u00e4 el\u00e4m\u00e4 -hankkeen projektip\u00e4\u00e4llikk\u00f6n\u00e4. Vuodesta 2009 Alsti-Lehtonen on ty\u00f6skennellyt Metropoliassa useissa kulttuurialan hankkeissa ja musiikin tutkinto-ohjelman palveluteht\u00e4viss\u00e4. Koulutukseltaan h\u00e4n on musiikkipedagogi AMK ja kasvatustieteiden maisteri. Alsti-Lehtonen on kehitt\u00e4nyt  ty\u00f6el\u00e4m\u00e4\u00e4n ja ammattikorkeakoulutukseen musiikkia, taidetta ja digitaalisuutta hy\u00f6dynt\u00e4vi\u00e4 menetelmi\u00e4 ja ty\u00f6kaluja edist\u00e4m\u00e4\u00e4n ihmisten, kaupunkien ja muiden alueiden toimivuutta ja hyvinvointia. Perhe, yst\u00e4v\u00e4t, jumppatossut, tanssi sek\u00e4 moninaiset taiteen ilot tuovat merkityksellisimm\u00e4t s\u00e4vyt Alsti-Lehtosen el\u00e4m\u00e4\u00e4n.\t\t\t<\/span>\n\t\t\t\t\t\t\t<a class=\"button transparent email\" href=\"mailto: irene.alsti-lehtonen@metropolia.fi\" aria-label=\"L\u00e4het\u00e4 s\u00e4hk\u00f6postia osoitteeseen irene.alsti-lehtonen@metropolia.fi\">Ota yhteytt\u00e4<\/a>\n\t\t\t\t\t<\/div>\n\n\t\n<\/section>\n\n\n<section  class=\"user-block\">\n\n\t\n\t\t<div class=\"user\">\n\t\t\t<div class=\"image\">\n\t\t\t\t\t\t\t\t\t<img decoding=\"async\" src=\"https:\/\/secure.gravatar.com\/avatar\/556e7a73fc344efbd0c5aa9ee915d373401c7a106e65ac06b530f49a92e2743f?s=96&#038;d=mm&#038;r=g\" alt=\"\"\/>\n\t\t\t\t\t\t\t<\/div>\n\t\t\t<a class=\"author-link\" href=\"https:\/\/blogit.metropolia.fi\/virtuaalimuskari\/author\/leenapaakkonen\/\">\n\t\t\t\t<span class=\"name h3\">\n\t\t\t\t\tLeena P\u00e4\u00e4kk\u00f6nen\t\t\t\t<\/span>\n\t\t\t<\/a>\n\t\t\t<span class=\"description\">\n\t\t\t\ton lieksalainen Virtuaalimuskari-hankkeen Kuhmon aluekoordinaattori. Aiemmin h\u00e4n on ty\u00f6skennellyt Lieksan musiikkileikkikoulun opettajana 19 vuoden ajan. Lastenhoitoalan ja musiikkileikkikoulun opettajan t\u00e4ydennyskoulutusten ohella h\u00e4n opiskeli musiikkiterapiaa ja teki lopputy\u00f6ns\u00e4 koira-avusteisesta musiikkiterapiasta erityislasten kanssa. Laulavat espanjanvesikoirat antavat energiaa monenlaisiin koiraharrastuksiin. Muskarity\u00f6t\u00e4 P\u00e4\u00e4kk\u00f6nen tekee iloisella ja intuitiivisella otteella.\t\t\t<\/span>\n\t\t\t\t\t\t\t<a class=\"button transparent email\" href=\"mailto: leenapaakkonen@gmail.com\" aria-label=\"L\u00e4het\u00e4 s\u00e4hk\u00f6postia osoitteeseen leenapaakkonen@gmail.com\">Ota yhteytt\u00e4<\/a>\n\t\t\t\t\t<\/div>\n\n\t\n<\/section>\n\n\n<section  class=\"user-block\">\n\n\t\n\t\t<div class=\"user\">\n\t\t\t<div class=\"image\">\n\t\t\t\t\t\t\t\t\t<img decoding=\"async\" src=\"https:\/\/secure.gravatar.com\/avatar\/e1d74379114a383fab8e1bff4676e6c430a5a574aa816d23cc57e1d0417ff350?s=96&#038;d=mm&#038;r=g\" alt=\"\"\/>\n\t\t\t\t\t\t\t<\/div>\n\t\t\t<a class=\"author-link\" href=\"https:\/\/blogit.metropolia.fi\/virtuaalimuskari\/author\/m0601932\/\">\n\t\t\t\t<span class=\"name h3\">\n\t\t\t\t\tJessika Lampi\t\t\t\t<\/span>\n\t\t\t<\/a>\n\t\t\t<span class=\"description\">\n\t\t\t\ton tiett\u00e4v\u00e4sti Suomen pohjoisimpia varhaisi\u00e4n musiikinopettajia. 6000 ihmisen kunnassa, Inarissa, h\u00e4n opettaa muskareiden lis\u00e4ksi soiton alkeita ja valmennusta sek\u00e4 erityisoppilaita &#8211; niin aikuisia kuin lapsiakin. Valmistuttuaan Metropolia Ammattikorkeakoulusta espoolaisl\u00e4ht\u00f6inen Lampi p\u00e4\u00e4tyi kes\u00e4toidens\u00e4 kautta opettamaan Lappiin. Virtuaalimuskari-hankkeessa h\u00e4n ty\u00f6skentelee niin aluekoordinaattorina kuin my\u00f6s pedagogisessa tiimiss\u00e4. H\u00e4nen suurimpia intohimojaan ovat musiikin vaikutus hyvinvointiin ja sen konstailemattomuus. Musiikin lis\u00e4ksi Lampi rakastaa uusien asioiden opettelua esimerkiksi joogan ja ruoanlaiton parissa.\t\t\t<\/span>\n\t\t\t\t\t\t\t<a class=\"button transparent email\" href=\"mailto: jessika.lampi@gmail.com\" aria-label=\"L\u00e4het\u00e4 s\u00e4hk\u00f6postia osoitteeseen jessika.lampi@gmail.com\">Ota yhteytt\u00e4<\/a>\n\t\t\t\t\t<\/div>\n\n\t\n<\/section>\n\n\n<section  class=\"user-block\">\n\n\t\n\t\t<div class=\"user\">\n\t\t\t<div class=\"image\">\n\t\t\t\t\t\t\t\t\t<img decoding=\"async\" src=\"https:\/\/secure.gravatar.com\/avatar\/1bd1c109c17a77f337ccb80b5e536a51eef003b3252c822a33ad171ef05439b8?s=96&#038;d=mm&#038;r=g\" alt=\"\"\/>\n\t\t\t\t\t\t\t<\/div>\n\t\t\t<a class=\"author-link\" href=\"https:\/\/blogit.metropolia.fi\/virtuaalimuskari\/author\/niklaslindholm\/\">\n\t\t\t\t<span class=\"name h3\">\n\t\t\t\t\tNiklas Lindholm\t\t\t\t<\/span>\n\t\t\t<\/a>\n\t\t\t<span class=\"description\">\n\t\t\t\ton media- ja musiikkialan ammattilainen. H\u00e4nen intohimonsa kohdistuu\r\nmusiikin lis\u00e4ksi urheiluun, henkiseen kasvuun ja perheeseen. Rockawayn\r\nyhten\u00e4 perustajana ja yrityksen toimitusjohtajana h\u00e4n on unelmaty\u00f6ss\u00e4\u00e4n.\r\nNiklas kuuluu Virtuaalimuskari-hankkeen projektiryhm\u00e4\u00e4n ja koordinoi\r\nRockwayn toimia hankkeessa.\t\t\t<\/span>\n\t\t\t\t\t\t\t<a class=\"button transparent email\" href=\"mailto: nicce@rockway.fi\" aria-label=\"L\u00e4het\u00e4 s\u00e4hk\u00f6postia osoitteeseen nicce@rockway.fi\">Ota yhteytt\u00e4<\/a>\n\t\t\t\t\t<\/div>\n\n\t\n<\/section>\n\n\n<section  class=\"user-block\">\n\n\t\n\t\t<div class=\"user\">\n\t\t\t<div class=\"image\">\n\t\t\t\t\t\t\t\t\t<img decoding=\"async\" src=\"https:\/\/blogit.metropolia.fi\/virtuaalimuskari\/wp-content\/uploads\/2024\/09\/vierailija-profiili-2.jpg\" alt=\"\"\/>\n\t\t\t\t\t\t\t<\/div>\n\t\t\t<a class=\"author-link\" href=\"https:\/\/blogit.metropolia.fi\/virtuaalimuskari\/author\/vierailija\/\">\n\t\t\t\t<span class=\"name h3\">\n\t\t\t\t\tvierailija\t\t\t\t<\/span>\n\t\t\t<\/a>\n\t\t\t<span class=\"description\">\n\t\t\t\t\t\t\t<\/span>\n\t\t\t\t\t\t\t<a class=\"button transparent email\" href=\"mailto: viestinta@metropolia.fi\" aria-label=\"L\u00e4het\u00e4 s\u00e4hk\u00f6postia osoitteeseen viestinta@metropolia.fi\">Ota yhteytt\u00e4<\/a>\n\t\t\t\t\t<\/div>\n\n\t\n<\/section>\n\n<\/div>\n\n\n\n\n<button id=\"accordion-title-69d757da6186a\" class=\"accordion-block\" aria-label=\"Avaa: Uusimmat postaukset\" aria-controls=\"accordion-title-69d757da6186a-content\" aria-expanded=\"\">\n\t<span class=\"material-symbols-outlined icon\" aria-hidden=\"true\">\n\t\tarrow_right\n\t<\/span>\n\t<span class=\"accordion-title\">\n\t\t\t\t\tUusimmat postaukset\t\t\t<\/span>\n<\/button>\n\n\n<div id=\"accordion-title-69d757da6186a-content\" class=\"accordion-content\">\n\t\n<ul class=\"wp-block-latest-posts__list wp-block-latest-posts\"><li><a class=\"wp-block-latest-posts__post-title\" href=\"https:\/\/blogit.metropolia.fi\/virtuaalimuskari\/2016\/06\/17\/ruudun-toisella-puolella-toimiiko-virtuaaliopetus-musiikkileikkikoulukontekstissa\/\">Ruudun toisella puolella<\/a><\/li>\n<li><a class=\"wp-block-latest-posts__post-title\" href=\"https:\/\/blogit.metropolia.fi\/virtuaalimuskari\/2016\/05\/12\/kuulkaa-korpeimme-kuiskintaa\/\">Kuulkaa korpeimme kuiskintaa<\/a><\/li>\n<li><a class=\"wp-block-latest-posts__post-title\" href=\"https:\/\/blogit.metropolia.fi\/virtuaalimuskari\/2016\/05\/09\/ajatuksen-juoksua-tunturipuroilta-virtuaalimaailmaan\/\">Ajatuksen juoksua tunturipuroilta virtuaalimaailmaan<\/a><\/li>\n<\/ul>\n<\/div>\n\n\n\n\n<button id=\"accordion-title-69d757da61c63\" class=\"accordion-block\" aria-label=\"Avaa: Arkistot\" aria-controls=\"accordion-title-69d757da61c63-content\" aria-expanded=\"\">\n\t<span class=\"material-symbols-outlined icon\" aria-hidden=\"true\">\n\t\tarrow_right\n\t<\/span>\n\t<span class=\"accordion-title\">\n\t\t\t\t\tArkistot\t\t\t<\/span>\n<\/button>\n\n\n<div id=\"accordion-title-69d757da61c63-content\" class=\"accordion-content\">\n\t\n<ul class=\"wp-block-archives-list wp-block-archives\">\t<li><a href='https:\/\/blogit.metropolia.fi\/virtuaalimuskari\/2016\/'>2016<\/a>&nbsp;(5)<\/li>\n<\/ul>\n<\/div>\n\n\n\n\n<button id=\"accordion-title-69d757da629b6\" class=\"accordion-block\" aria-label=\"Avaa: Avainsanat\" aria-controls=\"accordion-title-69d757da629b6-content\" aria-expanded=\"\">\n\t<span class=\"material-symbols-outlined icon\" aria-hidden=\"true\">\n\t\tarrow_right\n\t<\/span>\n\t<span class=\"accordion-title\">\n\t\t\t\t\tAvainsanat\t\t\t<\/span>\n<\/button>\n\n\n<div id=\"accordion-title-69d757da629b6-content\" class=\"accordion-content\">\n\t\n<p class=\"wp-block-tag-cloud\"><a href=\"https:\/\/blogit.metropolia.fi\/virtuaalimuskari\/tag\/aluekoordinaattori\/\" class=\"tag-cloud-link tag-link-29 tag-link-position-1\" style=\"font-size: 8pt;\" aria-label=\"Aluekoordinaattori (1 kohde)\">Aluekoordinaattori<\/a>\n<a href=\"https:\/\/blogit.metropolia.fi\/virtuaalimuskari\/tag\/inari\/\" class=\"tag-cloud-link tag-link-31 tag-link-position-2\" style=\"font-size: 8pt;\" aria-label=\"Inari (1 kohde)\">Inari<\/a>\n<a href=\"https:\/\/blogit.metropolia.fi\/virtuaalimuskari\/tag\/interaktiivinen-tietotekniikka\/\" class=\"tag-cloud-link tag-link-13 tag-link-position-3\" style=\"font-size: 8pt;\" aria-label=\"interaktiivinen tietotekniikka (1 kohde)\">interaktiivinen tietotekniikka<\/a>\n<a href=\"https:\/\/blogit.metropolia.fi\/virtuaalimuskari\/tag\/kuhmon-musiikkiopisto\/\" class=\"tag-cloud-link tag-link-25 tag-link-position-4\" style=\"font-size: 8pt;\" aria-label=\"Kuhmon musiikkiopisto (1 kohde)\">Kuhmon musiikkiopisto<\/a>\n<a href=\"https:\/\/blogit.metropolia.fi\/virtuaalimuskari\/tag\/lapset\/\" class=\"tag-cloud-link tag-link-15 tag-link-position-5\" style=\"font-size: 8pt;\" aria-label=\"lapset (1 kohde)\">lapset<\/a>\n<a href=\"https:\/\/blogit.metropolia.fi\/virtuaalimuskari\/tag\/metropolia\/\" class=\"tag-cloud-link tag-link-33 tag-link-position-6\" style=\"font-size: 8pt;\" aria-label=\"Metropolia (1 kohde)\">Metropolia<\/a>\n<a href=\"https:\/\/blogit.metropolia.fi\/virtuaalimuskari\/tag\/musiikki\/\" class=\"tag-cloud-link tag-link-17 tag-link-position-7\" style=\"font-size: 8pt;\" aria-label=\"musiikki (1 kohde)\">musiikki<\/a>\n<a href=\"https:\/\/blogit.metropolia.fi\/virtuaalimuskari\/tag\/muskari\/\" class=\"tag-cloud-link tag-link-27 tag-link-position-8\" style=\"font-size: 16.4pt;\" aria-label=\"muskari (2 kohdetta)\">muskari<\/a>\n<a href=\"https:\/\/blogit.metropolia.fi\/virtuaalimuskari\/tag\/perinneleikkimuskari\/\" class=\"tag-cloud-link tag-link-39 tag-link-position-9\" style=\"font-size: 8pt;\" aria-label=\"Perinneleikkimuskari (1 kohde)\">Perinneleikkimuskari<\/a>\n<a href=\"https:\/\/blogit.metropolia.fi\/virtuaalimuskari\/tag\/rockway\/\" class=\"tag-cloud-link tag-link-35 tag-link-position-10\" style=\"font-size: 8pt;\" aria-label=\"Rockway (1 kohde)\">Rockway<\/a>\n<a href=\"https:\/\/blogit.metropolia.fi\/virtuaalimuskari\/tag\/soitinrakennusmuskari\/\" class=\"tag-cloud-link tag-link-41 tag-link-position-11\" style=\"font-size: 8pt;\" aria-label=\"Soitinrakennusmuskari (1 kohde)\">Soitinrakennusmuskari<\/a>\n<a href=\"https:\/\/blogit.metropolia.fi\/virtuaalimuskari\/tag\/uudet-oppimisymparistot\/\" class=\"tag-cloud-link tag-link-19 tag-link-position-12\" style=\"font-size: 8pt;\" aria-label=\"uudet oppimisymp\u00e4rist\u00f6t (1 kohde)\">uudet oppimisymp\u00e4rist\u00f6t<\/a>\n<a href=\"https:\/\/blogit.metropolia.fi\/virtuaalimuskari\/tag\/varhaisian-musiikkikasvatus\/\" class=\"tag-cloud-link tag-link-21 tag-link-position-13\" style=\"font-size: 22pt;\" aria-label=\"varhaisi\u00e4n musiikkikasvatus (3 kohdetta)\">varhaisi\u00e4n musiikkikasvatus<\/a>\n<a href=\"https:\/\/blogit.metropolia.fi\/virtuaalimuskari\/tag\/verkkopedagogiikka\/\" class=\"tag-cloud-link tag-link-23 tag-link-position-14\" style=\"font-size: 8pt;\" aria-label=\"verkkopedagogiikka (1 kohde)\">verkkopedagogiikka<\/a>\n<a href=\"https:\/\/blogit.metropolia.fi\/virtuaalimuskari\/tag\/virtuaalimuskari\/\" class=\"tag-cloud-link tag-link-37 tag-link-position-15\" style=\"font-size: 16.4pt;\" aria-label=\"Virtuaalimuskari (2 kohdetta)\">Virtuaalimuskari<\/a>\n<a href=\"https:\/\/blogit.metropolia.fi\/virtuaalimuskari\/tag\/virtuaaliopetus\/\" class=\"tag-cloud-link tag-link-45 tag-link-position-16\" style=\"font-size: 8pt;\" aria-label=\"Virtuaaliopetus (1 kohde)\">Virtuaaliopetus<\/a>\n<a href=\"https:\/\/blogit.metropolia.fi\/virtuaalimuskari\/tag\/vuorovaikutus\/\" class=\"tag-cloud-link tag-link-43 tag-link-position-17\" style=\"font-size: 8pt;\" aria-label=\"Vuorovaikutus (1 kohde)\">Vuorovaikutus<\/a><\/p>\n<\/div>\n\n\n\n\n<button id=\"accordion-title-69d757da63b2d\" class=\"accordion-block\" aria-label=\"Avaa: Virtuaalimuskari-hanke Metropolia.fi-sivustolla\" aria-controls=\"accordion-title-69d757da63b2d-content\" aria-expanded=\"\">\n\t<span class=\"material-symbols-outlined icon\" aria-hidden=\"true\">\n\t\tarrow_right\n\t<\/span>\n\t<span class=\"accordion-title\">\n\t\t\t\t\tVirtuaalimuskari-hanke Metropolia.fi-sivustolla\t\t\t<\/span>\n<\/button>\n\n\n<div id=\"accordion-title-69d757da63b2d-content\" class=\"accordion-content\">\n\t\n\n<figure class=\"wp-block-image size-full\"><img loading=\"lazy\" decoding=\"async\" width=\"620\" height=\"420\" src=\"https:\/\/blogit.metropolia.fi\/virtuaalimuskari\/wp-content\/uploads\/sites\/26\/2024\/09\/lapsi.jpg\" alt=\"\" class=\"wp-image-22\" srcset=\"https:\/\/blogit.metropolia.fi\/virtuaalimuskari\/wp-content\/uploads\/sites\/26\/2024\/09\/lapsi.jpg 620w, https:\/\/blogit.metropolia.fi\/virtuaalimuskari\/wp-content\/uploads\/sites\/26\/2024\/09\/lapsi-300x203.jpg 300w\" sizes=\"auto, (max-width: 620px) 100vw, 620px\" \/><\/figure>\n\n\n\n<p>Virtuaalimuskari-hanke pilotoi ja kokeilee virtuaaliopettamisen ja -oppimisen mahdollisuuksia varhaisi\u00e4n musiikkikasvatuksessa.<br><\/p>\n\n\n\n<p><a href=\"http:\/\/www.metropolia.fi\/palvelut\/hankeyhteistyo\/tutkimus-ja-kehityshankkeet\/virtuaalimuskari\/\" target=\"_blank\" rel=\"noreferrer noopener\">Lue lis\u00e4\u00e4 hankkeesta<\/a><\/p>\n\n<\/div>\n\n\n","protected":false},"excerpt":{"rendered":"","protected":false},"author":3,"featured_media":0,"parent":0,"menu_order":0,"comment_status":"closed","ping_status":"closed","template":"blog-homepage.php","meta":{"_acf_changed":false,"_exactmetrics_skip_tracking":false,"_exactmetrics_sitenote_active":false,"_exactmetrics_sitenote_note":"","_exactmetrics_sitenote_category":0,"footnotes":""},"class_list":["post-3","page","type-page","status-publish","hentry"],"acf":[],"yoast_head":"<!-- This site is optimized with the Yoast SEO plugin v27.3 - https:\/\/yoast.com\/product\/yoast-seo-wordpress\/ -->\n<title>Virtuaalimuskari - Metropolian blogit<\/title>\n<meta name=\"description\" content=\"Virtuaalimuskari-blogi kertoo samannimisen hankkeen toiminnasta.\" \/>\n<meta name=\"robots\" content=\"index, follow, max-snippet:-1, max-image-preview:large, max-video-preview:-1\" \/>\n<link rel=\"canonical\" href=\"https:\/\/blogit.metropolia.fi\/virtuaalimuskari\/\" \/>\n<meta property=\"og:locale\" content=\"fi_FI\" \/>\n<meta property=\"og:type\" content=\"article\" \/>\n<meta property=\"og:title\" content=\"Virtuaalimuskari - Metropolian blogit\" \/>\n<meta property=\"og:description\" content=\"Virtuaalimuskari-blogi kertoo samannimisen hankkeen toiminnasta.\" \/>\n<meta property=\"og:url\" content=\"https:\/\/blogit.metropolia.fi\/virtuaalimuskari\/\" \/>\n<meta property=\"og:site_name\" content=\"Virtuaalimuskari\" \/>\n<meta property=\"article:modified_time\" content=\"2024-10-03T08:37:42+00:00\" \/>\n<meta property=\"og:image\" content=\"https:\/\/blogit.metropolia.fi\/virtuaalimuskari\/wp-content\/uploads\/sites\/26\/2024\/09\/lapsi.jpg\" \/>\n<meta name=\"twitter:card\" content=\"summary_large_image\" \/>\n<meta name=\"twitter:label1\" content=\"Arvioitu lukuaika\" \/>\n\t<meta name=\"twitter:data1\" content=\"1 minuutti\" \/>\n<script type=\"application\/ld+json\" class=\"yoast-schema-graph\">{\"@context\":\"https:\\\/\\\/schema.org\",\"@graph\":[{\"@type\":\"WebPage\",\"@id\":\"https:\\\/\\\/blogit.metropolia.fi\\\/virtuaalimuskari\\\/\",\"url\":\"https:\\\/\\\/blogit.metropolia.fi\\\/virtuaalimuskari\\\/\",\"name\":\"Virtuaalimuskari - Metropolian blogit\",\"isPartOf\":{\"@id\":\"https:\\\/\\\/blogit.metropolia.fi\\\/virtuaalimuskari\\\/#website\"},\"primaryImageOfPage\":{\"@id\":\"https:\\\/\\\/blogit.metropolia.fi\\\/virtuaalimuskari\\\/#primaryimage\"},\"image\":{\"@id\":\"https:\\\/\\\/blogit.metropolia.fi\\\/virtuaalimuskari\\\/#primaryimage\"},\"thumbnailUrl\":\"https:\\\/\\\/blogit.metropolia.fi\\\/virtuaalimuskari\\\/wp-content\\\/uploads\\\/sites\\\/26\\\/2024\\\/09\\\/lapsi.jpg\",\"datePublished\":\"2024-09-18T06:24:21+00:00\",\"dateModified\":\"2024-10-03T08:37:42+00:00\",\"description\":\"Virtuaalimuskari-blogi kertoo samannimisen hankkeen toiminnasta.\",\"breadcrumb\":{\"@id\":\"https:\\\/\\\/blogit.metropolia.fi\\\/virtuaalimuskari\\\/#breadcrumb\"},\"inLanguage\":\"fi\",\"potentialAction\":[{\"@type\":\"ReadAction\",\"target\":[\"https:\\\/\\\/blogit.metropolia.fi\\\/virtuaalimuskari\\\/\"]}]},{\"@type\":\"ImageObject\",\"inLanguage\":\"fi\",\"@id\":\"https:\\\/\\\/blogit.metropolia.fi\\\/virtuaalimuskari\\\/#primaryimage\",\"url\":\"https:\\\/\\\/blogit.metropolia.fi\\\/virtuaalimuskari\\\/wp-content\\\/uploads\\\/sites\\\/26\\\/2024\\\/09\\\/lapsi.jpg\",\"contentUrl\":\"https:\\\/\\\/blogit.metropolia.fi\\\/virtuaalimuskari\\\/wp-content\\\/uploads\\\/sites\\\/26\\\/2024\\\/09\\\/lapsi.jpg\",\"width\":620,\"height\":420},{\"@type\":\"BreadcrumbList\",\"@id\":\"https:\\\/\\\/blogit.metropolia.fi\\\/virtuaalimuskari\\\/#breadcrumb\",\"itemListElement\":[{\"@type\":\"ListItem\",\"position\":1,\"name\":\"Etusivu\",\"item\":\"https:\\\/\\\/blogit.metropolia.fi\\\/virtuaalimuskari\\\/\"},{\"@type\":\"ListItem\",\"position\":2,\"name\":\"Etusivu\"}]},{\"@type\":\"WebSite\",\"@id\":\"https:\\\/\\\/blogit.metropolia.fi\\\/virtuaalimuskari\\\/#website\",\"url\":\"https:\\\/\\\/blogit.metropolia.fi\\\/virtuaalimuskari\\\/\",\"name\":\"Virtuaalimuskari\",\"description\":\"Varhaisi\u00e4n musiikkikasvatusta pilven hattaroilla\",\"potentialAction\":[{\"@type\":\"SearchAction\",\"target\":{\"@type\":\"EntryPoint\",\"urlTemplate\":\"https:\\\/\\\/blogit.metropolia.fi\\\/virtuaalimuskari\\\/?s={search_term_string}\"},\"query-input\":{\"@type\":\"PropertyValueSpecification\",\"valueRequired\":true,\"valueName\":\"search_term_string\"}}],\"inLanguage\":\"fi\"}]}<\/script>\n<!-- \/ Yoast SEO plugin. -->","yoast_head_json":{"title":"Virtuaalimuskari - Metropolian blogit","description":"Virtuaalimuskari-blogi kertoo samannimisen hankkeen toiminnasta.","robots":{"index":"index","follow":"follow","max-snippet":"max-snippet:-1","max-image-preview":"max-image-preview:large","max-video-preview":"max-video-preview:-1"},"canonical":"https:\/\/blogit.metropolia.fi\/virtuaalimuskari\/","og_locale":"fi_FI","og_type":"article","og_title":"Virtuaalimuskari - Metropolian blogit","og_description":"Virtuaalimuskari-blogi kertoo samannimisen hankkeen toiminnasta.","og_url":"https:\/\/blogit.metropolia.fi\/virtuaalimuskari\/","og_site_name":"Virtuaalimuskari","article_modified_time":"2024-10-03T08:37:42+00:00","og_image":[{"url":"https:\/\/blogit.metropolia.fi\/virtuaalimuskari\/wp-content\/uploads\/sites\/26\/2024\/09\/lapsi.jpg","type":"","width":"","height":""}],"twitter_card":"summary_large_image","twitter_misc":{"Arvioitu lukuaika":"1 minuutti"},"schema":{"@context":"https:\/\/schema.org","@graph":[{"@type":"WebPage","@id":"https:\/\/blogit.metropolia.fi\/virtuaalimuskari\/","url":"https:\/\/blogit.metropolia.fi\/virtuaalimuskari\/","name":"Virtuaalimuskari - Metropolian blogit","isPartOf":{"@id":"https:\/\/blogit.metropolia.fi\/virtuaalimuskari\/#website"},"primaryImageOfPage":{"@id":"https:\/\/blogit.metropolia.fi\/virtuaalimuskari\/#primaryimage"},"image":{"@id":"https:\/\/blogit.metropolia.fi\/virtuaalimuskari\/#primaryimage"},"thumbnailUrl":"https:\/\/blogit.metropolia.fi\/virtuaalimuskari\/wp-content\/uploads\/sites\/26\/2024\/09\/lapsi.jpg","datePublished":"2024-09-18T06:24:21+00:00","dateModified":"2024-10-03T08:37:42+00:00","description":"Virtuaalimuskari-blogi kertoo samannimisen hankkeen toiminnasta.","breadcrumb":{"@id":"https:\/\/blogit.metropolia.fi\/virtuaalimuskari\/#breadcrumb"},"inLanguage":"fi","potentialAction":[{"@type":"ReadAction","target":["https:\/\/blogit.metropolia.fi\/virtuaalimuskari\/"]}]},{"@type":"ImageObject","inLanguage":"fi","@id":"https:\/\/blogit.metropolia.fi\/virtuaalimuskari\/#primaryimage","url":"https:\/\/blogit.metropolia.fi\/virtuaalimuskari\/wp-content\/uploads\/sites\/26\/2024\/09\/lapsi.jpg","contentUrl":"https:\/\/blogit.metropolia.fi\/virtuaalimuskari\/wp-content\/uploads\/sites\/26\/2024\/09\/lapsi.jpg","width":620,"height":420},{"@type":"BreadcrumbList","@id":"https:\/\/blogit.metropolia.fi\/virtuaalimuskari\/#breadcrumb","itemListElement":[{"@type":"ListItem","position":1,"name":"Etusivu","item":"https:\/\/blogit.metropolia.fi\/virtuaalimuskari\/"},{"@type":"ListItem","position":2,"name":"Etusivu"}]},{"@type":"WebSite","@id":"https:\/\/blogit.metropolia.fi\/virtuaalimuskari\/#website","url":"https:\/\/blogit.metropolia.fi\/virtuaalimuskari\/","name":"Virtuaalimuskari","description":"Varhaisi\u00e4n musiikkikasvatusta pilven hattaroilla","potentialAction":[{"@type":"SearchAction","target":{"@type":"EntryPoint","urlTemplate":"https:\/\/blogit.metropolia.fi\/virtuaalimuskari\/?s={search_term_string}"},"query-input":{"@type":"PropertyValueSpecification","valueRequired":true,"valueName":"search_term_string"}}],"inLanguage":"fi"}]}},"lang":"fi","translations":{"fi":3},"pll_sync_post":[],"_links":{"self":[{"href":"https:\/\/blogit.metropolia.fi\/virtuaalimuskari\/wp-json\/wp\/v2\/pages\/3","targetHints":{"allow":["GET"]}}],"collection":[{"href":"https:\/\/blogit.metropolia.fi\/virtuaalimuskari\/wp-json\/wp\/v2\/pages"}],"about":[{"href":"https:\/\/blogit.metropolia.fi\/virtuaalimuskari\/wp-json\/wp\/v2\/types\/page"}],"author":[{"embeddable":true,"href":"https:\/\/blogit.metropolia.fi\/virtuaalimuskari\/wp-json\/wp\/v2\/users\/3"}],"replies":[{"embeddable":true,"href":"https:\/\/blogit.metropolia.fi\/virtuaalimuskari\/wp-json\/wp\/v2\/comments?post=3"}],"version-history":[{"count":2,"href":"https:\/\/blogit.metropolia.fi\/virtuaalimuskari\/wp-json\/wp\/v2\/pages\/3\/revisions"}],"predecessor-version":[{"id":32,"href":"https:\/\/blogit.metropolia.fi\/virtuaalimuskari\/wp-json\/wp\/v2\/pages\/3\/revisions\/32"}],"wp:attachment":[{"href":"https:\/\/blogit.metropolia.fi\/virtuaalimuskari\/wp-json\/wp\/v2\/media?parent=3"}],"curies":[{"name":"wp","href":"https:\/\/api.w.org\/{rel}","templated":true}]}}