{"id":3,"date":"2024-09-17T08:52:26","date_gmt":"2024-09-17T05:52:26","guid":{"rendered":"https:\/\/blogit.metropolia.fi\/variousvariables\/etusivu\/"},"modified":"2024-10-03T10:55:17","modified_gmt":"2024-10-03T07:55:17","slug":"etusivu","status":"publish","type":"page","link":"https:\/\/blogit.metropolia.fi\/variousvariables\/","title":{"rendered":"Etusivu"},"content":{"rendered":"<button id=\"accordion-title-69d757dd8e83e\" class=\"accordion-block\" aria-label=\"Avaa: Various Variables blog is part of Talent Boost project\" aria-controls=\"accordion-title-69d757dd8e83e-content\" aria-expanded=\"\">\n\t<span class=\"material-symbols-outlined icon\" aria-hidden=\"true\">\n\t\tarrow_right\n\t<\/span>\n\t<span class=\"accordion-title\">\n\t\t\t\t\tVarious Variables blog is part of Talent Boost project\t\t\t<\/span>\n<\/button>\n\n\n<div id=\"accordion-title-69d757dd8e83e-content\" class=\"accordion-content\">\n\t\n\n<p>Blog introduces information, tips and insights that help international talents with a higher education background to integrate and find their study and career paths in Finland. The blog is part of Metropolia\u2019s #talentboost actions.<\/p>\n\n<\/div>\n\n\n\n\n<button id=\"accordion-title-69d757dd8e95d\" class=\"accordion-block\" aria-label=\"Avaa: Various Variables blog\u00b4s Editorial Board\" aria-controls=\"accordion-title-69d757dd8e95d-content\" aria-expanded=\"\">\n\t<span class=\"material-symbols-outlined icon\" aria-hidden=\"true\">\n\t\tarrow_right\n\t<\/span>\n\t<span class=\"accordion-title\">\n\t\t\t\t\tVarious Variables blog\u00b4s Editorial Board\t\t\t<\/span>\n<\/button>\n\n\n<div id=\"accordion-title-69d757dd8e95d-content\" class=\"accordion-content\">\n\t\n\n<p><strong>Outi Lemettinen<\/strong>\u00a0(head editor)<br><strong>Riikka Wallin<\/strong><br><strong>Anu Luoma<\/strong><br>Email addresses:\u00a0firstname.surname@metropolia.fi<br>Editorial Board handles all the publications of Various Variables blog before publishing.<\/p>\n\n<\/div>\n\n\n\n\n<button id=\"accordion-title-69d757dd91a20\" class=\"accordion-block\" aria-label=\"Avaa: Bloggers\" aria-controls=\"accordion-title-69d757dd91a20-content\" aria-expanded=\"\">\n\t<span class=\"material-symbols-outlined icon\" aria-hidden=\"true\">\n\t\tarrow_right\n\t<\/span>\n\t<span class=\"accordion-title\">\n\t\t\t\t\tBloggers\t\t\t<\/span>\n<\/button>\n\n\n<div id=\"accordion-title-69d757dd91a20-content\" class=\"accordion-content\">\n\t\n<section  class=\"user-block\">\n\n\t\n\t\t<div class=\"user\">\n\t\t\t<div class=\"image\">\n\t\t\t\t\t\t\t\t\t<img decoding=\"async\" src=\"https:\/\/blogit.metropolia.fi\/variousvariables\/wp-content\/uploads\/2024\/09\/emilia-deseille.jpg\" alt=\"\"\/>\n\t\t\t\t\t\t\t<\/div>\n\t\t\t<a class=\"author-link\" href=\"https:\/\/blogit.metropolia.fi\/variousvariables\/author\/emiliad\/\">\n\t\t\t\t<span class=\"name h3\">\n\t\t\t\t\tEmilia Deseille\t\t\t\t<\/span>\n\t\t\t<\/a>\n\t\t\t<span class=\"description\">\n\t\t\t\tis passionate about career development of international talents in Finland. Having studied and worked abroad on several occasions, she has experience in starting a career abroad, and feels at home in a multilingual and intercultural environment. Before joining the SIMHE Metropolia team as a career coach and employer relations specialist, Emilia was working in the field of labor market integration in Austria. She has a Master of Social Sciences degree in Development and International Cooperation, and studies in Intercultural Communication and Adult Education. In her spare time, Emilia enjoys dancing and doing other sports with friends, and the language geek in her enjoys learning new languages.\t\t\t<\/span>\n\t\t\t\t\t\t\t<a class=\"button transparent email\" href=\"mailto: emilia.deseille@metropolia.fi\" aria-label=\"L\u00e4het\u00e4 s\u00e4hk\u00f6postia osoitteeseen emilia.deseille@metropolia.fi\">Ota yhteytt\u00e4<\/a>\n\t\t\t\t\t<\/div>\n\n\t\n<\/section>\n\n\n<section  class=\"user-block\">\n\n\t\n\t\t<div class=\"user\">\n\t\t\t<div class=\"image\">\n\t\t\t\t\t\t\t\t\t<img decoding=\"async\" src=\"https:\/\/blogit.metropolia.fi\/variousvariables\/wp-content\/uploads\/2024\/12\/niina-tapanainen.jpg\" alt=\"\"\/>\n\t\t\t\t\t\t\t<\/div>\n\t\t\t<a class=\"author-link\" href=\"https:\/\/blogit.metropolia.fi\/variousvariables\/author\/niinatap\/\">\n\t\t\t\t<span class=\"name h3\">\n\t\t\t\t\tNiina Tapanainen\t\t\t\t<\/span>\n\t\t\t<\/a>\n\t\t\t<span class=\"description\">\n\t\t\t\tcurrently works as a SIMHE Career Coach supporting highly educated immigrants living in Finland. Niina has a Master\u2019s Degree in Education and is a qualified Guidance Counsellor and Psychology (as a second subject) Teacher. She has worked nearly two decades within the career and guidance counselling field mainly in Higher Education Institutions. She loves continuous learning and spends rest of her free time enjoying life: relaxing, dreaming and whatever interesting comes her way.\t\t\t<\/span>\n\t\t\t\t\t\t\t<a class=\"button transparent email\" href=\"mailto: Niina.Tapanainen@metropolia.fi\" aria-label=\"L\u00e4het\u00e4 s\u00e4hk\u00f6postia osoitteeseen Niina.Tapanainen@metropolia.fi\">Ota yhteytt\u00e4<\/a>\n\t\t\t\t\t<\/div>\n\n\t\n<\/section>\n\n\n<section  class=\"user-block\">\n\n\t\n\t\t<div class=\"user\">\n\t\t\t<div class=\"image\">\n\t\t\t\t\t\t\t\t\t<img decoding=\"async\" src=\"https:\/\/blogit.metropolia.fi\/variousvariables\/wp-content\/uploads\/2024\/09\/vierailija-profiili-2.jpg\" alt=\"\"\/>\n\t\t\t\t\t\t\t<\/div>\n\t\t\t<a class=\"author-link\" href=\"https:\/\/blogit.metropolia.fi\/variousvariables\/author\/vierailija\/\">\n\t\t\t\t<span class=\"name h3\">\n\t\t\t\t\tvierailija\t\t\t\t<\/span>\n\t\t\t<\/a>\n\t\t\t<span class=\"description\">\n\t\t\t\t\t\t\t<\/span>\n\t\t\t\t\t\t\t<a class=\"button transparent email\" href=\"mailto: viestinta@metropolia.fi\" aria-label=\"L\u00e4het\u00e4 s\u00e4hk\u00f6postia osoitteeseen viestinta@metropolia.fi\">Ota yhteytt\u00e4<\/a>\n\t\t\t\t\t<\/div>\n\n\t\n<\/section>\n\n<\/div>\n\n\n\n\n<button id=\"accordion-title-69d757dd931eb\" class=\"accordion-block\" aria-label=\"Avaa: Latest posts\" aria-controls=\"accordion-title-69d757dd931eb-content\" aria-expanded=\"\">\n\t<span class=\"material-symbols-outlined icon\" aria-hidden=\"true\">\n\t\tarrow_right\n\t<\/span>\n\t<span class=\"accordion-title\">\n\t\t\t\t\tLatest posts\t\t\t<\/span>\n<\/button>\n\n\n<div id=\"accordion-title-69d757dd931eb-content\" class=\"accordion-content\">\n\t\n<ul class=\"wp-block-latest-posts__list wp-block-latest-posts\"><li><a class=\"wp-block-latest-posts__post-title\" href=\"https:\/\/blogit.metropolia.fi\/variousvariables\/2024\/12\/30\/the-various-variables-blog-thanks-all-readers-and-contributors-over-the-years\/\">The Various Variables blog thanks all readers and contributors over the years!<\/a><\/li>\n<li><a class=\"wp-block-latest-posts__post-title\" href=\"https:\/\/blogit.metropolia.fi\/variousvariables\/2024\/11\/20\/metropolia-minno-course-a-gateway-to-finnish-work-culture\/\">Metropolia Minno\u00ae course: a gateway to Finnish work culture<\/a><\/li>\n<li><a class=\"wp-block-latest-posts__post-title\" href=\"https:\/\/blogit.metropolia.fi\/variousvariables\/en\/2024\/10\/17\/a-language-aware-metropolia-busts-the-myth-of-monolingualism\/\">A language-aware Metropolia busts the myth of monolingualism<\/a><\/li>\n<\/ul>\n<\/div>\n\n\n\n\n<button id=\"accordion-title-69d757dd935f7\" class=\"accordion-block\" aria-label=\"Avaa: Archive\" aria-controls=\"accordion-title-69d757dd935f7-content\" aria-expanded=\"\">\n\t<span class=\"material-symbols-outlined icon\" aria-hidden=\"true\">\n\t\tarrow_right\n\t<\/span>\n\t<span class=\"accordion-title\">\n\t\t\t\t\tArchive\t\t\t<\/span>\n<\/button>\n\n\n<div id=\"accordion-title-69d757dd935f7-content\" class=\"accordion-content\">\n\t\n<ul class=\"wp-block-archives-list wp-block-archives\">\t<li><a href='https:\/\/blogit.metropolia.fi\/variousvariables\/2024\/'>2024<\/a>&nbsp;(18)<\/li>\n\t<li><a href='https:\/\/blogit.metropolia.fi\/variousvariables\/2023\/'>2023<\/a>&nbsp;(12)<\/li>\n\t<li><a href='https:\/\/blogit.metropolia.fi\/variousvariables\/2022\/'>2022<\/a>&nbsp;(6)<\/li>\n\t<li><a href='https:\/\/blogit.metropolia.fi\/variousvariables\/2021\/'>2021<\/a>&nbsp;(8)<\/li>\n\t<li><a href='https:\/\/blogit.metropolia.fi\/variousvariables\/2020\/'>2020<\/a>&nbsp;(10)<\/li>\n\t<li><a href='https:\/\/blogit.metropolia.fi\/variousvariables\/2019\/'>2019<\/a>&nbsp;(8)<\/li>\n\t<li><a href='https:\/\/blogit.metropolia.fi\/variousvariables\/2018\/'>2018<\/a>&nbsp;(4)<\/li>\n\t<li><a href='https:\/\/blogit.metropolia.fi\/variousvariables\/2017\/'>2017<\/a>&nbsp;(12)<\/li>\n\t<li><a href='https:\/\/blogit.metropolia.fi\/variousvariables\/2016\/'>2016<\/a>&nbsp;(6)<\/li>\n<\/ul>\n<\/div>\n\n\n\n\n<button id=\"accordion-title-69d757dd9515b\" class=\"accordion-block\" aria-label=\"Avaa: Tags\" aria-controls=\"accordion-title-69d757dd9515b-content\" aria-expanded=\"\">\n\t<span class=\"material-symbols-outlined icon\" aria-hidden=\"true\">\n\t\tarrow_right\n\t<\/span>\n\t<span class=\"accordion-title\">\n\t\t\t\t\tTags\t\t\t<\/span>\n<\/button>\n\n\n<div id=\"accordion-title-69d757dd9515b-content\" class=\"accordion-content\">\n\t\n<p class=\"wp-block-tag-cloud\"><a href=\"https:\/\/blogit.metropolia.fi\/variousvariables\/tag\/belongingness\/\" class=\"tag-cloud-link tag-link-49 tag-link-position-1\" style=\"font-size: 8pt;\" aria-label=\"Belongingness (3 kohdetta)\">Belongingness<\/a>\n<a href=\"https:\/\/blogit.metropolia.fi\/variousvariables\/en\/tag\/belongingness\/\" class=\"tag-cloud-link tag-link-319 tag-link-position-2\" style=\"font-size: 8pt;\" aria-label=\"Belongingness (3 kohdetta)\">Belongingness<\/a>\n<a href=\"https:\/\/blogit.metropolia.fi\/variousvariables\/tag\/career\/\" class=\"tag-cloud-link tag-link-61 tag-link-position-3\" style=\"font-size: 10.745098039216pt;\" aria-label=\"Career (4 kohdetta)\">Career<\/a>\n<a href=\"https:\/\/blogit.metropolia.fi\/variousvariables\/en\/tag\/career\/\" class=\"tag-cloud-link tag-link-322 tag-link-position-4\" style=\"font-size: 10.745098039216pt;\" aria-label=\"Career (4 kohdetta)\">Career<\/a>\n<a href=\"https:\/\/blogit.metropolia.fi\/variousvariables\/tag\/employability\/\" class=\"tag-cloud-link tag-link-95 tag-link-position-5\" style=\"font-size: 10.745098039216pt;\" aria-label=\"employability (4 kohdetta)\">employability<\/a>\n<a href=\"https:\/\/blogit.metropolia.fi\/variousvariables\/en\/tag\/employability\/\" class=\"tag-cloud-link tag-link-325 tag-link-position-6\" style=\"font-size: 10.745098039216pt;\" aria-label=\"employability (4 kohdetta)\">employability<\/a>\n<a href=\"https:\/\/blogit.metropolia.fi\/variousvariables\/tag\/employment\/\" class=\"tag-cloud-link tag-link-53 tag-link-position-7\" style=\"font-size: 16.235294117647pt;\" aria-label=\"employment (7 kohdetta)\">employment<\/a>\n<a href=\"https:\/\/blogit.metropolia.fi\/variousvariables\/en\/tag\/employment\/\" class=\"tag-cloud-link tag-link-303 tag-link-position-8\" style=\"font-size: 14.862745098039pt;\" aria-label=\"employment (6 kohdetta)\">employment<\/a>\n<a href=\"https:\/\/blogit.metropolia.fi\/variousvariables\/tag\/entrepreneurship\/\" class=\"tag-cloud-link tag-link-151 tag-link-position-9\" style=\"font-size: 8pt;\" aria-label=\"entrepreneurship (3 kohdetta)\">entrepreneurship<\/a>\n<a href=\"https:\/\/blogit.metropolia.fi\/variousvariables\/en\/tag\/entrepreneurship\/\" class=\"tag-cloud-link tag-link-287 tag-link-position-10\" style=\"font-size: 8pt;\" aria-label=\"entrepreneurship (3 kohdetta)\">entrepreneurship<\/a>\n<a href=\"https:\/\/blogit.metropolia.fi\/variousvariables\/tag\/finnish-as-a-second-language\/\" class=\"tag-cloud-link tag-link-113 tag-link-position-11\" style=\"font-size: 8pt;\" aria-label=\"Finnish as a second language (3 kohdetta)\">Finnish as a second language<\/a>\n<a href=\"https:\/\/blogit.metropolia.fi\/variousvariables\/en\/tag\/finnish-as-a-second-language\/\" class=\"tag-cloud-link tag-link-366 tag-link-position-12\" style=\"font-size: 8pt;\" aria-label=\"Finnish as a second language (3 kohdetta)\">Finnish as a second language<\/a>\n<a href=\"https:\/\/blogit.metropolia.fi\/variousvariables\/tag\/guidance\/\" class=\"tag-cloud-link tag-link-19 tag-link-position-13\" style=\"font-size: 17.607843137255pt;\" aria-label=\"Guidance (8 kohdetta)\">Guidance<\/a>\n<a href=\"https:\/\/blogit.metropolia.fi\/variousvariables\/en\/tag\/guidance\/\" class=\"tag-cloud-link tag-link-328 tag-link-position-14\" style=\"font-size: 17.607843137255pt;\" aria-label=\"Guidance (8 kohdetta)\">Guidance<\/a>\n<a href=\"https:\/\/blogit.metropolia.fi\/variousvariables\/tag\/higher-education\/\" class=\"tag-cloud-link tag-link-27 tag-link-position-15\" style=\"font-size: 22pt;\" aria-label=\"higher education (12 kohdetta)\">higher education<\/a>\n<a href=\"https:\/\/blogit.metropolia.fi\/variousvariables\/en\/tag\/higher-education\/\" class=\"tag-cloud-link tag-link-331 tag-link-position-16\" style=\"font-size: 20.078431372549pt;\" aria-label=\"higher education (10 kohdetta)\">higher education<\/a>\n<a href=\"https:\/\/blogit.metropolia.fi\/variousvariables\/tag\/highly-educated-immigrants\/\" class=\"tag-cloud-link tag-link-89 tag-link-position-17\" style=\"font-size: 8pt;\" aria-label=\"highly educated immigrants (3 kohdetta)\">highly educated immigrants<\/a>\n<a href=\"https:\/\/blogit.metropolia.fi\/variousvariables\/tag\/immigrants\/\" class=\"tag-cloud-link tag-link-25 tag-link-position-18\" style=\"font-size: 20.078431372549pt;\" aria-label=\"Immigrants (10 kohdetta)\">Immigrants<\/a>\n<a href=\"https:\/\/blogit.metropolia.fi\/variousvariables\/en\/tag\/immigrants\/\" class=\"tag-cloud-link tag-link-334 tag-link-position-19\" style=\"font-size: 18.980392156863pt;\" aria-label=\"Immigrants (9 kohdetta)\">Immigrants<\/a>\n<a href=\"https:\/\/blogit.metropolia.fi\/variousvariables\/tag\/inclusion\/\" class=\"tag-cloud-link tag-link-65 tag-link-position-20\" style=\"font-size: 8pt;\" aria-label=\"Inclusion (3 kohdetta)\">Inclusion<\/a>\n<a href=\"https:\/\/blogit.metropolia.fi\/variousvariables\/en\/tag\/inclusion\/\" class=\"tag-cloud-link tag-link-337 tag-link-position-21\" style=\"font-size: 8pt;\" aria-label=\"Inclusion (3 kohdetta)\">Inclusion<\/a>\n<a href=\"https:\/\/blogit.metropolia.fi\/variousvariables\/tag\/integration\/\" class=\"tag-cloud-link tag-link-21 tag-link-position-22\" style=\"font-size: 18.980392156863pt;\" aria-label=\"Integration (9 kohdetta)\">Integration<\/a>\n<a href=\"https:\/\/blogit.metropolia.fi\/variousvariables\/en\/tag\/integration\/\" class=\"tag-cloud-link tag-link-553 tag-link-position-23\" style=\"font-size: 18.980392156863pt;\" aria-label=\"Integration (9 kohdetta)\">Integration<\/a>\n<a href=\"https:\/\/blogit.metropolia.fi\/variousvariables\/tag\/international-student\/\" class=\"tag-cloud-link tag-link-97 tag-link-position-24\" style=\"font-size: 14.862745098039pt;\" aria-label=\"international student (6 kohdetta)\">international student<\/a>\n<a href=\"https:\/\/blogit.metropolia.fi\/variousvariables\/en\/tag\/international-student\/\" class=\"tag-cloud-link tag-link-369 tag-link-position-25\" style=\"font-size: 12.941176470588pt;\" aria-label=\"international student (5 kohdetta)\">international student<\/a>\n<a href=\"https:\/\/blogit.metropolia.fi\/variousvariables\/tag\/international-talent\/\" class=\"tag-cloud-link tag-link-109 tag-link-position-26\" style=\"font-size: 17.607843137255pt;\" aria-label=\"international talent (8 kohdetta)\">international talent<\/a>\n<a href=\"https:\/\/blogit.metropolia.fi\/variousvariables\/en\/tag\/international-talent\/\" class=\"tag-cloud-link tag-link-372 tag-link-position-27\" style=\"font-size: 16.235294117647pt;\" aria-label=\"international talent (7 kohdetta)\">international talent<\/a>\n<a href=\"https:\/\/blogit.metropolia.fi\/variousvariables\/tag\/job-search\/\" class=\"tag-cloud-link tag-link-139 tag-link-position-28\" style=\"font-size: 12.941176470588pt;\" aria-label=\"job search (5 kohdetta)\">job search<\/a>\n<a href=\"https:\/\/blogit.metropolia.fi\/variousvariables\/en\/tag\/job-search\/\" class=\"tag-cloud-link tag-link-274 tag-link-position-29\" style=\"font-size: 12.941176470588pt;\" aria-label=\"job search (5 kohdetta)\">job search<\/a>\n<a href=\"https:\/\/blogit.metropolia.fi\/variousvariables\/tag\/language-learning\/\" class=\"tag-cloud-link tag-link-115 tag-link-position-30\" style=\"font-size: 8pt;\" aria-label=\"language learning (3 kohdetta)\">language learning<\/a>\n<a href=\"https:\/\/blogit.metropolia.fi\/variousvariables\/en\/tag\/language-learning\/\" class=\"tag-cloud-link tag-link-375 tag-link-position-31\" style=\"font-size: 8pt;\" aria-label=\"language learning (3 kohdetta)\">language learning<\/a>\n<a href=\"https:\/\/blogit.metropolia.fi\/variousvariables\/tag\/networking\/\" class=\"tag-cloud-link tag-link-103 tag-link-position-32\" style=\"font-size: 8pt;\" aria-label=\"Networking (3 kohdetta)\">Networking<\/a>\n<a href=\"https:\/\/blogit.metropolia.fi\/variousvariables\/en\/tag\/networking\/\" class=\"tag-cloud-link tag-link-312 tag-link-position-33\" style=\"font-size: 8pt;\" aria-label=\"Networking (3 kohdetta)\">Networking<\/a>\n<a href=\"https:\/\/blogit.metropolia.fi\/variousvariables\/tag\/simhe\/\" class=\"tag-cloud-link tag-link-47 tag-link-position-34\" style=\"font-size: 16.235294117647pt;\" aria-label=\"SIMHE (7 kohdetta)\">SIMHE<\/a>\n<a href=\"https:\/\/blogit.metropolia.fi\/variousvariables\/en\/tag\/simhe\/\" class=\"tag-cloud-link tag-link-340 tag-link-position-35\" style=\"font-size: 16.235294117647pt;\" aria-label=\"SIMHE (7 kohdetta)\">SIMHE<\/a>\n<a href=\"https:\/\/blogit.metropolia.fi\/variousvariables\/tag\/simhe-metropolia\/\" class=\"tag-cloud-link tag-link-75 tag-link-position-36\" style=\"font-size: 17.607843137255pt;\" aria-label=\"SIMHE-Metropolia (8 kohdetta)\">SIMHE-Metropolia<\/a>\n<a href=\"https:\/\/blogit.metropolia.fi\/variousvariables\/en\/tag\/simhe-metropolia\/\" class=\"tag-cloud-link tag-link-517 tag-link-position-37\" style=\"font-size: 17.607843137255pt;\" aria-label=\"SIMHE-Metropolia (8 kohdetta)\">SIMHE-Metropolia<\/a>\n<a href=\"https:\/\/blogit.metropolia.fi\/variousvariables\/tag\/skills\/\" class=\"tag-cloud-link tag-link-67 tag-link-position-38\" style=\"font-size: 16.235294117647pt;\" aria-label=\"Skills (7 kohdetta)\">Skills<\/a>\n<a href=\"https:\/\/blogit.metropolia.fi\/variousvariables\/en\/tag\/skills\/\" class=\"tag-cloud-link tag-link-343 tag-link-position-39\" style=\"font-size: 14.862745098039pt;\" aria-label=\"Skills (6 kohdetta)\">Skills<\/a>\n<a href=\"https:\/\/blogit.metropolia.fi\/variousvariables\/tag\/society\/\" class=\"tag-cloud-link tag-link-69 tag-link-position-40\" style=\"font-size: 8pt;\" aria-label=\"Society (3 kohdetta)\">Society<\/a>\n<a href=\"https:\/\/blogit.metropolia.fi\/variousvariables\/en\/tag\/society\/\" class=\"tag-cloud-link tag-link-346 tag-link-position-41\" style=\"font-size: 8pt;\" aria-label=\"Society (3 kohdetta)\">Society<\/a>\n<a href=\"https:\/\/blogit.metropolia.fi\/variousvariables\/tag\/studying-in-finland\/\" class=\"tag-cloud-link tag-link-79 tag-link-position-42\" style=\"font-size: 8pt;\" aria-label=\"Studying in Finland (3 kohdetta)\">Studying in Finland<\/a>\n<a href=\"https:\/\/blogit.metropolia.fi\/variousvariables\/en\/tag\/studying-in-finland\/\" class=\"tag-cloud-link tag-link-392 tag-link-position-43\" style=\"font-size: 8pt;\" aria-label=\"Studying in Finland (3 kohdetta)\">Studying in Finland<\/a>\n<a href=\"https:\/\/blogit.metropolia.fi\/variousvariables\/tag\/talent-boost\/\" class=\"tag-cloud-link tag-link-99 tag-link-position-44\" style=\"font-size: 12.941176470588pt;\" aria-label=\"talent boost (5 kohdetta)\">talent boost<\/a>\n<a href=\"https:\/\/blogit.metropolia.fi\/variousvariables\/en\/tag\/talent-boost\/\" class=\"tag-cloud-link tag-link-450 tag-link-position-45\" style=\"font-size: 12.941176470588pt;\" aria-label=\"talent boost (5 kohdetta)\">talent boost<\/a><\/p>\n<\/div>\n\n\n","protected":false},"excerpt":{"rendered":"","protected":false},"author":3,"featured_media":0,"parent":0,"menu_order":0,"comment_status":"closed","ping_status":"closed","template":"blog-homepage.php","meta":{"_acf_changed":false,"_exactmetrics_skip_tracking":false,"_exactmetrics_sitenote_active":false,"_exactmetrics_sitenote_note":"","_exactmetrics_sitenote_category":0,"footnotes":""},"class_list":["post-3","page","type-page","status-publish","hentry"],"acf":[],"yoast_head":"<!-- This site is optimized with the Yoast SEO plugin v27.3 - https:\/\/yoast.com\/product\/yoast-seo-wordpress\/ -->\n<title>Various Variables - Metropolian blogit<\/title>\n<meta name=\"description\" content=\"Blogi antaa englanniksi vinkkej\u00e4, jotka auttavat korkeakoulutaustaisia kansainv\u00e4lisi\u00e4 osaajia l\u00f6yt\u00e4m\u00e4\u00e4n opiskelu- ja urapolkunsa Suomessa.\" \/>\n<meta name=\"robots\" content=\"index, follow, max-snippet:-1, max-image-preview:large, max-video-preview:-1\" \/>\n<link rel=\"canonical\" href=\"https:\/\/blogit.metropolia.fi\/variousvariables\/\" \/>\n<meta property=\"og:locale\" content=\"fi_FI\" \/>\n<meta property=\"og:type\" content=\"article\" \/>\n<meta property=\"og:title\" content=\"Various Variables - Metropolian blogit\" \/>\n<meta property=\"og:description\" content=\"Blogi antaa englanniksi vinkkej\u00e4, jotka auttavat korkeakoulutaustaisia kansainv\u00e4lisi\u00e4 osaajia l\u00f6yt\u00e4m\u00e4\u00e4n opiskelu- ja urapolkunsa Suomessa.\" \/>\n<meta property=\"og:url\" content=\"https:\/\/blogit.metropolia.fi\/variousvariables\/\" \/>\n<meta property=\"og:site_name\" content=\"Various Variables\" \/>\n<meta property=\"article:modified_time\" content=\"2024-10-03T07:55:17+00:00\" \/>\n<meta name=\"twitter:card\" content=\"summary_large_image\" \/>\n<meta name=\"twitter:label1\" content=\"Arvioitu lukuaika\" \/>\n\t<meta name=\"twitter:data1\" content=\"1 minuutti\" \/>\n<script type=\"application\/ld+json\" class=\"yoast-schema-graph\">{\"@context\":\"https:\\\/\\\/schema.org\",\"@graph\":[{\"@type\":\"WebPage\",\"@id\":\"https:\\\/\\\/blogit.metropolia.fi\\\/variousvariables\\\/\",\"url\":\"https:\\\/\\\/blogit.metropolia.fi\\\/variousvariables\\\/\",\"name\":\"Various Variables - Metropolian blogit\",\"isPartOf\":{\"@id\":\"https:\\\/\\\/blogit.metropolia.fi\\\/variousvariables\\\/#website\"},\"datePublished\":\"2024-09-17T05:52:26+00:00\",\"dateModified\":\"2024-10-03T07:55:17+00:00\",\"description\":\"Blogi antaa englanniksi vinkkej\u00e4, jotka auttavat korkeakoulutaustaisia kansainv\u00e4lisi\u00e4 osaajia l\u00f6yt\u00e4m\u00e4\u00e4n opiskelu- ja urapolkunsa Suomessa.\",\"breadcrumb\":{\"@id\":\"https:\\\/\\\/blogit.metropolia.fi\\\/variousvariables\\\/#breadcrumb\"},\"inLanguage\":\"fi\",\"potentialAction\":[{\"@type\":\"ReadAction\",\"target\":[\"https:\\\/\\\/blogit.metropolia.fi\\\/variousvariables\\\/\"]}]},{\"@type\":\"BreadcrumbList\",\"@id\":\"https:\\\/\\\/blogit.metropolia.fi\\\/variousvariables\\\/#breadcrumb\",\"itemListElement\":[{\"@type\":\"ListItem\",\"position\":1,\"name\":\"Etusivu\",\"item\":\"https:\\\/\\\/blogit.metropolia.fi\\\/variousvariables\\\/\"},{\"@type\":\"ListItem\",\"position\":2,\"name\":\"Etusivu\"}]},{\"@type\":\"WebSite\",\"@id\":\"https:\\\/\\\/blogit.metropolia.fi\\\/variousvariables\\\/#website\",\"url\":\"https:\\\/\\\/blogit.metropolia.fi\\\/variousvariables\\\/\",\"name\":\"Various Variables\",\"description\":\"Aiming at recognising competences and guiding educated immigrants\",\"potentialAction\":[{\"@type\":\"SearchAction\",\"target\":{\"@type\":\"EntryPoint\",\"urlTemplate\":\"https:\\\/\\\/blogit.metropolia.fi\\\/variousvariables\\\/?s={search_term_string}\"},\"query-input\":{\"@type\":\"PropertyValueSpecification\",\"valueRequired\":true,\"valueName\":\"search_term_string\"}}],\"inLanguage\":\"fi\"}]}<\/script>\n<!-- \/ Yoast SEO plugin. -->","yoast_head_json":{"title":"Various Variables - Metropolian blogit","description":"Blogi antaa englanniksi vinkkej\u00e4, jotka auttavat korkeakoulutaustaisia kansainv\u00e4lisi\u00e4 osaajia l\u00f6yt\u00e4m\u00e4\u00e4n opiskelu- ja urapolkunsa Suomessa.","robots":{"index":"index","follow":"follow","max-snippet":"max-snippet:-1","max-image-preview":"max-image-preview:large","max-video-preview":"max-video-preview:-1"},"canonical":"https:\/\/blogit.metropolia.fi\/variousvariables\/","og_locale":"fi_FI","og_type":"article","og_title":"Various Variables - Metropolian blogit","og_description":"Blogi antaa englanniksi vinkkej\u00e4, jotka auttavat korkeakoulutaustaisia kansainv\u00e4lisi\u00e4 osaajia l\u00f6yt\u00e4m\u00e4\u00e4n opiskelu- ja urapolkunsa Suomessa.","og_url":"https:\/\/blogit.metropolia.fi\/variousvariables\/","og_site_name":"Various Variables","article_modified_time":"2024-10-03T07:55:17+00:00","twitter_card":"summary_large_image","twitter_misc":{"Arvioitu lukuaika":"1 minuutti"},"schema":{"@context":"https:\/\/schema.org","@graph":[{"@type":"WebPage","@id":"https:\/\/blogit.metropolia.fi\/variousvariables\/","url":"https:\/\/blogit.metropolia.fi\/variousvariables\/","name":"Various Variables - Metropolian blogit","isPartOf":{"@id":"https:\/\/blogit.metropolia.fi\/variousvariables\/#website"},"datePublished":"2024-09-17T05:52:26+00:00","dateModified":"2024-10-03T07:55:17+00:00","description":"Blogi antaa englanniksi vinkkej\u00e4, jotka auttavat korkeakoulutaustaisia kansainv\u00e4lisi\u00e4 osaajia l\u00f6yt\u00e4m\u00e4\u00e4n opiskelu- ja urapolkunsa Suomessa.","breadcrumb":{"@id":"https:\/\/blogit.metropolia.fi\/variousvariables\/#breadcrumb"},"inLanguage":"fi","potentialAction":[{"@type":"ReadAction","target":["https:\/\/blogit.metropolia.fi\/variousvariables\/"]}]},{"@type":"BreadcrumbList","@id":"https:\/\/blogit.metropolia.fi\/variousvariables\/#breadcrumb","itemListElement":[{"@type":"ListItem","position":1,"name":"Etusivu","item":"https:\/\/blogit.metropolia.fi\/variousvariables\/"},{"@type":"ListItem","position":2,"name":"Etusivu"}]},{"@type":"WebSite","@id":"https:\/\/blogit.metropolia.fi\/variousvariables\/#website","url":"https:\/\/blogit.metropolia.fi\/variousvariables\/","name":"Various Variables","description":"Aiming at recognising competences and guiding educated immigrants","potentialAction":[{"@type":"SearchAction","target":{"@type":"EntryPoint","urlTemplate":"https:\/\/blogit.metropolia.fi\/variousvariables\/?s={search_term_string}"},"query-input":{"@type":"PropertyValueSpecification","valueRequired":true,"valueName":"search_term_string"}}],"inLanguage":"fi"}]}},"lang":"fi","translations":{"fi":3,"en":159},"pll_sync_post":[],"_links":{"self":[{"href":"https:\/\/blogit.metropolia.fi\/variousvariables\/wp-json\/wp\/v2\/pages\/3","targetHints":{"allow":["GET"]}}],"collection":[{"href":"https:\/\/blogit.metropolia.fi\/variousvariables\/wp-json\/wp\/v2\/pages"}],"about":[{"href":"https:\/\/blogit.metropolia.fi\/variousvariables\/wp-json\/wp\/v2\/types\/page"}],"author":[{"embeddable":true,"href":"https:\/\/blogit.metropolia.fi\/variousvariables\/wp-json\/wp\/v2\/users\/3"}],"replies":[{"embeddable":true,"href":"https:\/\/blogit.metropolia.fi\/variousvariables\/wp-json\/wp\/v2\/comments?post=3"}],"version-history":[{"count":4,"href":"https:\/\/blogit.metropolia.fi\/variousvariables\/wp-json\/wp\/v2\/pages\/3\/revisions"}],"predecessor-version":[{"id":278,"href":"https:\/\/blogit.metropolia.fi\/variousvariables\/wp-json\/wp\/v2\/pages\/3\/revisions\/278"}],"wp:attachment":[{"href":"https:\/\/blogit.metropolia.fi\/variousvariables\/wp-json\/wp\/v2\/media?parent=3"}],"curies":[{"name":"wp","href":"https:\/\/api.w.org\/{rel}","templated":true}]}}