{"id":3,"date":"2024-09-17T09:31:08","date_gmt":"2024-09-17T06:31:08","guid":{"rendered":"https:\/\/blogit.metropolia.fi\/tulevaisuudentuottajat\/etusivu\/"},"modified":"2024-10-03T11:13:49","modified_gmt":"2024-10-03T08:13:49","slug":"etusivu","status":"publish","type":"page","link":"https:\/\/blogit.metropolia.fi\/tulevaisuudentuottajat\/","title":{"rendered":"Etusivu"},"content":{"rendered":"<button id=\"accordion-title-69dec0ce705be\" class=\"accordion-block\" aria-label=\"Avaa: Bloggaajat\" aria-controls=\"accordion-title-69dec0ce705be-content\" aria-expanded=\"\">\n\t<span class=\"material-symbols-outlined icon\" aria-hidden=\"true\">\n\t\tarrow_right\n\t<\/span>\n\t<span class=\"accordion-title\">\n\t\t\t\t\tBloggaajat\t\t\t<\/span>\n<\/button>\n\n\n<div id=\"accordion-title-69dec0ce705be-content\" class=\"accordion-content\">\n\t\n<section  class=\"user-block\">\n\n\t\n\t\t<div class=\"user\">\n\t\t\t<div class=\"image\">\n\t\t\t\t\t\t\t\t\t<img decoding=\"async\" src=\"https:\/\/blogit.metropolia.fi\/tulevaisuudentuottajat\/wp-content\/uploads\/2024\/09\/suunnittelu.png\" alt=\"\"\/>\n\t\t\t\t\t\t\t<\/div>\n\t\t\t<a class=\"author-link\" href=\"https:\/\/blogit.metropolia.fi\/tulevaisuudentuottajat\/author\/kulttuurituottajat\/\">\n\t\t\t\t<span class=\"name h3\">\n\t\t\t\t\tKulttuurituotannon bloggaajat\t\t\t\t<\/span>\n\t\t\t<\/a>\n\t\t\t<span class=\"description\">\n\t\t\t\tBloggaajat ovat Metropolian kulttuurituotannon opiskelijoita. Blogeissa kurkistetaan kulissien taakse, esitell\u00e4\u00e4n tuotantoja ja ajankohtaisia kulttuuritapahtumia. Opiskelijat kertovat kulttuurituotannon opiskelusta Metropoliassa ja siit\u00e4 mit\u00e4 tuotannoissa sek\u00e4 projekteissa tapahtuu.\t\t\t<\/span>\n\t\t\t\t\t\t\t<a class=\"button transparent email\" href=\"mailto: kulttuurituotanto@metropolia.fi\" aria-label=\"L\u00e4het\u00e4 s\u00e4hk\u00f6postia osoitteeseen kulttuurituotanto@metropolia.fi\">Ota yhteytt\u00e4<\/a>\n\t\t\t\t\t<\/div>\n\n\t\n<\/section>\n\n<\/div>\n\n\n\n\n<button id=\"accordion-title-69dec0ce726aa\" class=\"accordion-block\" aria-label=\"Avaa: Uusimmat postaukset\" aria-controls=\"accordion-title-69dec0ce726aa-content\" aria-expanded=\"\">\n\t<span class=\"material-symbols-outlined icon\" aria-hidden=\"true\">\n\t\tarrow_right\n\t<\/span>\n\t<span class=\"accordion-title\">\n\t\t\t\t\tUusimmat postaukset\t\t\t<\/span>\n<\/button>\n\n\n<div id=\"accordion-title-69dec0ce726aa-content\" class=\"accordion-content\">\n\t\n<ul class=\"wp-block-latest-posts__list wp-block-latest-posts\"><li><a class=\"wp-block-latest-posts__post-title\" href=\"https:\/\/blogit.metropolia.fi\/tulevaisuudentuottajat\/2026\/04\/14\/kun-saavutettavuuskartoituksesta-kasvoi-kokonainen-opas\/\">Kun saavutettavuuskartoituksesta kasvoi kokonainen opas<\/a><\/li>\n<li><a class=\"wp-block-latest-posts__post-title\" href=\"https:\/\/blogit.metropolia.fi\/tulevaisuudentuottajat\/2026\/04\/02\/vapaaehtoisten-johtaminen-provinssissa\/\">Vapaaehtoisten johtaminen Provinssissa<\/a><\/li>\n<li><a class=\"wp-block-latest-posts__post-title\" href=\"https:\/\/blogit.metropolia.fi\/tulevaisuudentuottajat\/2026\/03\/31\/sydan-mukana-pelissa-overclock\/\">Syd\u00e4n mukana peliss\u00e4 &#8211; Overclock<\/a><\/li>\n<\/ul>\n<\/div>\n\n\n\n\n<button id=\"accordion-title-69dec0ce72c07\" class=\"accordion-block\" aria-label=\"Avaa: Arkistot\" aria-controls=\"accordion-title-69dec0ce72c07-content\" aria-expanded=\"\">\n\t<span class=\"material-symbols-outlined icon\" aria-hidden=\"true\">\n\t\tarrow_right\n\t<\/span>\n\t<span class=\"accordion-title\">\n\t\t\t\t\tArkistot\t\t\t<\/span>\n<\/button>\n\n\n<div id=\"accordion-title-69dec0ce72c07-content\" class=\"accordion-content\">\n\t\n<ul class=\"wp-block-archives-list wp-block-archives\">\t<li><a href='https:\/\/blogit.metropolia.fi\/tulevaisuudentuottajat\/2026\/'>2026<\/a>&nbsp;(10)<\/li>\n\t<li><a href='https:\/\/blogit.metropolia.fi\/tulevaisuudentuottajat\/2025\/'>2025<\/a>&nbsp;(33)<\/li>\n\t<li><a href='https:\/\/blogit.metropolia.fi\/tulevaisuudentuottajat\/2024\/'>2024<\/a>&nbsp;(35)<\/li>\n\t<li><a href='https:\/\/blogit.metropolia.fi\/tulevaisuudentuottajat\/2023\/'>2023<\/a>&nbsp;(41)<\/li>\n\t<li><a href='https:\/\/blogit.metropolia.fi\/tulevaisuudentuottajat\/2022\/'>2022<\/a>&nbsp;(25)<\/li>\n\t<li><a href='https:\/\/blogit.metropolia.fi\/tulevaisuudentuottajat\/2021\/'>2021<\/a>&nbsp;(38)<\/li>\n\t<li><a href='https:\/\/blogit.metropolia.fi\/tulevaisuudentuottajat\/2020\/'>2020<\/a>&nbsp;(31)<\/li>\n\t<li><a href='https:\/\/blogit.metropolia.fi\/tulevaisuudentuottajat\/2019\/'>2019<\/a>&nbsp;(57)<\/li>\n\t<li><a href='https:\/\/blogit.metropolia.fi\/tulevaisuudentuottajat\/2018\/'>2018<\/a>&nbsp;(39)<\/li>\n<\/ul>\n<\/div>\n\n\n\n\n<button id=\"accordion-title-69dec0ce749bf\" class=\"accordion-block\" aria-label=\"Avaa: Avainsanat\" aria-controls=\"accordion-title-69dec0ce749bf-content\" aria-expanded=\"\">\n\t<span class=\"material-symbols-outlined icon\" aria-hidden=\"true\">\n\t\tarrow_right\n\t<\/span>\n\t<span class=\"accordion-title\">\n\t\t\t\t\tAvainsanat\t\t\t<\/span>\n<\/button>\n\n\n<div id=\"accordion-title-69dec0ce749bf-content\" class=\"accordion-content\">\n\t\n<p class=\"wp-block-tag-cloud\"><a href=\"https:\/\/blogit.metropolia.fi\/tulevaisuudentuottajat\/tag\/arabian-katufestivaali\/\" class=\"tag-cloud-link tag-link-59 tag-link-position-1\" style=\"font-size: 10.095238095238pt;\" aria-label=\"Arabian katufestivaali (9 kohdetta)\">Arabian katufestivaali<\/a>\n<a href=\"https:\/\/blogit.metropolia.fi\/tulevaisuudentuottajat\/tag\/artistituotanto\/\" class=\"tag-cloud-link tag-link-449 tag-link-position-2\" style=\"font-size: 9.1428571428571pt;\" aria-label=\"artistituotanto (7 kohdetta)\">artistituotanto<\/a>\n<a href=\"https:\/\/blogit.metropolia.fi\/tulevaisuudentuottajat\/tag\/cultural-management\/\" class=\"tag-cloud-link tag-link-227 tag-link-position-3\" style=\"font-size: 10.47619047619pt;\" aria-label=\"cultural management (10 kohdetta)\">cultural management<\/a>\n<a href=\"https:\/\/blogit.metropolia.fi\/tulevaisuudentuottajat\/tag\/festivaali\/\" class=\"tag-cloud-link tag-link-861 tag-link-position-4\" style=\"font-size: 10.47619047619pt;\" aria-label=\"festivaali (10 kohdetta)\">festivaali<\/a>\n<a href=\"https:\/\/blogit.metropolia.fi\/tulevaisuudentuottajat\/tag\/festivaalituotanto\/\" class=\"tag-cloud-link tag-link-299 tag-link-position-5\" style=\"font-size: 11.142857142857pt;\" aria-label=\"festivaalituotanto (12 kohdetta)\">festivaalituotanto<\/a>\n<a href=\"https:\/\/blogit.metropolia.fi\/tulevaisuudentuottajat\/tag\/hanke\/\" class=\"tag-cloud-link tag-link-285 tag-link-position-6\" style=\"font-size: 8.6666666666667pt;\" aria-label=\"hanke (6 kohdetta)\">hanke<\/a>\n<a href=\"https:\/\/blogit.metropolia.fi\/tulevaisuudentuottajat\/tag\/itsensa-johtaminen\/\" class=\"tag-cloud-link tag-link-489 tag-link-position-7\" style=\"font-size: 14.47619047619pt;\" aria-label=\"itsens\u00e4 johtaminen (28 kohdetta)\">itsens\u00e4 johtaminen<\/a>\n<a href=\"https:\/\/blogit.metropolia.fi\/tulevaisuudentuottajat\/tag\/itsenainen-projekti\/\" class=\"tag-cloud-link tag-link-109 tag-link-position-8\" style=\"font-size: 16.190476190476pt;\" aria-label=\"itsen\u00e4inen projekti (43 kohdetta)\">itsen\u00e4inen projekti<\/a>\n<a href=\"https:\/\/blogit.metropolia.fi\/tulevaisuudentuottajat\/tag\/johtaminen\/\" class=\"tag-cloud-link tag-link-281 tag-link-position-9\" style=\"font-size: 9.6190476190476pt;\" aria-label=\"johtaminen (8 kohdetta)\">johtaminen<\/a>\n<a href=\"https:\/\/blogit.metropolia.fi\/tulevaisuudentuottajat\/tag\/kansainvalisyys\/\" class=\"tag-cloud-link tag-link-619 tag-link-position-10\" style=\"font-size: 9.1428571428571pt;\" aria-label=\"kansainv\u00e4lisyys (7 kohdetta)\">kansainv\u00e4lisyys<\/a>\n<a href=\"https:\/\/blogit.metropolia.fi\/tulevaisuudentuottajat\/tag\/kansallismuseo\/\" class=\"tag-cloud-link tag-link-29 tag-link-position-11\" style=\"font-size: 9.6190476190476pt;\" aria-label=\"Kansallismuseo (8 kohdetta)\">Kansallismuseo<\/a>\n<a href=\"https:\/\/blogit.metropolia.fi\/tulevaisuudentuottajat\/tag\/kulttuurialan-projektityo\/\" class=\"tag-cloud-link tag-link-149 tag-link-position-12\" style=\"font-size: 13.333333333333pt;\" aria-label=\"Kulttuurialan projektity\u00f6 (21 kohdetta)\">Kulttuurialan projektity\u00f6<\/a>\n<a href=\"https:\/\/blogit.metropolia.fi\/tulevaisuudentuottajat\/tag\/kulttuurintuotanto\/\" class=\"tag-cloud-link tag-link-31 tag-link-position-13\" style=\"font-size: 11.809523809524pt;\" aria-label=\"kulttuurintuotanto (14 kohdetta)\">kulttuurintuotanto<\/a>\n<a href=\"https:\/\/blogit.metropolia.fi\/tulevaisuudentuottajat\/tag\/kulttuurituotanto\/\" class=\"tag-cloud-link tag-link-93 tag-link-position-14\" style=\"font-size: 18.380952380952pt;\" aria-label=\"kulttuurituotanto (73 kohdetta)\">kulttuurituotanto<\/a>\n<a href=\"https:\/\/blogit.metropolia.fi\/tulevaisuudentuottajat\/tag\/kulttuurituottaja\/\" class=\"tag-cloud-link tag-link-115 tag-link-position-15\" style=\"font-size: 16.47619047619pt;\" aria-label=\"Kulttuurituottaja (46 kohdetta)\">Kulttuurituottaja<\/a>\n<a href=\"https:\/\/blogit.metropolia.fi\/tulevaisuudentuottajat\/tag\/kulttuurituottaja-2016\/\" class=\"tag-cloud-link tag-link-475 tag-link-position-16\" style=\"font-size: 10.095238095238pt;\" aria-label=\"Kulttuurituottaja 2016 (9 kohdetta)\">Kulttuurituottaja 2016<\/a>\n<a href=\"https:\/\/blogit.metropolia.fi\/tulevaisuudentuottajat\/tag\/kulttuurituottaja-2017\/\" class=\"tag-cloud-link tag-link-517 tag-link-position-17\" style=\"font-size: 9.6190476190476pt;\" aria-label=\"kulttuurituottaja 2017 (8 kohdetta)\">kulttuurituottaja 2017<\/a>\n<a href=\"https:\/\/blogit.metropolia.fi\/tulevaisuudentuottajat\/tag\/kulttuurituottaja-2019\/\" class=\"tag-cloud-link tag-link-771 tag-link-position-18\" style=\"font-size: 10.095238095238pt;\" aria-label=\"kulttuurituottaja 2019 (9 kohdetta)\">kulttuurituottaja 2019<\/a>\n<a href=\"https:\/\/blogit.metropolia.fi\/tulevaisuudentuottajat\/tag\/kulttuurituottaja-2020\/\" class=\"tag-cloud-link tag-link-755 tag-link-position-19\" style=\"font-size: 10.857142857143pt;\" aria-label=\"kulttuurituottaja 2020 (11 kohdetta)\">kulttuurituottaja 2020<\/a>\n<a href=\"https:\/\/blogit.metropolia.fi\/tulevaisuudentuottajat\/tag\/kulttuurituottajat\/\" class=\"tag-cloud-link tag-link-83 tag-link-position-20\" style=\"font-size: 10.857142857143pt;\" aria-label=\"kulttuurituottajat (11 kohdetta)\">kulttuurituottajat<\/a>\n<a href=\"https:\/\/blogit.metropolia.fi\/tulevaisuudentuottajat\/tag\/kulttuurituottaja-yamk\/\" class=\"tag-cloud-link tag-link-617 tag-link-position-21\" style=\"font-size: 14.380952380952pt;\" aria-label=\"kulttuurituottaja YAMK (27 kohdetta)\">kulttuurituottaja YAMK<\/a>\n<a href=\"https:\/\/blogit.metropolia.fi\/tulevaisuudentuottajat\/tag\/kutu15\/\" class=\"tag-cloud-link tag-link-199 tag-link-position-22\" style=\"font-size: 9.1428571428571pt;\" aria-label=\"Kutu15 (7 kohdetta)\">Kutu15<\/a>\n<a href=\"https:\/\/blogit.metropolia.fi\/tulevaisuudentuottajat\/tag\/kutu16\/\" class=\"tag-cloud-link tag-link-177 tag-link-position-23\" style=\"font-size: 12.285714285714pt;\" aria-label=\"kutu16 (16 kohdetta)\">kutu16<\/a>\n<a href=\"https:\/\/blogit.metropolia.fi\/tulevaisuudentuottajat\/tag\/kutu17\/\" class=\"tag-cloud-link tag-link-49 tag-link-position-24\" style=\"font-size: 15.238095238095pt;\" aria-label=\"Kutu17 (34 kohdetta)\">Kutu17<\/a>\n<a href=\"https:\/\/blogit.metropolia.fi\/tulevaisuudentuottajat\/tag\/kutu18\/\" class=\"tag-cloud-link tag-link-373 tag-link-position-25\" style=\"font-size: 8pt;\" aria-label=\"kutu18 (5 kohdetta)\">kutu18<\/a>\n<a href=\"https:\/\/blogit.metropolia.fi\/tulevaisuudentuottajat\/tag\/markkinointi\/\" class=\"tag-cloud-link tag-link-209 tag-link-position-26\" style=\"font-size: 11.809523809524pt;\" aria-label=\"markkinointi (14 kohdetta)\">markkinointi<\/a>\n<a href=\"https:\/\/blogit.metropolia.fi\/tulevaisuudentuottajat\/tag\/metropolia\/\" class=\"tag-cloud-link tag-link-33 tag-link-position-27\" style=\"font-size: 11.809523809524pt;\" aria-label=\"Metropolia (14 kohdetta)\">Metropolia<\/a>\n<a href=\"https:\/\/blogit.metropolia.fi\/tulevaisuudentuottajat\/tag\/metropolia-ammattikorkeakoulu\/\" class=\"tag-cloud-link tag-link-139 tag-link-position-28\" style=\"font-size: 9.1428571428571pt;\" aria-label=\"metropolia ammattikorkeakoulu (7 kohdetta)\">metropolia ammattikorkeakoulu<\/a>\n<a href=\"https:\/\/blogit.metropolia.fi\/tulevaisuudentuottajat\/tag\/nayttely-vartissa\/\" class=\"tag-cloud-link tag-link-35 tag-link-position-29\" style=\"font-size: 9.1428571428571pt;\" aria-label=\"n\u00e4yttely vartissa (7 kohdetta)\">n\u00e4yttely vartissa<\/a>\n<a href=\"https:\/\/blogit.metropolia.fi\/tulevaisuudentuottajat\/tag\/opastusvideo\/\" class=\"tag-cloud-link tag-link-37 tag-link-position-30\" style=\"font-size: 8pt;\" aria-label=\"opastusvideo (5 kohdetta)\">opastusvideo<\/a>\n<a href=\"https:\/\/blogit.metropolia.fi\/tulevaisuudentuottajat\/tag\/opiskelija\/\" class=\"tag-cloud-link tag-link-39 tag-link-position-31\" style=\"font-size: 10.095238095238pt;\" aria-label=\"opiskelija (9 kohdetta)\">opiskelija<\/a>\n<a href=\"https:\/\/blogit.metropolia.fi\/tulevaisuudentuottajat\/tag\/projekti\/\" class=\"tag-cloud-link tag-link-41 tag-link-position-32\" style=\"font-size: 8pt;\" aria-label=\"projekti (5 kohdetta)\">projekti<\/a>\n<a href=\"https:\/\/blogit.metropolia.fi\/tulevaisuudentuottajat\/tag\/projektityo\/\" class=\"tag-cloud-link tag-link-43 tag-link-position-33\" style=\"font-size: 22pt;\" aria-label=\"projektity\u00f6 (175 kohdetta)\">projektity\u00f6<\/a>\n<a href=\"https:\/\/blogit.metropolia.fi\/tulevaisuudentuottajat\/tag\/some\/\" class=\"tag-cloud-link tag-link-221 tag-link-position-34\" style=\"font-size: 8pt;\" aria-label=\"some (5 kohdetta)\">some<\/a>\n<a href=\"https:\/\/blogit.metropolia.fi\/tulevaisuudentuottajat\/tag\/sosiaalinen-media\/\" class=\"tag-cloud-link tag-link-223 tag-link-position-35\" style=\"font-size: 8.6666666666667pt;\" aria-label=\"sosiaalinen media (6 kohdetta)\">sosiaalinen media<\/a>\n<a href=\"https:\/\/blogit.metropolia.fi\/tulevaisuudentuottajat\/tag\/tanssi\/\" class=\"tag-cloud-link tag-link-211 tag-link-position-36\" style=\"font-size: 8.6666666666667pt;\" aria-label=\"tanssi (6 kohdetta)\">tanssi<\/a>\n<a href=\"https:\/\/blogit.metropolia.fi\/tulevaisuudentuottajat\/tag\/tanssitaide\/\" class=\"tag-cloud-link tag-link-105 tag-link-position-37\" style=\"font-size: 8pt;\" aria-label=\"tanssitaide (5 kohdetta)\">tanssitaide<\/a>\n<a href=\"https:\/\/blogit.metropolia.fi\/tulevaisuudentuottajat\/tag\/tapahtumatuotanto\/\" class=\"tag-cloud-link tag-link-395 tag-link-position-38\" style=\"font-size: 15.142857142857pt;\" aria-label=\"tapahtumatuotanto (33 kohdetta)\">tapahtumatuotanto<\/a>\n<a href=\"https:\/\/blogit.metropolia.fi\/tulevaisuudentuottajat\/tag\/tuottajat18\/\" class=\"tag-cloud-link tag-link-291 tag-link-position-39\" style=\"font-size: 12.285714285714pt;\" aria-label=\"Tuottajat18 (16 kohdetta)\">Tuottajat18<\/a>\n<a href=\"https:\/\/blogit.metropolia.fi\/tulevaisuudentuottajat\/tag\/tuottajat20\/\" class=\"tag-cloud-link tag-link-545 tag-link-position-40\" style=\"font-size: 8.6666666666667pt;\" aria-label=\"Tuottajat20 (6 kohdetta)\">Tuottajat20<\/a>\n<a href=\"https:\/\/blogit.metropolia.fi\/tulevaisuudentuottajat\/tag\/tv-tuotanto\/\" class=\"tag-cloud-link tag-link-491 tag-link-position-41\" style=\"font-size: 9.6190476190476pt;\" aria-label=\"tv-tuotanto (8 kohdetta)\">tv-tuotanto<\/a>\n<a href=\"https:\/\/blogit.metropolia.fi\/tulevaisuudentuottajat\/tag\/vapaaehtoisten-johtaminen\/\" class=\"tag-cloud-link tag-link-441 tag-link-position-42\" style=\"font-size: 9.6190476190476pt;\" aria-label=\"vapaaehtoisten johtaminen (8 kohdetta)\">vapaaehtoisten johtaminen<\/a>\n<a href=\"https:\/\/blogit.metropolia.fi\/tulevaisuudentuottajat\/tag\/vapaaehtoistyo\/\" class=\"tag-cloud-link tag-link-89 tag-link-position-43\" style=\"font-size: 10.47619047619pt;\" aria-label=\"vapaaehtoisty\u00f6 (10 kohdetta)\">vapaaehtoisty\u00f6<\/a>\n<a href=\"https:\/\/blogit.metropolia.fi\/tulevaisuudentuottajat\/tag\/viestinta\/\" class=\"tag-cloud-link tag-link-293 tag-link-position-44\" style=\"font-size: 9.6190476190476pt;\" aria-label=\"viestint\u00e4 (8 kohdetta)\">viestint\u00e4<\/a>\n<a href=\"https:\/\/blogit.metropolia.fi\/tulevaisuudentuottajat\/tag\/yhteishaku\/\" class=\"tag-cloud-link tag-link-229 tag-link-position-45\" style=\"font-size: 9.1428571428571pt;\" aria-label=\"yhteishaku (7 kohdetta)\">yhteishaku<\/a><\/p>\n<\/div>\n\n\n\n\n<button id=\"accordion-title-69dec0ce74aa4\" class=\"accordion-block\" aria-label=\"Avaa: Kulttuurituotanto metropolia.fi-sivustolla\" aria-controls=\"accordion-title-69dec0ce74aa4-content\" aria-expanded=\"\">\n\t<span class=\"material-symbols-outlined icon\" aria-hidden=\"true\">\n\t\tarrow_right\n\t<\/span>\n\t<span class=\"accordion-title\">\n\t\t\t\t\tKulttuurituotanto metropolia.fi-sivustolla\t\t\t<\/span>\n<\/button>\n\n\n<div id=\"accordion-title-69dec0ce74aa4-content\" class=\"accordion-content\">\n\t\n\n<p><a href=\"http:\/\/www.metropolia.fi\/haku\/koulutustarjonta-nuoret-kulttuuri\/kulttuurituotanto\/\" target=\"_blank\" rel=\"noreferrer noopener\">Lue lis\u00e4\u00e4 kulttuurituottajan (AMK) koulutuksesta<\/a><\/p>\n\n\n\n<p><a href=\"http:\/\/www.metropolia.fi\/haku\/koulutustarjonta\/yamk-tutkinnot\/kulttuuri\/kulttuurituotanto\/\" target=\"_blank\" rel=\"noreferrer noopener\">Lue lis\u00e4\u00e4 kulttuurituottajan (YAMK) koulutuksesta<\/a><\/p>\n\n<\/div>\n\n\n","protected":false},"excerpt":{"rendered":"","protected":false},"author":3,"featured_media":0,"parent":0,"menu_order":0,"comment_status":"closed","ping_status":"closed","template":"blog-homepage.php","meta":{"_acf_changed":false,"_exactmetrics_skip_tracking":false,"_exactmetrics_sitenote_active":false,"_exactmetrics_sitenote_note":"","_exactmetrics_sitenote_category":0,"footnotes":""},"class_list":["post-3","page","type-page","status-publish","hentry"],"acf":[],"yoast_head":"<!-- This site is optimized with the Yoast SEO plugin v27.3 - https:\/\/yoast.com\/product\/yoast-seo-wordpress\/ -->\n<title>Tulevaisuuden tuottajat - Metropolian blogit<\/title>\n<meta name=\"description\" content=\"Opiskelijat kertovat kulttuurituotannon opiskelusta Metropoliassa ja siit\u00e4 mit\u00e4 tuotannoissa sek\u00e4 projekteissa tapahtuu.\" \/>\n<meta name=\"robots\" content=\"index, follow, max-snippet:-1, max-image-preview:large, max-video-preview:-1\" \/>\n<link rel=\"canonical\" href=\"https:\/\/blogit.metropolia.fi\/tulevaisuudentuottajat\/\" \/>\n<meta property=\"og:locale\" content=\"fi_FI\" \/>\n<meta property=\"og:type\" content=\"article\" \/>\n<meta property=\"og:title\" content=\"Tulevaisuuden tuottajat - Metropolian blogit\" \/>\n<meta property=\"og:description\" content=\"Opiskelijat kertovat kulttuurituotannon opiskelusta Metropoliassa ja siit\u00e4 mit\u00e4 tuotannoissa sek\u00e4 projekteissa tapahtuu.\" \/>\n<meta property=\"og:url\" content=\"https:\/\/blogit.metropolia.fi\/tulevaisuudentuottajat\/\" \/>\n<meta property=\"og:site_name\" content=\"Tulevaisuuden tuottajat\" \/>\n<meta property=\"article:modified_time\" content=\"2024-10-03T08:13:49+00:00\" \/>\n<meta name=\"twitter:card\" content=\"summary_large_image\" \/>\n<meta name=\"twitter:label1\" content=\"Arvioitu lukuaika\" \/>\n\t<meta name=\"twitter:data1\" content=\"1 minuutti\" \/>\n<script type=\"application\/ld+json\" class=\"yoast-schema-graph\">{\"@context\":\"https:\\\/\\\/schema.org\",\"@graph\":[{\"@type\":\"WebPage\",\"@id\":\"https:\\\/\\\/blogit.metropolia.fi\\\/tulevaisuudentuottajat\\\/\",\"url\":\"https:\\\/\\\/blogit.metropolia.fi\\\/tulevaisuudentuottajat\\\/\",\"name\":\"Tulevaisuuden tuottajat - Metropolian blogit\",\"isPartOf\":{\"@id\":\"https:\\\/\\\/blogit.metropolia.fi\\\/tulevaisuudentuottajat\\\/#website\"},\"datePublished\":\"2024-09-17T06:31:08+00:00\",\"dateModified\":\"2024-10-03T08:13:49+00:00\",\"description\":\"Opiskelijat kertovat kulttuurituotannon opiskelusta Metropoliassa ja siit\u00e4 mit\u00e4 tuotannoissa sek\u00e4 projekteissa tapahtuu.\",\"breadcrumb\":{\"@id\":\"https:\\\/\\\/blogit.metropolia.fi\\\/tulevaisuudentuottajat\\\/#breadcrumb\"},\"inLanguage\":\"fi\",\"potentialAction\":[{\"@type\":\"ReadAction\",\"target\":[\"https:\\\/\\\/blogit.metropolia.fi\\\/tulevaisuudentuottajat\\\/\"]}]},{\"@type\":\"BreadcrumbList\",\"@id\":\"https:\\\/\\\/blogit.metropolia.fi\\\/tulevaisuudentuottajat\\\/#breadcrumb\",\"itemListElement\":[{\"@type\":\"ListItem\",\"position\":1,\"name\":\"Etusivu\",\"item\":\"https:\\\/\\\/blogit.metropolia.fi\\\/tulevaisuudentuottajat\\\/\"},{\"@type\":\"ListItem\",\"position\":2,\"name\":\"Etusivu\"}]},{\"@type\":\"WebSite\",\"@id\":\"https:\\\/\\\/blogit.metropolia.fi\\\/tulevaisuudentuottajat\\\/#website\",\"url\":\"https:\\\/\\\/blogit.metropolia.fi\\\/tulevaisuudentuottajat\\\/\",\"name\":\"Tulevaisuuden tuottajat\",\"description\":\"Kulttuurituotannon opiskelijoiden blogi\",\"potentialAction\":[{\"@type\":\"SearchAction\",\"target\":{\"@type\":\"EntryPoint\",\"urlTemplate\":\"https:\\\/\\\/blogit.metropolia.fi\\\/tulevaisuudentuottajat\\\/?s={search_term_string}\"},\"query-input\":{\"@type\":\"PropertyValueSpecification\",\"valueRequired\":true,\"valueName\":\"search_term_string\"}}],\"inLanguage\":\"fi\"}]}<\/script>\n<!-- \/ Yoast SEO plugin. -->","yoast_head_json":{"title":"Tulevaisuuden tuottajat - Metropolian blogit","description":"Opiskelijat kertovat kulttuurituotannon opiskelusta Metropoliassa ja siit\u00e4 mit\u00e4 tuotannoissa sek\u00e4 projekteissa tapahtuu.","robots":{"index":"index","follow":"follow","max-snippet":"max-snippet:-1","max-image-preview":"max-image-preview:large","max-video-preview":"max-video-preview:-1"},"canonical":"https:\/\/blogit.metropolia.fi\/tulevaisuudentuottajat\/","og_locale":"fi_FI","og_type":"article","og_title":"Tulevaisuuden tuottajat - Metropolian blogit","og_description":"Opiskelijat kertovat kulttuurituotannon opiskelusta Metropoliassa ja siit\u00e4 mit\u00e4 tuotannoissa sek\u00e4 projekteissa tapahtuu.","og_url":"https:\/\/blogit.metropolia.fi\/tulevaisuudentuottajat\/","og_site_name":"Tulevaisuuden tuottajat","article_modified_time":"2024-10-03T08:13:49+00:00","twitter_card":"summary_large_image","twitter_misc":{"Arvioitu lukuaika":"1 minuutti"},"schema":{"@context":"https:\/\/schema.org","@graph":[{"@type":"WebPage","@id":"https:\/\/blogit.metropolia.fi\/tulevaisuudentuottajat\/","url":"https:\/\/blogit.metropolia.fi\/tulevaisuudentuottajat\/","name":"Tulevaisuuden tuottajat - Metropolian blogit","isPartOf":{"@id":"https:\/\/blogit.metropolia.fi\/tulevaisuudentuottajat\/#website"},"datePublished":"2024-09-17T06:31:08+00:00","dateModified":"2024-10-03T08:13:49+00:00","description":"Opiskelijat kertovat kulttuurituotannon opiskelusta Metropoliassa ja siit\u00e4 mit\u00e4 tuotannoissa sek\u00e4 projekteissa tapahtuu.","breadcrumb":{"@id":"https:\/\/blogit.metropolia.fi\/tulevaisuudentuottajat\/#breadcrumb"},"inLanguage":"fi","potentialAction":[{"@type":"ReadAction","target":["https:\/\/blogit.metropolia.fi\/tulevaisuudentuottajat\/"]}]},{"@type":"BreadcrumbList","@id":"https:\/\/blogit.metropolia.fi\/tulevaisuudentuottajat\/#breadcrumb","itemListElement":[{"@type":"ListItem","position":1,"name":"Etusivu","item":"https:\/\/blogit.metropolia.fi\/tulevaisuudentuottajat\/"},{"@type":"ListItem","position":2,"name":"Etusivu"}]},{"@type":"WebSite","@id":"https:\/\/blogit.metropolia.fi\/tulevaisuudentuottajat\/#website","url":"https:\/\/blogit.metropolia.fi\/tulevaisuudentuottajat\/","name":"Tulevaisuuden tuottajat","description":"Kulttuurituotannon opiskelijoiden blogi","potentialAction":[{"@type":"SearchAction","target":{"@type":"EntryPoint","urlTemplate":"https:\/\/blogit.metropolia.fi\/tulevaisuudentuottajat\/?s={search_term_string}"},"query-input":{"@type":"PropertyValueSpecification","valueRequired":true,"valueName":"search_term_string"}}],"inLanguage":"fi"}]}},"lang":"fi","translations":{"fi":3},"pll_sync_post":[],"_links":{"self":[{"href":"https:\/\/blogit.metropolia.fi\/tulevaisuudentuottajat\/wp-json\/wp\/v2\/pages\/3","targetHints":{"allow":["GET"]}}],"collection":[{"href":"https:\/\/blogit.metropolia.fi\/tulevaisuudentuottajat\/wp-json\/wp\/v2\/pages"}],"about":[{"href":"https:\/\/blogit.metropolia.fi\/tulevaisuudentuottajat\/wp-json\/wp\/v2\/types\/page"}],"author":[{"embeddable":true,"href":"https:\/\/blogit.metropolia.fi\/tulevaisuudentuottajat\/wp-json\/wp\/v2\/users\/3"}],"replies":[{"embeddable":true,"href":"https:\/\/blogit.metropolia.fi\/tulevaisuudentuottajat\/wp-json\/wp\/v2\/comments?post=3"}],"version-history":[{"count":3,"href":"https:\/\/blogit.metropolia.fi\/tulevaisuudentuottajat\/wp-json\/wp\/v2\/pages\/3\/revisions"}],"predecessor-version":[{"id":1132,"href":"https:\/\/blogit.metropolia.fi\/tulevaisuudentuottajat\/wp-json\/wp\/v2\/pages\/3\/revisions\/1132"}],"wp:attachment":[{"href":"https:\/\/blogit.metropolia.fi\/tulevaisuudentuottajat\/wp-json\/wp\/v2\/media?parent=3"}],"curies":[{"name":"wp","href":"https:\/\/api.w.org\/{rel}","templated":true}]}}