{"id":3,"date":"2024-09-16T15:42:36","date_gmt":"2024-09-16T12:42:36","guid":{"rendered":"https:\/\/blogit.metropolia.fi\/tiedon-janoa\/etusivu\/"},"modified":"2025-01-14T14:27:26","modified_gmt":"2025-01-14T12:27:26","slug":"etusivu","status":"publish","type":"page","link":"https:\/\/blogit.metropolia.fi\/tiedon-janoa\/","title":{"rendered":"Etusivu"},"content":{"rendered":"<button id=\"accordion-title-69de69aa928d5\" class=\"accordion-block\" aria-label=\"Avaa: Bloggaajat\" aria-controls=\"accordion-title-69de69aa928d5-content\" aria-expanded=\"\">\n\t<span class=\"material-symbols-outlined icon\" aria-hidden=\"true\">\n\t\tarrow_right\n\t<\/span>\n\t<span class=\"accordion-title\">\n\t\t\t\t\tBloggaajat\t\t\t<\/span>\n<\/button>\n\n\n<div id=\"accordion-title-69de69aa928d5-content\" class=\"accordion-content\">\n\t\n<section  class=\"user-block\">\n\n\t\n\t\t<div class=\"user\">\n\t\t\t<div class=\"image\">\n\t\t\t\t\t\t\t\t\t<img decoding=\"async\" src=\"https:\/\/blogit.metropolia.fi\/tiedon-janoa\/wp-content\/uploads\/2024\/09\/Kirjasto-opaste.png\" alt=\"\"\/>\n\t\t\t\t\t\t\t<\/div>\n\t\t\t<a class=\"author-link\" href=\"https:\/\/blogit.metropolia.fi\/tiedon-janoa\/author\/kirjasto\/\">\n\t\t\t\t<span class=\"name h3\">\n\t\t\t\t\tKirjasto\t\t\t\t<\/span>\n\t\t\t<\/a>\n\t\t\t<span class=\"description\">\n\t\t\t\tBloggaajat ovat Metropolia Ammattikorkeakoulun kirjaston ty\u00f6ntekij\u00f6it\u00e4, harjoittelijoita tai yhteisty\u00f6kumppaneita. Aihepiirit liittyv\u00e4t kirjaston ajankohtaisiin asioihin. \r\n\r\nTervetuloa seuraamaan blogia!\r\nBlogivastaava P\u00e4ivi Karhumets\u00e4. etunimi.sukunimi(at)metropolia.fi.\t\t\t<\/span>\n\t\t\t\t\t\t\t<a class=\"button transparent email\" href=\"mailto: paivi.karhumetsa@metropolia.fi\" aria-label=\"L\u00e4het\u00e4 s\u00e4hk\u00f6postia osoitteeseen paivi.karhumetsa@metropolia.fi\">Ota yhteytt\u00e4<\/a>\n\t\t\t\t\t<\/div>\n\n\t\n<\/section>\n\n<\/div>\n\n\n\n\n<button id=\"accordion-title-69de69aa9938c\" class=\"accordion-block\" aria-label=\"Avaa: Uusimmat postaukset\" aria-controls=\"accordion-title-69de69aa9938c-content\" aria-expanded=\"\">\n\t<span class=\"material-symbols-outlined icon\" aria-hidden=\"true\">\n\t\tarrow_right\n\t<\/span>\n\t<span class=\"accordion-title\">\n\t\t\t\t\tUusimmat postaukset\t\t\t<\/span>\n<\/button>\n\n\n<div id=\"accordion-title-69de69aa9938c-content\" class=\"accordion-content\">\n\t\n<ul class=\"wp-block-latest-posts__list wp-block-latest-posts\"><li><a class=\"wp-block-latest-posts__post-title\" href=\"https:\/\/blogit.metropolia.fi\/tiedon-janoa\/2026\/04\/01\/kirjaston-vuosi-2025\/\">Kirjaston vuosi 2025<\/a><\/li>\n<li><a class=\"wp-block-latest-posts__post-title\" href=\"https:\/\/blogit.metropolia.fi\/tiedon-janoa\/2026\/03\/30\/luetuimmat-e-kirjat-2025\/\">Luetuimmat e-kirjat 2025\u00a0<\/a><\/li>\n<li><a class=\"wp-block-latest-posts__post-title\" href=\"https:\/\/blogit.metropolia.fi\/tiedon-janoa\/2026\/03\/18\/metropolian-kirjaston-tulevaisuus-herattaa-huolta\/\">Metropolian kirjaston tulevaisuus her\u00e4tt\u00e4\u00e4 huolta<\/a><\/li>\n<\/ul>\n<\/div>\n\n\n\n\n<button id=\"accordion-title-69de69aa9a2b7\" class=\"accordion-block\" aria-label=\"Avaa: Arkistot\" aria-controls=\"accordion-title-69de69aa9a2b7-content\" aria-expanded=\"\">\n\t<span class=\"material-symbols-outlined icon\" aria-hidden=\"true\">\n\t\tarrow_right\n\t<\/span>\n\t<span class=\"accordion-title\">\n\t\t\t\t\tArkistot\t\t\t<\/span>\n<\/button>\n\n\n<div id=\"accordion-title-69de69aa9a2b7-content\" class=\"accordion-content\">\n\t\n<ul class=\"wp-block-archives-list wp-block-archives\">\t<li><a href='https:\/\/blogit.metropolia.fi\/tiedon-janoa\/2026\/'>2026<\/a>&nbsp;(5)<\/li>\n\t<li><a href='https:\/\/blogit.metropolia.fi\/tiedon-janoa\/2025\/'>2025<\/a>&nbsp;(23)<\/li>\n\t<li><a href='https:\/\/blogit.metropolia.fi\/tiedon-janoa\/2024\/'>2024<\/a>&nbsp;(26)<\/li>\n\t<li><a href='https:\/\/blogit.metropolia.fi\/tiedon-janoa\/2023\/'>2023<\/a>&nbsp;(20)<\/li>\n\t<li><a href='https:\/\/blogit.metropolia.fi\/tiedon-janoa\/2022\/'>2022<\/a>&nbsp;(14)<\/li>\n\t<li><a href='https:\/\/blogit.metropolia.fi\/tiedon-janoa\/2021\/'>2021<\/a>&nbsp;(16)<\/li>\n\t<li><a href='https:\/\/blogit.metropolia.fi\/tiedon-janoa\/2020\/'>2020<\/a>&nbsp;(16)<\/li>\n\t<li><a href='https:\/\/blogit.metropolia.fi\/tiedon-janoa\/2019\/'>2019<\/a>&nbsp;(14)<\/li>\n\t<li><a href='https:\/\/blogit.metropolia.fi\/tiedon-janoa\/2018\/'>2018<\/a>&nbsp;(19)<\/li>\n\t<li><a href='https:\/\/blogit.metropolia.fi\/tiedon-janoa\/2017\/'>2017<\/a>&nbsp;(18)<\/li>\n\t<li><a href='https:\/\/blogit.metropolia.fi\/tiedon-janoa\/2016\/'>2016<\/a>&nbsp;(22)<\/li>\n\t<li><a href='https:\/\/blogit.metropolia.fi\/tiedon-janoa\/2015\/'>2015<\/a>&nbsp;(19)<\/li>\n\t<li><a href='https:\/\/blogit.metropolia.fi\/tiedon-janoa\/2014\/'>2014<\/a>&nbsp;(16)<\/li>\n\t<li><a href='https:\/\/blogit.metropolia.fi\/tiedon-janoa\/2013\/'>2013<\/a>&nbsp;(21)<\/li>\n<\/ul>\n<\/div>\n\n\n\n\n<button id=\"accordion-title-69de69aaa0cf4\" class=\"accordion-block\" aria-label=\"Avaa: Avainsanat\" aria-controls=\"accordion-title-69de69aaa0cf4-content\" aria-expanded=\"\">\n\t<span class=\"material-symbols-outlined icon\" aria-hidden=\"true\">\n\t\tarrow_right\n\t<\/span>\n\t<span class=\"accordion-title\">\n\t\t\t\t\tAvainsanat\t\t\t<\/span>\n<\/button>\n\n\n<div id=\"accordion-title-69de69aaa0cf4-content\" class=\"accordion-content\">\n\t\n<p class=\"wp-block-tag-cloud\"><a href=\"https:\/\/blogit.metropolia.fi\/tiedon-janoa\/tag\/asiakaspalvelu\/\" class=\"tag-cloud-link tag-link-63 tag-link-position-1\" style=\"font-size: 14.373983739837pt;\" aria-label=\"asiakaspalvelu (17 kohdetta)\">asiakaspalvelu<\/a>\n<a href=\"https:\/\/blogit.metropolia.fi\/tiedon-janoa\/tag\/aukiolo\/\" class=\"tag-cloud-link tag-link-187 tag-link-position-2\" style=\"font-size: 12.666666666667pt;\" aria-label=\"aukiolo (12 kohdetta)\">aukiolo<\/a>\n<a href=\"https:\/\/blogit.metropolia.fi\/tiedon-janoa\/tag\/chat\/\" class=\"tag-cloud-link tag-link-65 tag-link-position-3\" style=\"font-size: 8.9105691056911pt;\" aria-label=\"chat (5 kohdetta)\">chat<\/a>\n<a href=\"https:\/\/blogit.metropolia.fi\/tiedon-janoa\/tag\/e-aineistot\/\" class=\"tag-cloud-link tag-link-23 tag-link-position-4\" style=\"font-size: 18.357723577236pt;\" aria-label=\"e-aineistot (40 kohdetta)\">e-aineistot<\/a>\n<a href=\"https:\/\/blogit.metropolia.fi\/tiedon-janoa\/tag\/e-kirjat\/\" class=\"tag-cloud-link tag-link-49 tag-link-position-5\" style=\"font-size: 15.739837398374pt;\" aria-label=\"e-kirjat (23 kohdetta)\">e-kirjat<\/a>\n<a href=\"https:\/\/blogit.metropolia.fi\/tiedon-janoa\/tag\/e-lehdet\/\" class=\"tag-cloud-link tag-link-285 tag-link-position-6\" style=\"font-size: 10.276422764228pt;\" aria-label=\"e-lehdet (7 kohdetta)\">e-lehdet<\/a>\n<a href=\"https:\/\/blogit.metropolia.fi\/tiedon-janoa\/tag\/harjoittelu\/\" class=\"tag-cloud-link tag-link-121 tag-link-position-7\" style=\"font-size: 8pt;\" aria-label=\"harjoittelu (4 kohdetta)\">harjoittelu<\/a>\n<a href=\"https:\/\/blogit.metropolia.fi\/tiedon-janoa\/tag\/henkilosto\/\" class=\"tag-cloud-link tag-link-117 tag-link-position-8\" style=\"font-size: 13.463414634146pt;\" aria-label=\"henkil\u00f6st\u00f6 (14 kohdetta)\">henkil\u00f6st\u00f6<\/a>\n<a href=\"https:\/\/blogit.metropolia.fi\/tiedon-janoa\/tag\/joulu\/\" class=\"tag-cloud-link tag-link-131 tag-link-position-9\" style=\"font-size: 11.869918699187pt;\" aria-label=\"joulu (10 kohdetta)\">joulu<\/a>\n<a href=\"https:\/\/blogit.metropolia.fi\/tiedon-janoa\/tag\/kampukset\/\" class=\"tag-cloud-link tag-link-91 tag-link-position-10\" style=\"font-size: 13.463414634146pt;\" aria-label=\"kampukset (14 kohdetta)\">kampukset<\/a>\n<a href=\"https:\/\/blogit.metropolia.fi\/tiedon-janoa\/tag\/kehittaminen\/\" class=\"tag-cloud-link tag-link-73 tag-link-position-11\" style=\"font-size: 13.691056910569pt;\" aria-label=\"kehitt\u00e4minen (15 kohdetta)\">kehitt\u00e4minen<\/a>\n<a href=\"https:\/\/blogit.metropolia.fi\/tiedon-janoa\/tag\/kesa\/\" class=\"tag-cloud-link tag-link-95 tag-link-position-12\" style=\"font-size: 12.325203252033pt;\" aria-label=\"kes\u00e4 (11 kohdetta)\">kes\u00e4<\/a>\n<a href=\"https:\/\/blogit.metropolia.fi\/tiedon-janoa\/tag\/kirjasto\/\" class=\"tag-cloud-link tag-link-25 tag-link-position-13\" style=\"font-size: 22pt;\" aria-label=\"kirjasto (85 kohdetta)\">kirjasto<\/a>\n<a href=\"https:\/\/blogit.metropolia.fi\/tiedon-janoa\/tag\/kirjastokortti\/\" class=\"tag-cloud-link tag-link-215 tag-link-position-14\" style=\"font-size: 10.845528455285pt;\" aria-label=\"kirjastokortti (8 kohdetta)\">kirjastokortti<\/a>\n<a href=\"https:\/\/blogit.metropolia.fi\/tiedon-janoa\/tag\/kirjaston-palvelut\/\" class=\"tag-cloud-link tag-link-209 tag-link-position-15\" style=\"font-size: 9.7073170731707pt;\" aria-label=\"kirjaston palvelut (6 kohdetta)\">kirjaston palvelut<\/a>\n<a href=\"https:\/\/blogit.metropolia.fi\/tiedon-janoa\/tag\/kirjaston-tilat\/\" class=\"tag-cloud-link tag-link-211 tag-link-position-16\" style=\"font-size: 10.276422764228pt;\" aria-label=\"kirjaston tilat (7 kohdetta)\">kirjaston tilat<\/a>\n<a href=\"https:\/\/blogit.metropolia.fi\/tiedon-janoa\/tag\/kirjastopalvelut\/\" class=\"tag-cloud-link tag-link-27 tag-link-position-17\" style=\"font-size: 21.430894308943pt;\" aria-label=\"kirjastopalvelut (74 kohdetta)\">kirjastopalvelut<\/a>\n<a href=\"https:\/\/blogit.metropolia.fi\/tiedon-janoa\/tag\/kirjastotyo\/\" class=\"tag-cloud-link tag-link-143 tag-link-position-18\" style=\"font-size: 12.666666666667pt;\" aria-label=\"kirjastoty\u00f6 (12 kohdetta)\">kirjastoty\u00f6<\/a>\n<a href=\"https:\/\/blogit.metropolia.fi\/tiedon-janoa\/tag\/kirjavinkit\/\" class=\"tag-cloud-link tag-link-253 tag-link-position-19\" style=\"font-size: 14.60162601626pt;\" aria-label=\"kirjavinkit (18 kohdetta)\">kirjavinkit<\/a>\n<a href=\"https:\/\/blogit.metropolia.fi\/tiedon-janoa\/tag\/kyselyt\/\" class=\"tag-cloud-link tag-link-155 tag-link-position-20\" style=\"font-size: 11.869918699187pt;\" aria-label=\"kyselyt (10 kohdetta)\">kyselyt<\/a>\n<a href=\"https:\/\/blogit.metropolia.fi\/tiedon-janoa\/tag\/lainat\/\" class=\"tag-cloud-link tag-link-81 tag-link-position-21\" style=\"font-size: 8.9105691056911pt;\" aria-label=\"lainat (5 kohdetta)\">lainat<\/a>\n<a href=\"https:\/\/blogit.metropolia.fi\/tiedon-janoa\/tag\/lainaus\/\" class=\"tag-cloud-link tag-link-35 tag-link-position-22\" style=\"font-size: 9.7073170731707pt;\" aria-label=\"lainaus (6 kohdetta)\">lainaus<\/a>\n<a href=\"https:\/\/blogit.metropolia.fi\/tiedon-janoa\/tag\/libguides\/\" class=\"tag-cloud-link tag-link-41 tag-link-position-23\" style=\"font-size: 16.308943089431pt;\" aria-label=\"LibGuides (26 kohdetta)\">LibGuides<\/a>\n<a href=\"https:\/\/blogit.metropolia.fi\/tiedon-janoa\/tag\/luetuimmat\/\" class=\"tag-cloud-link tag-link-373 tag-link-position-24\" style=\"font-size: 8.9105691056911pt;\" aria-label=\"luetuimmat (5 kohdetta)\">luetuimmat<\/a>\n<a href=\"https:\/\/blogit.metropolia.fi\/tiedon-janoa\/tag\/metcat\/\" class=\"tag-cloud-link tag-link-67 tag-link-position-25\" style=\"font-size: 14.373983739837pt;\" aria-label=\"MetCat (17 kohdetta)\">MetCat<\/a>\n<a href=\"https:\/\/blogit.metropolia.fi\/tiedon-janoa\/tag\/metcat-finna\/\" class=\"tag-cloud-link tag-link-247 tag-link-position-26\" style=\"font-size: 19.154471544715pt;\" aria-label=\"Metcat Finna (47 kohdetta)\">Metcat Finna<\/a>\n<a href=\"https:\/\/blogit.metropolia.fi\/tiedon-janoa\/tag\/metropolia\/\" class=\"tag-cloud-link tag-link-51 tag-link-position-27\" style=\"font-size: 13.691056910569pt;\" aria-label=\"Metropolia (15 kohdetta)\">Metropolia<\/a>\n<a href=\"https:\/\/blogit.metropolia.fi\/tiedon-janoa\/tag\/muutto\/\" class=\"tag-cloud-link tag-link-93 tag-link-position-28\" style=\"font-size: 11.869918699187pt;\" aria-label=\"muutto (10 kohdetta)\">muutto<\/a>\n<a href=\"https:\/\/blogit.metropolia.fi\/tiedon-janoa\/tag\/myyrmaen-kampus\/\" class=\"tag-cloud-link tag-link-157 tag-link-position-29\" style=\"font-size: 8pt;\" aria-label=\"myyrm\u00e4en kampus (4 kohdetta)\">myyrm\u00e4en kampus<\/a>\n<a href=\"https:\/\/blogit.metropolia.fi\/tiedon-janoa\/tag\/opinnaytetyot\/\" class=\"tag-cloud-link tag-link-45 tag-link-position-30\" style=\"font-size: 11.414634146341pt;\" aria-label=\"opinn\u00e4ytety\u00f6t (9 kohdetta)\">opinn\u00e4ytety\u00f6t<\/a>\n<a href=\"https:\/\/blogit.metropolia.fi\/tiedon-janoa\/tag\/opiskelijat\/\" class=\"tag-cloud-link tag-link-77 tag-link-position-31\" style=\"font-size: 16.081300813008pt;\" aria-label=\"opiskelijat (25 kohdetta)\">opiskelijat<\/a>\n<a href=\"https:\/\/blogit.metropolia.fi\/tiedon-janoa\/tag\/opiskelu\/\" class=\"tag-cloud-link tag-link-101 tag-link-position-32\" style=\"font-size: 15.967479674797pt;\" aria-label=\"opiskelu (24 kohdetta)\">opiskelu<\/a>\n<a href=\"https:\/\/blogit.metropolia.fi\/tiedon-janoa\/tag\/palaute\/\" class=\"tag-cloud-link tag-link-79 tag-link-position-33\" style=\"font-size: 9.7073170731707pt;\" aria-label=\"palaute (6 kohdetta)\">palaute<\/a>\n<a href=\"https:\/\/blogit.metropolia.fi\/tiedon-janoa\/tag\/tapahtumat\/\" class=\"tag-cloud-link tag-link-57 tag-link-position-34\" style=\"font-size: 10.845528455285pt;\" aria-label=\"tapahtumat (8 kohdetta)\">tapahtumat<\/a>\n<a href=\"https:\/\/blogit.metropolia.fi\/tiedon-janoa\/tag\/theseus\/\" class=\"tag-cloud-link tag-link-47 tag-link-position-35\" style=\"font-size: 8.9105691056911pt;\" aria-label=\"theseus (5 kohdetta)\">theseus<\/a>\n<a href=\"https:\/\/blogit.metropolia.fi\/tiedon-janoa\/tag\/tiedonhaku\/\" class=\"tag-cloud-link tag-link-59 tag-link-position-36\" style=\"font-size: 13.121951219512pt;\" aria-label=\"tiedonhaku (13 kohdetta)\">tiedonhaku<\/a>\n<a href=\"https:\/\/blogit.metropolia.fi\/tiedon-janoa\/tag\/tiedonhankinnan-ohjaus\/\" class=\"tag-cloud-link tag-link-61 tag-link-position-37\" style=\"font-size: 10.845528455285pt;\" aria-label=\"tiedonhankinnan ohjaus (8 kohdetta)\">tiedonhankinnan ohjaus<\/a>\n<a href=\"https:\/\/blogit.metropolia.fi\/tiedon-janoa\/tag\/tietojarjestelmat\/\" class=\"tag-cloud-link tag-link-105 tag-link-position-38\" style=\"font-size: 9.7073170731707pt;\" aria-label=\"tietoj\u00e4rjestelm\u00e4t (6 kohdetta)\">tietoj\u00e4rjestelm\u00e4t<\/a>\n<a href=\"https:\/\/blogit.metropolia.fi\/tiedon-janoa\/tag\/tilastot\/\" class=\"tag-cloud-link tag-link-297 tag-link-position-39\" style=\"font-size: 12.325203252033pt;\" aria-label=\"tilastot (11 kohdetta)\">tilastot<\/a>\n<a href=\"https:\/\/blogit.metropolia.fi\/tiedon-janoa\/tag\/tyopaikkana-amk-kirjasto\/\" class=\"tag-cloud-link tag-link-393 tag-link-position-40\" style=\"font-size: 11.869918699187pt;\" aria-label=\"ty\u00f6paikkana AMK-kirjasto (10 kohdetta)\">ty\u00f6paikkana AMK-kirjasto<\/a>\n<a href=\"https:\/\/blogit.metropolia.fi\/tiedon-janoa\/tag\/tyotehtavat\/\" class=\"tag-cloud-link tag-link-109 tag-link-position-41\" style=\"font-size: 8.9105691056911pt;\" aria-label=\"ty\u00f6teht\u00e4v\u00e4t (5 kohdetta)\">ty\u00f6teht\u00e4v\u00e4t<\/a>\n<a href=\"https:\/\/blogit.metropolia.fi\/tiedon-janoa\/tag\/uudet-opiskelijat\/\" class=\"tag-cloud-link tag-link-273 tag-link-position-42\" style=\"font-size: 8pt;\" aria-label=\"uudet opiskelijat (4 kohdetta)\">uudet opiskelijat<\/a>\n<a href=\"https:\/\/blogit.metropolia.fi\/tiedon-janoa\/tag\/uutuuskirjavinkit\/\" class=\"tag-cloud-link tag-link-255 tag-link-position-43\" style=\"font-size: 11.869918699187pt;\" aria-label=\"uutuuskirjavinkit (10 kohdetta)\">uutuuskirjavinkit<\/a>\n<a href=\"https:\/\/blogit.metropolia.fi\/tiedon-janoa\/tag\/varaus\/\" class=\"tag-cloud-link tag-link-87 tag-link-position-44\" style=\"font-size: 8pt;\" aria-label=\"varaus (4 kohdetta)\">varaus<\/a>\n<a href=\"https:\/\/blogit.metropolia.fi\/tiedon-janoa\/tag\/verkkopalvelut\/\" class=\"tag-cloud-link tag-link-43 tag-link-position-45\" style=\"font-size: 16.991869918699pt;\" aria-label=\"verkkopalvelut (30 kohdetta)\">verkkopalvelut<\/a><\/p>\n<\/div>\n\n\n\n\n\n<h2 class=\"wp-block-heading\">Kirjasto- ja tietopalvelut Metropolia.fi-sivustolla<\/h2>\n\n\n\n<p>Metropolia Ammattikorkeakoulun kirjasto tarjoaa ajantasaiset tiedonl\u00e4hteet, miellytt\u00e4v\u00e4t tilat sek\u00e4 apua ammattitaitoiselta henkil\u00f6kunnalta. Annamme opiskelijoille erinomaiset tiedonhankintataidot opintoja ja ty\u00f6el\u00e4m\u00e4\u00e4 varten. Opiskelijapalautteen mukaan kirjasto on parasta Metropoliassa!<\/p>\n\n\n\n<p><a href=\"http:\/\/www.metropolia.fi\/palvelut\/kirjasto\/\" target=\"_blank\" rel=\"noreferrer noopener\">Tutustu Metropolian kirjasto- ja tietopalveluihin<\/a><\/p>\n","protected":false},"excerpt":{"rendered":"<p>Kirjasto- ja tietopalvelut Metropolia.fi-sivustolla Metropolia Ammattikorkeakoulun kirjasto tarjoaa ajantasaiset tiedonl\u00e4hteet, miellytt\u00e4v\u00e4t tilat sek\u00e4 apua ammattitaitoiselta henkil\u00f6kunnalta. Annamme opiskelijoille erinomaiset tiedonhankintataidot opintoja ja ty\u00f6el\u00e4m\u00e4\u00e4 varten. Opiskelijapalautteen mukaan kirjasto on parasta Metropoliassa! Tutustu Metropolian kirjasto- ja tietopalveluihin<\/p>\n","protected":false},"author":3,"featured_media":0,"parent":0,"menu_order":0,"comment_status":"closed","ping_status":"closed","template":"blog-homepage.php","meta":{"_acf_changed":false,"_exactmetrics_skip_tracking":false,"_exactmetrics_sitenote_active":false,"_exactmetrics_sitenote_note":"","_exactmetrics_sitenote_category":0,"footnotes":""},"class_list":["post-3","page","type-page","status-publish","hentry"],"acf":[],"yoast_head":"<!-- This site is optimized with the Yoast SEO plugin v27.3 - https:\/\/yoast.com\/product\/yoast-seo-wordpress\/ -->\n<title>Tiedon janoa - Metropolian blogit<\/title>\n<meta name=\"description\" content=\"Tiedon janoa -blogi kertoo Metropolian kirjaston ajankohtaisista asioista. Kirjoittajat ovat henkil\u00f6kuntaa ja yhteisty\u00f6kumppaneita.\" \/>\n<meta name=\"robots\" content=\"index, follow, max-snippet:-1, max-image-preview:large, max-video-preview:-1\" \/>\n<link rel=\"canonical\" href=\"https:\/\/blogit.metropolia.fi\/tiedon-janoa\/\" \/>\n<meta property=\"og:locale\" content=\"fi_FI\" \/>\n<meta property=\"og:type\" content=\"article\" \/>\n<meta property=\"og:title\" content=\"Tiedon janoa - Metropolian blogit\" \/>\n<meta property=\"og:description\" content=\"Tiedon janoa -blogi kertoo Metropolian kirjaston ajankohtaisista asioista. Kirjoittajat ovat henkil\u00f6kuntaa ja yhteisty\u00f6kumppaneita.\" \/>\n<meta property=\"og:url\" content=\"https:\/\/blogit.metropolia.fi\/tiedon-janoa\/\" \/>\n<meta property=\"og:site_name\" content=\"Tiedon janoa\" \/>\n<meta property=\"article:modified_time\" content=\"2025-01-14T12:27:26+00:00\" \/>\n<meta name=\"twitter:card\" content=\"summary_large_image\" \/>\n<meta name=\"twitter:label1\" content=\"Arvioitu lukuaika\" \/>\n\t<meta name=\"twitter:data1\" content=\"1 minuutti\" \/>\n<script type=\"application\/ld+json\" class=\"yoast-schema-graph\">{\"@context\":\"https:\\\/\\\/schema.org\",\"@graph\":[{\"@type\":\"WebPage\",\"@id\":\"https:\\\/\\\/blogit.metropolia.fi\\\/tiedon-janoa\\\/\",\"url\":\"https:\\\/\\\/blogit.metropolia.fi\\\/tiedon-janoa\\\/\",\"name\":\"Tiedon janoa - Metropolian blogit\",\"isPartOf\":{\"@id\":\"https:\\\/\\\/blogit.metropolia.fi\\\/tiedon-janoa\\\/#website\"},\"datePublished\":\"2024-09-16T12:42:36+00:00\",\"dateModified\":\"2025-01-14T12:27:26+00:00\",\"description\":\"Tiedon janoa -blogi kertoo Metropolian kirjaston ajankohtaisista asioista. Kirjoittajat ovat henkil\u00f6kuntaa ja yhteisty\u00f6kumppaneita.\",\"breadcrumb\":{\"@id\":\"https:\\\/\\\/blogit.metropolia.fi\\\/tiedon-janoa\\\/#breadcrumb\"},\"inLanguage\":\"fi\",\"potentialAction\":[{\"@type\":\"ReadAction\",\"target\":[\"https:\\\/\\\/blogit.metropolia.fi\\\/tiedon-janoa\\\/\"]}]},{\"@type\":\"BreadcrumbList\",\"@id\":\"https:\\\/\\\/blogit.metropolia.fi\\\/tiedon-janoa\\\/#breadcrumb\",\"itemListElement\":[{\"@type\":\"ListItem\",\"position\":1,\"name\":\"Etusivu\",\"item\":\"https:\\\/\\\/blogit.metropolia.fi\\\/tiedon-janoa\\\/\"},{\"@type\":\"ListItem\",\"position\":2,\"name\":\"Etusivu\"}]},{\"@type\":\"WebSite\",\"@id\":\"https:\\\/\\\/blogit.metropolia.fi\\\/tiedon-janoa\\\/#website\",\"url\":\"https:\\\/\\\/blogit.metropolia.fi\\\/tiedon-janoa\\\/\",\"name\":\"Tiedon janoa\",\"description\":\"Ajankohtaista Metropolian kirjastossa\",\"potentialAction\":[{\"@type\":\"SearchAction\",\"target\":{\"@type\":\"EntryPoint\",\"urlTemplate\":\"https:\\\/\\\/blogit.metropolia.fi\\\/tiedon-janoa\\\/?s={search_term_string}\"},\"query-input\":{\"@type\":\"PropertyValueSpecification\",\"valueRequired\":true,\"valueName\":\"search_term_string\"}}],\"inLanguage\":\"fi\"}]}<\/script>\n<!-- \/ Yoast SEO plugin. -->","yoast_head_json":{"title":"Tiedon janoa - Metropolian blogit","description":"Tiedon janoa -blogi kertoo Metropolian kirjaston ajankohtaisista asioista. Kirjoittajat ovat henkil\u00f6kuntaa ja yhteisty\u00f6kumppaneita.","robots":{"index":"index","follow":"follow","max-snippet":"max-snippet:-1","max-image-preview":"max-image-preview:large","max-video-preview":"max-video-preview:-1"},"canonical":"https:\/\/blogit.metropolia.fi\/tiedon-janoa\/","og_locale":"fi_FI","og_type":"article","og_title":"Tiedon janoa - Metropolian blogit","og_description":"Tiedon janoa -blogi kertoo Metropolian kirjaston ajankohtaisista asioista. Kirjoittajat ovat henkil\u00f6kuntaa ja yhteisty\u00f6kumppaneita.","og_url":"https:\/\/blogit.metropolia.fi\/tiedon-janoa\/","og_site_name":"Tiedon janoa","article_modified_time":"2025-01-14T12:27:26+00:00","twitter_card":"summary_large_image","twitter_misc":{"Arvioitu lukuaika":"1 minuutti"},"schema":{"@context":"https:\/\/schema.org","@graph":[{"@type":"WebPage","@id":"https:\/\/blogit.metropolia.fi\/tiedon-janoa\/","url":"https:\/\/blogit.metropolia.fi\/tiedon-janoa\/","name":"Tiedon janoa - Metropolian blogit","isPartOf":{"@id":"https:\/\/blogit.metropolia.fi\/tiedon-janoa\/#website"},"datePublished":"2024-09-16T12:42:36+00:00","dateModified":"2025-01-14T12:27:26+00:00","description":"Tiedon janoa -blogi kertoo Metropolian kirjaston ajankohtaisista asioista. Kirjoittajat ovat henkil\u00f6kuntaa ja yhteisty\u00f6kumppaneita.","breadcrumb":{"@id":"https:\/\/blogit.metropolia.fi\/tiedon-janoa\/#breadcrumb"},"inLanguage":"fi","potentialAction":[{"@type":"ReadAction","target":["https:\/\/blogit.metropolia.fi\/tiedon-janoa\/"]}]},{"@type":"BreadcrumbList","@id":"https:\/\/blogit.metropolia.fi\/tiedon-janoa\/#breadcrumb","itemListElement":[{"@type":"ListItem","position":1,"name":"Etusivu","item":"https:\/\/blogit.metropolia.fi\/tiedon-janoa\/"},{"@type":"ListItem","position":2,"name":"Etusivu"}]},{"@type":"WebSite","@id":"https:\/\/blogit.metropolia.fi\/tiedon-janoa\/#website","url":"https:\/\/blogit.metropolia.fi\/tiedon-janoa\/","name":"Tiedon janoa","description":"Ajankohtaista Metropolian kirjastossa","potentialAction":[{"@type":"SearchAction","target":{"@type":"EntryPoint","urlTemplate":"https:\/\/blogit.metropolia.fi\/tiedon-janoa\/?s={search_term_string}"},"query-input":{"@type":"PropertyValueSpecification","valueRequired":true,"valueName":"search_term_string"}}],"inLanguage":"fi"}]}},"lang":"fi","translations":{"fi":3},"pll_sync_post":[],"_links":{"self":[{"href":"https:\/\/blogit.metropolia.fi\/tiedon-janoa\/wp-json\/wp\/v2\/pages\/3","targetHints":{"allow":["GET"]}}],"collection":[{"href":"https:\/\/blogit.metropolia.fi\/tiedon-janoa\/wp-json\/wp\/v2\/pages"}],"about":[{"href":"https:\/\/blogit.metropolia.fi\/tiedon-janoa\/wp-json\/wp\/v2\/types\/page"}],"author":[{"embeddable":true,"href":"https:\/\/blogit.metropolia.fi\/tiedon-janoa\/wp-json\/wp\/v2\/users\/3"}],"replies":[{"embeddable":true,"href":"https:\/\/blogit.metropolia.fi\/tiedon-janoa\/wp-json\/wp\/v2\/comments?post=3"}],"version-history":[{"count":10,"href":"https:\/\/blogit.metropolia.fi\/tiedon-janoa\/wp-json\/wp\/v2\/pages\/3\/revisions"}],"predecessor-version":[{"id":1159,"href":"https:\/\/blogit.metropolia.fi\/tiedon-janoa\/wp-json\/wp\/v2\/pages\/3\/revisions\/1159"}],"wp:attachment":[{"href":"https:\/\/blogit.metropolia.fi\/tiedon-janoa\/wp-json\/wp\/v2\/media?parent=3"}],"curies":[{"name":"wp","href":"https:\/\/api.w.org\/{rel}","templated":true}]}}