{"id":3,"date":"2024-11-21T08:35:35","date_gmt":"2024-11-21T06:35:35","guid":{"rendered":"https:\/\/blogit.metropolia.fi\/tekoalya-tutkimassa\/etusivu\/"},"modified":"2025-03-21T09:40:08","modified_gmt":"2025-03-21T07:40:08","slug":"etusivu","status":"publish","type":"page","link":"https:\/\/blogit.metropolia.fi\/tekoalya-tutkimassa\/","title":{"rendered":"Etusivu"},"content":{"rendered":"<button id=\"accordion-title-69dec2873ba1a\" class=\"accordion-block\" aria-label=\"Avaa: Bloggaajat\" aria-controls=\"accordion-title-69dec2873ba1a-content\" aria-expanded=\"\">\n\t<span class=\"material-symbols-outlined icon\" aria-hidden=\"true\">\n\t\tarrow_right\n\t<\/span>\n\t<span class=\"accordion-title\">\n\t\t\t\t\tBloggaajat\t\t\t<\/span>\n<\/button>\n\n\n<div id=\"accordion-title-69dec2873ba1a-content\" class=\"accordion-content\">\n\t\n<section  class=\"user-block\">\n\n\t\n\t\t<div class=\"user\">\n\t\t\t<div class=\"image\">\n\t\t\t\t\t\t\t\t\t<img decoding=\"async\" src=\"https:\/\/secure.gravatar.com\/avatar\/ef863f72fd4d3cae89a7b4f76167d31e2ff8b2869d30d1fbd4ede7a2ab86a089?s=96&#038;d=mm&#038;r=g\" alt=\"\"\/>\n\t\t\t\t\t\t\t<\/div>\n\t\t\t<a class=\"author-link\" href=\"https:\/\/blogit.metropolia.fi\/tekoalya-tutkimassa\/author\/mikakha\/\">\n\t\t\t\t<span class=\"name h3\">\n\t\t\t\t\tMika H\u00e4m\u00e4l\u00e4inen\t\t\t\t<\/span>\n\t\t\t<\/a>\n\t\t\t<span class=\"description\">\n\t\t\t\ton kieliteknologian tohtori ja h\u00e4n toimii AI-projektip\u00e4\u00e4llikk\u00f6n\u00e4 Metropoliassa. H\u00e4nen viimeaikaiset tutkimusintressins\u00e4 ovat kieliteknologian kehitt\u00e4minen uhanalaisille kielille sek\u00e4 kieliteknologian ja digihumanismin yhteensovittaminen.\t\t\t<\/span>\n\t\t\t\t\t\t\t<a class=\"button transparent email\" href=\"mailto: Mika.Hamalainen@metropolia.fi\" aria-label=\"L\u00e4het\u00e4 s\u00e4hk\u00f6postia osoitteeseen Mika.Hamalainen@metropolia.fi\">Ota yhteytt\u00e4<\/a>\n\t\t\t\t\t<\/div>\n\n\t\n<\/section>\n\n\n<section  class=\"user-block\">\n\n\t\n\t\t<div class=\"user\">\n\t\t\t<div class=\"image\">\n\t\t\t\t\t\t\t\t\t<img decoding=\"async\" src=\"https:\/\/blogit.metropolia.fi\/tekoalya-tutkimassa\/wp-content\/uploads\/2024\/12\/Lev-Kharlashkin.jpg\" alt=\"\"\/>\n\t\t\t\t\t\t\t<\/div>\n\t\t\t<a class=\"author-link\" href=\"https:\/\/blogit.metropolia.fi\/tekoalya-tutkimassa\/author\/levkh\/\">\n\t\t\t\t<span class=\"name h3\">\n\t\t\t\t\tLev Kharlashkin\t\t\t\t<\/span>\n\t\t\t<\/a>\n\t\t\t<span class=\"description\">\n\t\t\t\tis recent Bachelor&#039;s graduate, creates AI tools for education, passionate about data science and related fields. Inspired by what AI can help people with, he does NLP research in his spare time.\t\t\t<\/span>\n\t\t\t\t\t\t\t<a class=\"button transparent email\" href=\"mailto: Lev.Kharlashkin@metropolia.fi\" aria-label=\"L\u00e4het\u00e4 s\u00e4hk\u00f6postia osoitteeseen Lev.Kharlashkin@metropolia.fi\">Ota yhteytt\u00e4<\/a>\n\t\t\t\t\t<\/div>\n\n\t\n<\/section>\n\n\n<section  class=\"user-block\">\n\n\t\n\t\t<div class=\"user\">\n\t\t\t<div class=\"image\">\n\t\t\t\t\t\t\t\t\t<img decoding=\"async\" src=\"https:\/\/blogit.metropolia.fi\/tekoalya-tutkimassa\/wp-content\/uploads\/2024\/12\/LeoEinari-Huovinen.jpg\" alt=\"\"\/>\n\t\t\t\t\t\t\t<\/div>\n\t\t\t<a class=\"author-link\" href=\"https:\/\/blogit.metropolia.fi\/tekoalya-tutkimassa\/author\/leoeinah\/\">\n\t\t\t\t<span class=\"name h3\">\n\t\t\t\t\tLeo Huovinen\t\t\t\t<\/span>\n\t\t\t<\/a>\n\t\t\t<span class=\"description\">\n\t\t\t\tworks as an AI software engineer and is currently studying in the Master of Engineering program at Tampere University.\t\t\t<\/span>\n\t\t\t\t\t\t\t<a class=\"button transparent email\" href=\"mailto: LeoEinari.Huovinen@metropolia.fi\" aria-label=\"L\u00e4het\u00e4 s\u00e4hk\u00f6postia osoitteeseen LeoEinari.Huovinen@metropolia.fi\">Ota yhteytt\u00e4<\/a>\n\t\t\t\t\t<\/div>\n\n\t\n<\/section>\n\n\n<section  class=\"user-block\">\n\n\t\n\t\t<div class=\"user\">\n\t\t\t<div class=\"image\">\n\t\t\t\t\t\t\t\t\t<img decoding=\"async\" src=\"https:\/\/blogit.metropolia.fi\/tekoalya-tutkimassa\/wp-content\/uploads\/2024\/12\/Melany-Macias-Moran.jpg\" alt=\"\"\/>\n\t\t\t\t\t\t\t<\/div>\n\t\t\t<a class=\"author-link\" href=\"https:\/\/blogit.metropolia.fi\/tekoalya-tutkimassa\/author\/melanym\/\">\n\t\t\t\t<span class=\"name h3\">\n\t\t\t\t\tMelany Macias Mor\u00e1n\t\t\t\t<\/span>\n\t\t\t<\/a>\n\t\t\t<span class=\"description\">\n\t\t\t\ta recent IT graduate from Metropolia, is passionate about combining AI, NLP, and software to build innovative tools. With published research and experience developing the Moodle AI plugin, she focuses on creating practical AI applications that make a real-world impact.\t\t\t<\/span>\n\t\t\t\t\t\t\t<a class=\"button transparent email\" href=\"mailto: Melany.MaciasMoran@metropolia.fi\" aria-label=\"L\u00e4het\u00e4 s\u00e4hk\u00f6postia osoitteeseen Melany.MaciasMoran@metropolia.fi\">Ota yhteytt\u00e4<\/a>\n\t\t\t\t\t<\/div>\n\n\t\n<\/section>\n\n<\/div>\n\n\n\n\n<button id=\"accordion-title-69dec2873d0a1\" class=\"accordion-block\" aria-label=\"Avaa: Uusimmat postaukset\" aria-controls=\"accordion-title-69dec2873d0a1-content\" aria-expanded=\"\">\n\t<span class=\"material-symbols-outlined icon\" aria-hidden=\"true\">\n\t\tarrow_right\n\t<\/span>\n\t<span class=\"accordion-title\">\n\t\t\t\t\tUusimmat postaukset\t\t\t<\/span>\n<\/button>\n\n\n<div id=\"accordion-title-69dec2873d0a1-content\" class=\"accordion-content\">\n\t\n<ul class=\"wp-block-latest-posts__list wp-block-latest-posts\"><li><a class=\"wp-block-latest-posts__post-title\" href=\"https:\/\/blogit.metropolia.fi\/tekoalya-tutkimassa\/en\/2026\/03\/17\/artificial-intelligence-requires-continuous-renewal-of-ones-own-thinking\/\">Artificial intelligence requires continuous renewal of one\u2019s own thinking<\/a><\/li>\n<li><a class=\"wp-block-latest-posts__post-title\" href=\"https:\/\/blogit.metropolia.fi\/tekoalya-tutkimassa\/2026\/03\/17\/tekoaly-vaatii-oman-ajattelun-jatkuvaa-uudistamista\/\">Teko\u00e4ly vaatii oman ajattelun jatkuvaa uudistamista<\/a><\/li>\n<li><a class=\"wp-block-latest-posts__post-title\" href=\"https:\/\/blogit.metropolia.fi\/tekoalya-tutkimassa\/en\/2025\/12\/16\/metropolias-ai-research-strongly-featured-in-an-international-workshop\/\">Metropolia\u2019s AI research strongly featured in an international workshop<\/a><\/li>\n<li><a class=\"wp-block-latest-posts__post-title\" href=\"https:\/\/blogit.metropolia.fi\/tekoalya-tutkimassa\/2025\/12\/16\/metropolian-tekoalytutkimus-vahvasti-esilla-kansainvalisessa-tyopajassa\/\">Metropolian teko\u00e4lytutkimus vahvasti esill\u00e4 kansainv\u00e4lisess\u00e4 ty\u00f6pajassa<\/a><\/li>\n<li><a class=\"wp-block-latest-posts__post-title\" href=\"https:\/\/blogit.metropolia.fi\/tekoalya-tutkimassa\/en\/2025\/06\/23\/metropolia-develops-ai-solutions-for-internal-needs\/\">Metropolia Develops AI Solutions for Internal Needs<\/a><\/li>\n<\/ul>\n<\/div>\n\n\n\n\n<button id=\"accordion-title-69dec2873d4bc\" class=\"accordion-block\" aria-label=\"Avaa: Arkistot\" aria-controls=\"accordion-title-69dec2873d4bc-content\" aria-expanded=\"\">\n\t<span class=\"material-symbols-outlined icon\" aria-hidden=\"true\">\n\t\tarrow_right\n\t<\/span>\n\t<span class=\"accordion-title\">\n\t\t\t\t\tArkistot\t\t\t<\/span>\n<\/button>\n\n\n<div id=\"accordion-title-69dec2873d4bc-content\" class=\"accordion-content\">\n\t\n<ul class=\"wp-block-archives-list wp-block-archives\">\t<li><a href='https:\/\/blogit.metropolia.fi\/tekoalya-tutkimassa\/2026\/'>2026<\/a>&nbsp;(2)<\/li>\n\t<li><a href='https:\/\/blogit.metropolia.fi\/tekoalya-tutkimassa\/2025\/'>2025<\/a>&nbsp;(16)<\/li>\n\t<li><a href='https:\/\/blogit.metropolia.fi\/tekoalya-tutkimassa\/2024\/'>2024<\/a>&nbsp;(7)<\/li>\n<\/ul>\n<\/div>\n\n\n\n\n<button id=\"accordion-title-69dec2873e122\" class=\"accordion-block\" aria-label=\"Avaa: Avainsanat\" aria-controls=\"accordion-title-69dec2873e122-content\" aria-expanded=\"\">\n\t<span class=\"material-symbols-outlined icon\" aria-hidden=\"true\">\n\t\tarrow_right\n\t<\/span>\n\t<span class=\"accordion-title\">\n\t\t\t\t\tAvainsanat\t\t\t<\/span>\n<\/button>\n\n\n<div id=\"accordion-title-69dec2873e122-content\" class=\"accordion-content\">\n\t\n<p class=\"wp-block-tag-cloud\"><a href=\"https:\/\/blogit.metropolia.fi\/tekoalya-tutkimassa\/en\/tag\/ai\/\" class=\"tag-cloud-link tag-link-33 tag-link-position-1\" style=\"font-size: 8pt;\" aria-label=\"AI (1 kohde)\">AI<\/a>\n<a href=\"https:\/\/blogit.metropolia.fi\/tekoalya-tutkimassa\/en\/tag\/artificial-intelligence\/\" class=\"tag-cloud-link tag-link-39 tag-link-position-2\" style=\"font-size: 8pt;\" aria-label=\"Artificial Intelligence (1 kohde)\">Artificial Intelligence<\/a>\n<a href=\"https:\/\/blogit.metropolia.fi\/tekoalya-tutkimassa\/en\/tag\/effective-communication-2\/\" class=\"tag-cloud-link tag-link-41 tag-link-position-3\" style=\"font-size: 8pt;\" aria-label=\"Effective communication (1 kohde)\">Effective communication<\/a>\n<a href=\"https:\/\/blogit.metropolia.fi\/tekoalya-tutkimassa\/en\/tag\/healthy-workpalces\/\" class=\"tag-cloud-link tag-link-45 tag-link-position-4\" style=\"font-size: 8pt;\" aria-label=\"Healthy Workpalces (1 kohde)\">Healthy Workpalces<\/a>\n<a href=\"https:\/\/blogit.metropolia.fi\/tekoalya-tutkimassa\/tag\/llm\/\" class=\"tag-cloud-link tag-link-29 tag-link-position-5\" style=\"font-size: 8pt;\" aria-label=\"LLM (1 kohde)\">LLM<\/a>\n<a href=\"https:\/\/blogit.metropolia.fi\/tekoalya-tutkimassa\/tag\/luovuus\/\" class=\"tag-cloud-link tag-link-18 tag-link-position-6\" style=\"font-size: 8pt;\" aria-label=\"luovuus (1 kohde)\">luovuus<\/a>\n<a href=\"https:\/\/blogit.metropolia.fi\/tekoalya-tutkimassa\/en\/tag\/miscommunication\/\" class=\"tag-cloud-link tag-link-47 tag-link-position-7\" style=\"font-size: 8pt;\" aria-label=\"Miscommunication (1 kohde)\">Miscommunication<\/a>\n<a href=\"https:\/\/blogit.metropolia.fi\/tekoalya-tutkimassa\/tag\/python\/\" class=\"tag-cloud-link tag-link-27 tag-link-position-8\" style=\"font-size: 8pt;\" aria-label=\"python (1 kohde)\">python<\/a>\n<a href=\"https:\/\/blogit.metropolia.fi\/tekoalya-tutkimassa\/tag\/tekoaly\/\" class=\"tag-cloud-link tag-link-16 tag-link-position-9\" style=\"font-size: 22pt;\" aria-label=\"teko\u00e4ly (2 kohdetta)\">teko\u00e4ly<\/a><\/p>\n<\/div>\n\n\n","protected":false},"excerpt":{"rendered":"","protected":false},"author":1,"featured_media":12,"parent":0,"menu_order":0,"comment_status":"closed","ping_status":"closed","template":"blog-homepage.php","meta":{"_acf_changed":false,"_exactmetrics_skip_tracking":false,"_exactmetrics_sitenote_active":false,"_exactmetrics_sitenote_note":"","_exactmetrics_sitenote_category":0,"footnotes":""},"class_list":["post-3","page","type-page","status-publish","has-post-thumbnail","hentry"],"acf":[],"yoast_head":"<!-- This site is optimized with the Yoast SEO plugin v27.3 - https:\/\/yoast.com\/product\/yoast-seo-wordpress\/ -->\n<title>Teko\u00e4ly\u00e4 tutkimassa - Metropolian blogit<\/title>\n<meta name=\"description\" content=\"Teko\u00e4lyasiantuntija Mika H\u00e4m\u00e4l\u00e4inen ja h\u00e4nen tiimins\u00e4 esittelev\u00e4t blogissaan Teko\u00e4ly\u00e4 tutkimassa tieteeseen perustuvaa tietoa teko\u00e4lyst\u00e4.\" \/>\n<meta name=\"robots\" content=\"index, follow, max-snippet:-1, max-image-preview:large, max-video-preview:-1\" \/>\n<link rel=\"canonical\" href=\"https:\/\/blogit.metropolia.fi\/tekoalya-tutkimassa\/\" \/>\n<meta property=\"og:locale\" content=\"fi_FI\" \/>\n<meta property=\"og:type\" content=\"article\" \/>\n<meta property=\"og:title\" content=\"Teko\u00e4ly\u00e4 tutkimassa - Metropolian blogit\" \/>\n<meta property=\"og:description\" content=\"Teko\u00e4lyasiantuntija Mika H\u00e4m\u00e4l\u00e4inen ja h\u00e4nen tiimins\u00e4 esittelev\u00e4t blogissaan Teko\u00e4ly\u00e4 tutkimassa tieteeseen perustuvaa tietoa teko\u00e4lyst\u00e4.\" \/>\n<meta property=\"og:url\" content=\"https:\/\/blogit.metropolia.fi\/tekoalya-tutkimassa\/\" \/>\n<meta property=\"og:site_name\" content=\"Teko\u00e4ly\u00e4 tutkimassa\" \/>\n<meta property=\"article:modified_time\" content=\"2025-03-21T07:40:08+00:00\" \/>\n<meta property=\"og:image\" content=\"https:\/\/blogit.metropolia.fi\/tekoalya-tutkimassa\/wp-content\/uploads\/sites\/29\/2024\/11\/tekoaly2.jpg\" \/>\n\t<meta property=\"og:image:width\" content=\"1600\" \/>\n\t<meta property=\"og:image:height\" content=\"900\" \/>\n\t<meta property=\"og:image:type\" content=\"image\/jpeg\" \/>\n<meta name=\"twitter:card\" content=\"summary_large_image\" \/>\n<script type=\"application\/ld+json\" class=\"yoast-schema-graph\">{\"@context\":\"https:\\\/\\\/schema.org\",\"@graph\":[{\"@type\":\"WebPage\",\"@id\":\"https:\\\/\\\/blogit.metropolia.fi\\\/tekoalya-tutkimassa\\\/\",\"url\":\"https:\\\/\\\/blogit.metropolia.fi\\\/tekoalya-tutkimassa\\\/\",\"name\":\"Teko\u00e4ly\u00e4 tutkimassa - Metropolian blogit\",\"isPartOf\":{\"@id\":\"https:\\\/\\\/blogit.metropolia.fi\\\/tekoalya-tutkimassa\\\/#website\"},\"primaryImageOfPage\":{\"@id\":\"https:\\\/\\\/blogit.metropolia.fi\\\/tekoalya-tutkimassa\\\/#primaryimage\"},\"image\":{\"@id\":\"https:\\\/\\\/blogit.metropolia.fi\\\/tekoalya-tutkimassa\\\/#primaryimage\"},\"thumbnailUrl\":\"https:\\\/\\\/blogit.metropolia.fi\\\/tekoalya-tutkimassa\\\/wp-content\\\/uploads\\\/sites\\\/29\\\/2024\\\/11\\\/tekoaly2.jpg\",\"datePublished\":\"2024-11-21T06:35:35+00:00\",\"dateModified\":\"2025-03-21T07:40:08+00:00\",\"description\":\"Teko\u00e4lyasiantuntija Mika H\u00e4m\u00e4l\u00e4inen ja h\u00e4nen tiimins\u00e4 esittelev\u00e4t blogissaan Teko\u00e4ly\u00e4 tutkimassa tieteeseen perustuvaa tietoa teko\u00e4lyst\u00e4.\",\"breadcrumb\":{\"@id\":\"https:\\\/\\\/blogit.metropolia.fi\\\/tekoalya-tutkimassa\\\/#breadcrumb\"},\"inLanguage\":\"fi\",\"potentialAction\":[{\"@type\":\"ReadAction\",\"target\":[\"https:\\\/\\\/blogit.metropolia.fi\\\/tekoalya-tutkimassa\\\/\"]}]},{\"@type\":\"ImageObject\",\"inLanguage\":\"fi\",\"@id\":\"https:\\\/\\\/blogit.metropolia.fi\\\/tekoalya-tutkimassa\\\/#primaryimage\",\"url\":\"https:\\\/\\\/blogit.metropolia.fi\\\/tekoalya-tutkimassa\\\/wp-content\\\/uploads\\\/sites\\\/29\\\/2024\\\/11\\\/tekoaly2.jpg\",\"contentUrl\":\"https:\\\/\\\/blogit.metropolia.fi\\\/tekoalya-tutkimassa\\\/wp-content\\\/uploads\\\/sites\\\/29\\\/2024\\\/11\\\/tekoaly2.jpg\",\"width\":1600,\"height\":900,\"caption\":\"robotti, joka seisoo ulkona\"},{\"@type\":\"BreadcrumbList\",\"@id\":\"https:\\\/\\\/blogit.metropolia.fi\\\/tekoalya-tutkimassa\\\/#breadcrumb\",\"itemListElement\":[{\"@type\":\"ListItem\",\"position\":1,\"name\":\"Etusivu\",\"item\":\"https:\\\/\\\/blogit.metropolia.fi\\\/tekoalya-tutkimassa\\\/\"},{\"@type\":\"ListItem\",\"position\":2,\"name\":\"Etusivu\"}]},{\"@type\":\"WebSite\",\"@id\":\"https:\\\/\\\/blogit.metropolia.fi\\\/tekoalya-tutkimassa\\\/#website\",\"url\":\"https:\\\/\\\/blogit.metropolia.fi\\\/tekoalya-tutkimassa\\\/\",\"name\":\"Teko\u00e4ly\u00e4 tutkimassa\",\"description\":\"Tieteeseen perustuvaa tietoa teko\u00e4lyst\u00e4\",\"potentialAction\":[{\"@type\":\"SearchAction\",\"target\":{\"@type\":\"EntryPoint\",\"urlTemplate\":\"https:\\\/\\\/blogit.metropolia.fi\\\/tekoalya-tutkimassa\\\/?s={search_term_string}\"},\"query-input\":{\"@type\":\"PropertyValueSpecification\",\"valueRequired\":true,\"valueName\":\"search_term_string\"}}],\"inLanguage\":\"fi\"}]}<\/script>\n<!-- \/ Yoast SEO plugin. -->","yoast_head_json":{"title":"Teko\u00e4ly\u00e4 tutkimassa - Metropolian blogit","description":"Teko\u00e4lyasiantuntija Mika H\u00e4m\u00e4l\u00e4inen ja h\u00e4nen tiimins\u00e4 esittelev\u00e4t blogissaan Teko\u00e4ly\u00e4 tutkimassa tieteeseen perustuvaa tietoa teko\u00e4lyst\u00e4.","robots":{"index":"index","follow":"follow","max-snippet":"max-snippet:-1","max-image-preview":"max-image-preview:large","max-video-preview":"max-video-preview:-1"},"canonical":"https:\/\/blogit.metropolia.fi\/tekoalya-tutkimassa\/","og_locale":"fi_FI","og_type":"article","og_title":"Teko\u00e4ly\u00e4 tutkimassa - Metropolian blogit","og_description":"Teko\u00e4lyasiantuntija Mika H\u00e4m\u00e4l\u00e4inen ja h\u00e4nen tiimins\u00e4 esittelev\u00e4t blogissaan Teko\u00e4ly\u00e4 tutkimassa tieteeseen perustuvaa tietoa teko\u00e4lyst\u00e4.","og_url":"https:\/\/blogit.metropolia.fi\/tekoalya-tutkimassa\/","og_site_name":"Teko\u00e4ly\u00e4 tutkimassa","article_modified_time":"2025-03-21T07:40:08+00:00","og_image":[{"width":1600,"height":900,"url":"https:\/\/blogit.metropolia.fi\/tekoalya-tutkimassa\/wp-content\/uploads\/sites\/29\/2024\/11\/tekoaly2.jpg","type":"image\/jpeg"}],"twitter_card":"summary_large_image","schema":{"@context":"https:\/\/schema.org","@graph":[{"@type":"WebPage","@id":"https:\/\/blogit.metropolia.fi\/tekoalya-tutkimassa\/","url":"https:\/\/blogit.metropolia.fi\/tekoalya-tutkimassa\/","name":"Teko\u00e4ly\u00e4 tutkimassa - Metropolian blogit","isPartOf":{"@id":"https:\/\/blogit.metropolia.fi\/tekoalya-tutkimassa\/#website"},"primaryImageOfPage":{"@id":"https:\/\/blogit.metropolia.fi\/tekoalya-tutkimassa\/#primaryimage"},"image":{"@id":"https:\/\/blogit.metropolia.fi\/tekoalya-tutkimassa\/#primaryimage"},"thumbnailUrl":"https:\/\/blogit.metropolia.fi\/tekoalya-tutkimassa\/wp-content\/uploads\/sites\/29\/2024\/11\/tekoaly2.jpg","datePublished":"2024-11-21T06:35:35+00:00","dateModified":"2025-03-21T07:40:08+00:00","description":"Teko\u00e4lyasiantuntija Mika H\u00e4m\u00e4l\u00e4inen ja h\u00e4nen tiimins\u00e4 esittelev\u00e4t blogissaan Teko\u00e4ly\u00e4 tutkimassa tieteeseen perustuvaa tietoa teko\u00e4lyst\u00e4.","breadcrumb":{"@id":"https:\/\/blogit.metropolia.fi\/tekoalya-tutkimassa\/#breadcrumb"},"inLanguage":"fi","potentialAction":[{"@type":"ReadAction","target":["https:\/\/blogit.metropolia.fi\/tekoalya-tutkimassa\/"]}]},{"@type":"ImageObject","inLanguage":"fi","@id":"https:\/\/blogit.metropolia.fi\/tekoalya-tutkimassa\/#primaryimage","url":"https:\/\/blogit.metropolia.fi\/tekoalya-tutkimassa\/wp-content\/uploads\/sites\/29\/2024\/11\/tekoaly2.jpg","contentUrl":"https:\/\/blogit.metropolia.fi\/tekoalya-tutkimassa\/wp-content\/uploads\/sites\/29\/2024\/11\/tekoaly2.jpg","width":1600,"height":900,"caption":"robotti, joka seisoo ulkona"},{"@type":"BreadcrumbList","@id":"https:\/\/blogit.metropolia.fi\/tekoalya-tutkimassa\/#breadcrumb","itemListElement":[{"@type":"ListItem","position":1,"name":"Etusivu","item":"https:\/\/blogit.metropolia.fi\/tekoalya-tutkimassa\/"},{"@type":"ListItem","position":2,"name":"Etusivu"}]},{"@type":"WebSite","@id":"https:\/\/blogit.metropolia.fi\/tekoalya-tutkimassa\/#website","url":"https:\/\/blogit.metropolia.fi\/tekoalya-tutkimassa\/","name":"Teko\u00e4ly\u00e4 tutkimassa","description":"Tieteeseen perustuvaa tietoa teko\u00e4lyst\u00e4","potentialAction":[{"@type":"SearchAction","target":{"@type":"EntryPoint","urlTemplate":"https:\/\/blogit.metropolia.fi\/tekoalya-tutkimassa\/?s={search_term_string}"},"query-input":{"@type":"PropertyValueSpecification","valueRequired":true,"valueName":"search_term_string"}}],"inLanguage":"fi"}]}},"lang":"fi","translations":{"fi":3,"en":25},"pll_sync_post":[],"_links":{"self":[{"href":"https:\/\/blogit.metropolia.fi\/tekoalya-tutkimassa\/wp-json\/wp\/v2\/pages\/3","targetHints":{"allow":["GET"]}}],"collection":[{"href":"https:\/\/blogit.metropolia.fi\/tekoalya-tutkimassa\/wp-json\/wp\/v2\/pages"}],"about":[{"href":"https:\/\/blogit.metropolia.fi\/tekoalya-tutkimassa\/wp-json\/wp\/v2\/types\/page"}],"author":[{"embeddable":true,"href":"https:\/\/blogit.metropolia.fi\/tekoalya-tutkimassa\/wp-json\/wp\/v2\/users\/1"}],"replies":[{"embeddable":true,"href":"https:\/\/blogit.metropolia.fi\/tekoalya-tutkimassa\/wp-json\/wp\/v2\/comments?post=3"}],"version-history":[{"count":7,"href":"https:\/\/blogit.metropolia.fi\/tekoalya-tutkimassa\/wp-json\/wp\/v2\/pages\/3\/revisions"}],"predecessor-version":[{"id":60,"href":"https:\/\/blogit.metropolia.fi\/tekoalya-tutkimassa\/wp-json\/wp\/v2\/pages\/3\/revisions\/60"}],"wp:featuredmedia":[{"embeddable":true,"href":"https:\/\/blogit.metropolia.fi\/tekoalya-tutkimassa\/wp-json\/wp\/v2\/media\/12"}],"wp:attachment":[{"href":"https:\/\/blogit.metropolia.fi\/tekoalya-tutkimassa\/wp-json\/wp\/v2\/media?parent=3"}],"curies":[{"name":"wp","href":"https:\/\/api.w.org\/{rel}","templated":true}]}}