{"id":3,"date":"2024-09-18T09:09:08","date_gmt":"2024-09-18T06:09:08","guid":{"rendered":"https:\/\/blogit.metropolia.fi\/tamaelama\/etusivu\/"},"modified":"2024-10-03T11:27:14","modified_gmt":"2024-10-03T08:27:14","slug":"etusivu","status":"publish","type":"page","link":"https:\/\/blogit.metropolia.fi\/tamaelama\/","title":{"rendered":"Etusivu"},"content":{"rendered":"<button id=\"accordion-title-69d757da8353d\" class=\"accordion-block\" aria-label=\"Avaa: Bloggaajat\" aria-controls=\"accordion-title-69d757da8353d-content\" aria-expanded=\"\">\n\t<span class=\"material-symbols-outlined icon\" aria-hidden=\"true\">\n\t\tarrow_right\n\t<\/span>\n\t<span class=\"accordion-title\">\n\t\t\t\t\tBloggaajat\t\t\t<\/span>\n<\/button>\n\n\n<div id=\"accordion-title-69d757da8353d-content\" class=\"accordion-content\">\n\t\n<section  class=\"user-block\">\n\n\t\n\t\t<div class=\"user\">\n\t\t\t<div class=\"image\">\n\t\t\t\t\t\t\t\t\t<img decoding=\"async\" src=\"https:\/\/blogit.metropolia.fi\/tamaelama\/wp-content\/uploads\/2024\/09\/nakyma.png\" alt=\"\"\/>\n\t\t\t\t\t\t\t<\/div>\n\t\t\t<a class=\"author-link\" href=\"https:\/\/blogit.metropolia.fi\/tamaelama\/author\/a16198\/\">\n\t\t\t\t<span class=\"name h3\">\n\t\t\t\t\tT\u00e4m\u00e4 el\u00e4m\u00e4 -bloggaajat\t\t\t\t<\/span>\n\t\t\t<\/a>\n\t\t\t<span class=\"description\">\n\t\t\t\tT\u00e4m\u00e4 el\u00e4m\u00e4 -hanke on Euroopan sosiaalirahaston rahoittama hanke, jossa luodaan uusia v\u00e4lineit\u00e4 opinto-ohjaukseen esimerkiksi pelillisyyden ja taiteen soveltavan k\u00e4yt\u00f6n avulla. Hankkeessa ovat mukana Metropolia Ammattikorkeakoulu, Helsingin yliopisto, Aalto-yliopisto ja Valteri-koulut. Hanke k\u00e4ynnistyi 1.4.2017 ja jatkuu vuoden 2019 loppuun asti.\t\t\t<\/span>\n\t\t\t\t\t\t\t<a class=\"button transparent email\" href=\"mailto: Hanna-Maija.Aarnio@metropolia.fi\" aria-label=\"L\u00e4het\u00e4 s\u00e4hk\u00f6postia osoitteeseen Hanna-Maija.Aarnio@metropolia.fi\">Ota yhteytt\u00e4<\/a>\n\t\t\t\t\t<\/div>\n\n\t\n<\/section>\n\n\n<section  class=\"user-block\">\n\n\t\n\t\t<div class=\"user\">\n\t\t\t<div class=\"image\">\n\t\t\t\t\t\t\t\t\t<img decoding=\"async\" src=\"https:\/\/blogit.metropolia.fi\/tamaelama\/wp-content\/uploads\/2024\/09\/Irene-Alsti-Lehtonen.jpg\" alt=\"\"\/>\n\t\t\t\t\t\t\t<\/div>\n\t\t\t<a class=\"author-link\" href=\"https:\/\/blogit.metropolia.fi\/tamaelama\/author\/irenea\/\">\n\t\t\t\t<span class=\"name h3\">\n\t\t\t\t\tIrene Alsti-Lehtonen\t\t\t\t<\/span>\n\t\t\t<\/a>\n\t\t\t<span class=\"description\">\n\t\t\t\tty\u00f6skentelee Metropolian musiikin osaamisalueella T\u00e4m\u00e4 el\u00e4m\u00e4 -hankkeen projektip\u00e4\u00e4llikk\u00f6n\u00e4. Vuodesta 2009 Alsti-Lehtonen on ty\u00f6skennellyt Metropoliassa useissa kulttuurialan hankkeissa ja musiikin tutkinto-ohjelman palveluteht\u00e4viss\u00e4. Koulutukseltaan h\u00e4n on musiikkipedagogi AMK ja kasvatustieteiden maisteri. Alsti-Lehtonen on kehitt\u00e4nyt  ty\u00f6el\u00e4m\u00e4\u00e4n ja ammattikorkeakoulutukseen musiikkia, taidetta ja digitaalisuutta hy\u00f6dynt\u00e4vi\u00e4 menetelmi\u00e4 ja ty\u00f6kaluja edist\u00e4m\u00e4\u00e4n ihmisten, kaupunkien ja muiden alueiden toimivuutta ja hyvinvointia. Perhe, yst\u00e4v\u00e4t, jumppatossut, tanssi sek\u00e4 moninaiset taiteen ilot tuovat merkityksellisimm\u00e4t s\u00e4vyt Alsti-Lehtosen el\u00e4m\u00e4\u00e4n.\t\t\t<\/span>\n\t\t\t\t\t\t\t<a class=\"button transparent email\" href=\"mailto: irene.alsti-lehtonen@metropolia.fi\" aria-label=\"L\u00e4het\u00e4 s\u00e4hk\u00f6postia osoitteeseen irene.alsti-lehtonen@metropolia.fi\">Ota yhteytt\u00e4<\/a>\n\t\t\t\t\t<\/div>\n\n\t\n<\/section>\n\n<\/div>\n\n\n\n\n<button id=\"accordion-title-69d757da84f7e\" class=\"accordion-block\" aria-label=\"Avaa: Uusimmat postaukset\" aria-controls=\"accordion-title-69d757da84f7e-content\" aria-expanded=\"\">\n\t<span class=\"material-symbols-outlined icon\" aria-hidden=\"true\">\n\t\tarrow_right\n\t<\/span>\n\t<span class=\"accordion-title\">\n\t\t\t\t\tUusimmat postaukset\t\t\t<\/span>\n<\/button>\n\n\n<div id=\"accordion-title-69d757da84f7e-content\" class=\"accordion-content\">\n\t\n<ul class=\"wp-block-latest-posts__list wp-block-latest-posts\"><li><a class=\"wp-block-latest-posts__post-title\" href=\"https:\/\/blogit.metropolia.fi\/tamaelama\/2019\/12\/17\/vahvuuskieli-ja-tulevaisuuden-pohdinnat-kolmen-nuoren-puheessa\/\">Vahvuuskieli ja tulevaisuuden pohdinnat kolmen nuoren puheessa<\/a><\/li>\n<li><a class=\"wp-block-latest-posts__post-title\" href=\"https:\/\/blogit.metropolia.fi\/tamaelama\/2019\/12\/02\/huomisen-koulu-kumppanuuden-koulu\/\">Huomisen koulu \u2013 kumppanuuden koulu<\/a><\/li>\n<li><a class=\"wp-block-latest-posts__post-title\" href=\"https:\/\/blogit.metropolia.fi\/tamaelama\/2019\/10\/18\/valintavalmiudet-merkitykset-ja-tulevaisuuskuvat-nuorten-koulutusvalintojen-keskiossa\/\">Valintavalmiudet, merkitykset ja tulevaisuuskuvat nuorten koulutusvalintojen keski\u00f6ss\u00e4<\/a><\/li>\n<\/ul>\n<\/div>\n\n\n\n\n<button id=\"accordion-title-69d757da8539c\" class=\"accordion-block\" aria-label=\"Avaa: Arkistot\" aria-controls=\"accordion-title-69d757da8539c-content\" aria-expanded=\"\">\n\t<span class=\"material-symbols-outlined icon\" aria-hidden=\"true\">\n\t\tarrow_right\n\t<\/span>\n\t<span class=\"accordion-title\">\n\t\t\t\t\tArkistot\t\t\t<\/span>\n<\/button>\n\n\n<div id=\"accordion-title-69d757da8539c-content\" class=\"accordion-content\">\n\t\n<ul class=\"wp-block-archives-list wp-block-archives\">\t<li><a href='https:\/\/blogit.metropolia.fi\/tamaelama\/2019\/'>2019<\/a>&nbsp;(6)<\/li>\n\t<li><a href='https:\/\/blogit.metropolia.fi\/tamaelama\/2018\/'>2018<\/a>&nbsp;(14)<\/li>\n\t<li><a href='https:\/\/blogit.metropolia.fi\/tamaelama\/2017\/'>2017<\/a>&nbsp;(5)<\/li>\n<\/ul>\n<\/div>\n\n\n\n\n<button id=\"accordion-title-69d757da86a5a\" class=\"accordion-block\" aria-label=\"Avaa: Avainsanat\" aria-controls=\"accordion-title-69d757da86a5a-content\" aria-expanded=\"\">\n\t<span class=\"material-symbols-outlined icon\" aria-hidden=\"true\">\n\t\tarrow_right\n\t<\/span>\n\t<span class=\"accordion-title\">\n\t\t\t\t\tAvainsanat\t\t\t<\/span>\n<\/button>\n\n\n<div id=\"accordion-title-69d757da86a5a-content\" class=\"accordion-content\">\n\t\n<p class=\"wp-block-tag-cloud\"><a href=\"https:\/\/blogit.metropolia.fi\/tamaelama\/tag\/elementti-improvisaatio\/\" class=\"tag-cloud-link tag-link-39 tag-link-position-1\" style=\"font-size: 8pt;\" aria-label=\"elementti-improvisaatio (1 kohde)\">elementti-improvisaatio<\/a>\n<a href=\"https:\/\/blogit.metropolia.fi\/tamaelama\/tag\/erityispedagogiikka\/\" class=\"tag-cloud-link tag-link-31 tag-link-position-2\" style=\"font-size: 14.222222222222pt;\" aria-label=\"erityispedagogiikka (5 kohdetta)\">erityispedagogiikka<\/a>\n<a href=\"https:\/\/blogit.metropolia.fi\/tamaelama\/tag\/esr-hanke\/\" class=\"tag-cloud-link tag-link-13 tag-link-position-3\" style=\"font-size: 21.481481481481pt;\" aria-label=\"esr-hanke (21 kohdetta)\">esr-hanke<\/a>\n<a href=\"https:\/\/blogit.metropolia.fi\/tamaelama\/tag\/helsingin-yliopisto\/\" class=\"tag-cloud-link tag-link-33 tag-link-position-4\" style=\"font-size: 15.777777777778pt;\" aria-label=\"Helsingin yliopisto (7 kohdetta)\">Helsingin yliopisto<\/a>\n<a href=\"https:\/\/blogit.metropolia.fi\/tamaelama\/tag\/hyveet\/\" class=\"tag-cloud-link tag-link-67 tag-link-position-5\" style=\"font-size: 8pt;\" aria-label=\"hyveet (1 kohde)\">hyveet<\/a>\n<a href=\"https:\/\/blogit.metropolia.fi\/tamaelama\/tag\/kehitystyo\/\" class=\"tag-cloud-link tag-link-55 tag-link-position-6\" style=\"font-size: 16.425925925926pt;\" aria-label=\"kehitysty\u00f6 (8 kohdetta)\">kehitysty\u00f6<\/a>\n<a href=\"https:\/\/blogit.metropolia.fi\/tamaelama\/tag\/kehorytmiikka\/\" class=\"tag-cloud-link tag-link-41 tag-link-position-7\" style=\"font-size: 8pt;\" aria-label=\"kehorytmiikka (1 kohde)\">kehorytmiikka<\/a>\n<a href=\"https:\/\/blogit.metropolia.fi\/tamaelama\/tag\/kohtaaminen\/\" class=\"tag-cloud-link tag-link-43 tag-link-position-8\" style=\"font-size: 11.888888888889pt;\" aria-label=\"kohtaaminen (3 kohdetta)\">kohtaaminen<\/a>\n<a href=\"https:\/\/blogit.metropolia.fi\/tamaelama\/tag\/koodaus\/\" class=\"tag-cloud-link tag-link-37 tag-link-position-9\" style=\"font-size: 8pt;\" aria-label=\"koodaus (1 kohde)\">koodaus<\/a>\n<a href=\"https:\/\/blogit.metropolia.fi\/tamaelama\/tag\/metropolian-musiikki\/\" class=\"tag-cloud-link tag-link-15 tag-link-position-10\" style=\"font-size: 20.444444444444pt;\" aria-label=\"Metropolian musiikki (17 kohdetta)\">Metropolian musiikki<\/a>\n<a href=\"https:\/\/blogit.metropolia.fi\/tamaelama\/tag\/mobiilipeli\/\" class=\"tag-cloud-link tag-link-57 tag-link-position-11\" style=\"font-size: 8pt;\" aria-label=\"mobiilipeli (1 kohde)\">mobiilipeli<\/a>\n<a href=\"https:\/\/blogit.metropolia.fi\/tamaelama\/tag\/moninaisuus\/\" class=\"tag-cloud-link tag-link-79 tag-link-position-12\" style=\"font-size: 8pt;\" aria-label=\"moninaisuus (1 kohde)\">moninaisuus<\/a>\n<a href=\"https:\/\/blogit.metropolia.fi\/tamaelama\/tag\/musiikki\/\" class=\"tag-cloud-link tag-link-45 tag-link-position-13\" style=\"font-size: 11.888888888889pt;\" aria-label=\"musiikki (3 kohdetta)\">musiikki<\/a>\n<a href=\"https:\/\/blogit.metropolia.fi\/tamaelama\/tag\/musiikkipedagogiikka\/\" class=\"tag-cloud-link tag-link-47 tag-link-position-14\" style=\"font-size: 11.888888888889pt;\" aria-label=\"musiikkipedagogiikka (3 kohdetta)\">musiikkipedagogiikka<\/a>\n<a href=\"https:\/\/blogit.metropolia.fi\/tamaelama\/tag\/nuoret\/\" class=\"tag-cloud-link tag-link-49 tag-link-position-15\" style=\"font-size: 17.592592592593pt;\" aria-label=\"nuoret (10 kohdetta)\">nuoret<\/a>\n<a href=\"https:\/\/blogit.metropolia.fi\/tamaelama\/tag\/nuorisotyo\/\" class=\"tag-cloud-link tag-link-17 tag-link-position-16\" style=\"font-size: 13.185185185185pt;\" aria-label=\"nuorisoty\u00f6 (4 kohdetta)\">nuorisoty\u00f6<\/a>\n<a href=\"https:\/\/blogit.metropolia.fi\/tamaelama\/tag\/opinto-ohjaus\/\" class=\"tag-cloud-link tag-link-19 tag-link-position-17\" style=\"font-size: 17.592592592593pt;\" aria-label=\"opinto-ohjaus (10 kohdetta)\">opinto-ohjaus<\/a>\n<a href=\"https:\/\/blogit.metropolia.fi\/tamaelama\/tag\/osallisuus\/\" class=\"tag-cloud-link tag-link-59 tag-link-position-18\" style=\"font-size: 11.888888888889pt;\" aria-label=\"osallisuus (3 kohdetta)\">osallisuus<\/a>\n<a href=\"https:\/\/blogit.metropolia.fi\/tamaelama\/tag\/pelimusiikki\/\" class=\"tag-cloud-link tag-link-27 tag-link-position-19\" style=\"font-size: 15.12962962963pt;\" aria-label=\"pelimusiikki (6 kohdetta)\">pelimusiikki<\/a>\n<a href=\"https:\/\/blogit.metropolia.fi\/tamaelama\/tag\/pelinrakennus\/\" class=\"tag-cloud-link tag-link-21 tag-link-position-20\" style=\"font-size: 14.222222222222pt;\" aria-label=\"pelinrakennus (5 kohdetta)\">pelinrakennus<\/a>\n<a href=\"https:\/\/blogit.metropolia.fi\/tamaelama\/tag\/pilottikoulut\/\" class=\"tag-cloud-link tag-link-61 tag-link-position-21\" style=\"font-size: 10.333333333333pt;\" aria-label=\"pilottikoulut (2 kohdetta)\">pilottikoulut<\/a>\n<a href=\"https:\/\/blogit.metropolia.fi\/tamaelama\/tag\/qr-koodi\/\" class=\"tag-cloud-link tag-link-83 tag-link-position-22\" style=\"font-size: 8pt;\" aria-label=\"QR-koodi (1 kohde)\">QR-koodi<\/a>\n<a href=\"https:\/\/blogit.metropolia.fi\/tamaelama\/tag\/ruskis\/\" class=\"tag-cloud-link tag-link-69 tag-link-position-23\" style=\"font-size: 13.185185185185pt;\" aria-label=\"Ruskis (4 kohdetta)\">Ruskis<\/a>\n<a href=\"https:\/\/blogit.metropolia.fi\/tamaelama\/tag\/taiteen-soveltava-kaytto\/\" class=\"tag-cloud-link tag-link-23 tag-link-position-24\" style=\"font-size: 10.333333333333pt;\" aria-label=\"taiteen soveltava k\u00e4ytt\u00f6 (2 kohdetta)\">taiteen soveltava k\u00e4ytt\u00f6<\/a>\n<a href=\"https:\/\/blogit.metropolia.fi\/tamaelama\/tag\/toimintakyky\/\" class=\"tag-cloud-link tag-link-73 tag-link-position-25\" style=\"font-size: 10.333333333333pt;\" aria-label=\"toimintakyky (2 kohdetta)\">toimintakyky<\/a>\n<a href=\"https:\/\/blogit.metropolia.fi\/tamaelama\/tag\/tulevaisuus\/\" class=\"tag-cloud-link tag-link-85 tag-link-position-26\" style=\"font-size: 8pt;\" aria-label=\"tulevaisuus (1 kohde)\">tulevaisuus<\/a>\n<a href=\"https:\/\/blogit.metropolia.fi\/tamaelama\/tag\/tulevaisuuskasvatus\/\" class=\"tag-cloud-link tag-link-77 tag-link-position-27\" style=\"font-size: 11.888888888889pt;\" aria-label=\"tulevaisuuskasvatus (3 kohdetta)\">tulevaisuuskasvatus<\/a>\n<a href=\"https:\/\/blogit.metropolia.fi\/tamaelama\/tag\/tutkimus\/\" class=\"tag-cloud-link tag-link-35 tag-link-position-28\" style=\"font-size: 10.333333333333pt;\" aria-label=\"tutkimus (2 kohdetta)\">tutkimus<\/a>\n<a href=\"https:\/\/blogit.metropolia.fi\/tamaelama\/tag\/tyopajat\/\" class=\"tag-cloud-link tag-link-63 tag-link-position-29\" style=\"font-size: 13.185185185185pt;\" aria-label=\"ty\u00f6pajat (4 kohdetta)\">ty\u00f6pajat<\/a>\n<a href=\"https:\/\/blogit.metropolia.fi\/tamaelama\/tag\/tama-elama\/\" class=\"tag-cloud-link tag-link-25 tag-link-position-30\" style=\"font-size: 22pt;\" aria-label=\"T\u00e4m\u00e4 el\u00e4m\u00e4 (23 kohdetta)\">T\u00e4m\u00e4 el\u00e4m\u00e4<\/a>\n<a href=\"https:\/\/blogit.metropolia.fi\/tamaelama\/tag\/tama-elama-hanke\/\" class=\"tag-cloud-link tag-link-51 tag-link-position-31\" style=\"font-size: 20.962962962963pt;\" aria-label=\"t\u00e4m\u00e4 el\u00e4m\u00e4 -hanke (19 kohdetta)\">t\u00e4m\u00e4 el\u00e4m\u00e4 -hanke<\/a>\n<a href=\"https:\/\/blogit.metropolia.fi\/tamaelama\/tag\/vahvuudet\/\" class=\"tag-cloud-link tag-link-65 tag-link-position-32\" style=\"font-size: 17.592592592593pt;\" aria-label=\"vahvuudet (10 kohdetta)\">vahvuudet<\/a>\n<a href=\"https:\/\/blogit.metropolia.fi\/tamaelama\/tag\/valteri-koulu\/\" class=\"tag-cloud-link tag-link-71 tag-link-position-33\" style=\"font-size: 13.185185185185pt;\" aria-label=\"Valteri-koulu (4 kohdetta)\">Valteri-koulu<\/a>\n<a href=\"https:\/\/blogit.metropolia.fi\/tamaelama\/tag\/vanhemmuus\/\" class=\"tag-cloud-link tag-link-75 tag-link-position-34\" style=\"font-size: 8pt;\" aria-label=\"vanhemmuus (1 kohde)\">vanhemmuus<\/a>\n<a href=\"https:\/\/blogit.metropolia.fi\/tamaelama\/tag\/yhdenvertaisuus\/\" class=\"tag-cloud-link tag-link-81 tag-link-position-35\" style=\"font-size: 10.333333333333pt;\" aria-label=\"yhdenvertaisuus (2 kohdetta)\">yhdenvertaisuus<\/a>\n<a href=\"https:\/\/blogit.metropolia.fi\/tamaelama\/tag\/yhteisopettajuus\/\" class=\"tag-cloud-link tag-link-87 tag-link-position-36\" style=\"font-size: 8pt;\" aria-label=\"yhteisopettajuus (1 kohde)\">yhteisopettajuus<\/a>\n<a href=\"https:\/\/blogit.metropolia.fi\/tamaelama\/tag\/ylakoulu\/\" class=\"tag-cloud-link tag-link-29 tag-link-position-37\" style=\"font-size: 19.018518518519pt;\" aria-label=\"yl\u00e4koulu (13 kohdetta)\">yl\u00e4koulu<\/a>\n<a href=\"https:\/\/blogit.metropolia.fi\/tamaelama\/tag\/ylakoulut\/\" class=\"tag-cloud-link tag-link-53 tag-link-position-38\" style=\"font-size: 13.185185185185pt;\" aria-label=\"yl\u00e4koulut (4 kohdetta)\">yl\u00e4koulut<\/a><\/p>\n<\/div>\n\n\n\n\n<button id=\"accordion-title-69d757da8835f\" class=\"accordion-block\" aria-label=\"Avaa: Rahoittajat\" aria-controls=\"accordion-title-69d757da8835f-content\" aria-expanded=\"\">\n\t<span class=\"material-symbols-outlined icon\" aria-hidden=\"true\">\n\t\tarrow_right\n\t<\/span>\n\t<span class=\"accordion-title\">\n\t\t\t\t\tRahoittajat\t\t\t<\/span>\n<\/button>\n\n\n<div id=\"accordion-title-69d757da8835f-content\" class=\"accordion-content\">\n\t\n\n<figure class=\"wp-block-image size-full\"><img loading=\"lazy\" decoding=\"async\" width=\"297\" height=\"110\" src=\"https:\/\/blogit.metropolia.fi\/tamaelama\/wp-content\/uploads\/sites\/25\/2024\/09\/EUvipuvoimaaBlogi.jpg\" alt=\"\" class=\"wp-image-78\"\/><\/figure>\n\n<\/div>\n\n\n","protected":false},"excerpt":{"rendered":"","protected":false},"author":3,"featured_media":0,"parent":0,"menu_order":0,"comment_status":"closed","ping_status":"closed","template":"blog-homepage.php","meta":{"_acf_changed":false,"_exactmetrics_skip_tracking":false,"_exactmetrics_sitenote_active":false,"_exactmetrics_sitenote_note":"","_exactmetrics_sitenote_category":0,"footnotes":""},"class_list":["post-3","page","type-page","status-publish","hentry"],"acf":[],"yoast_head":"<!-- This site is optimized with the Yoast SEO plugin v27.3 - https:\/\/yoast.com\/product\/yoast-seo-wordpress\/ -->\n<title>T\u00e4m\u00e4 el\u00e4m\u00e4 - Metropolian blogit<\/title>\n<meta name=\"description\" content=\"T\u00e4m\u00e4 el\u00e4m\u00e4 -blogi kertoo samannimisen Euroopan sosiaalirahaston rahoittaman hankkeen toiminnasta opinto-ohjauksen uusien v\u00e4lineiden luomisessa.\" \/>\n<meta name=\"robots\" content=\"index, follow, max-snippet:-1, max-image-preview:large, max-video-preview:-1\" \/>\n<link rel=\"canonical\" href=\"https:\/\/blogit.metropolia.fi\/tamaelama\/\" \/>\n<meta property=\"og:locale\" content=\"fi_FI\" \/>\n<meta property=\"og:type\" content=\"article\" \/>\n<meta property=\"og:title\" content=\"T\u00e4m\u00e4 el\u00e4m\u00e4 - Metropolian blogit\" \/>\n<meta property=\"og:description\" content=\"T\u00e4m\u00e4 el\u00e4m\u00e4 -blogi kertoo samannimisen Euroopan sosiaalirahaston rahoittaman hankkeen toiminnasta opinto-ohjauksen uusien v\u00e4lineiden luomisessa.\" \/>\n<meta property=\"og:url\" content=\"https:\/\/blogit.metropolia.fi\/tamaelama\/\" \/>\n<meta property=\"og:site_name\" content=\"T\u00e4m\u00e4 el\u00e4m\u00e4\" \/>\n<meta property=\"article:modified_time\" content=\"2024-10-03T08:27:14+00:00\" \/>\n<meta property=\"og:image\" content=\"https:\/\/blogit.metropolia.fi\/tamaelama\/wp-content\/uploads\/sites\/25\/2024\/09\/EUvipuvoimaaBlogi.jpg\" \/>\n<meta name=\"twitter:card\" content=\"summary_large_image\" \/>\n<meta name=\"twitter:label1\" content=\"Arvioitu lukuaika\" \/>\n\t<meta name=\"twitter:data1\" content=\"1 minuutti\" \/>\n<script type=\"application\/ld+json\" class=\"yoast-schema-graph\">{\"@context\":\"https:\\\/\\\/schema.org\",\"@graph\":[{\"@type\":\"WebPage\",\"@id\":\"https:\\\/\\\/blogit.metropolia.fi\\\/tamaelama\\\/\",\"url\":\"https:\\\/\\\/blogit.metropolia.fi\\\/tamaelama\\\/\",\"name\":\"T\u00e4m\u00e4 el\u00e4m\u00e4 - Metropolian blogit\",\"isPartOf\":{\"@id\":\"https:\\\/\\\/blogit.metropolia.fi\\\/tamaelama\\\/#website\"},\"primaryImageOfPage\":{\"@id\":\"https:\\\/\\\/blogit.metropolia.fi\\\/tamaelama\\\/#primaryimage\"},\"image\":{\"@id\":\"https:\\\/\\\/blogit.metropolia.fi\\\/tamaelama\\\/#primaryimage\"},\"thumbnailUrl\":\"https:\\\/\\\/blogit.metropolia.fi\\\/tamaelama\\\/wp-content\\\/uploads\\\/sites\\\/25\\\/2024\\\/09\\\/EUvipuvoimaaBlogi.jpg\",\"datePublished\":\"2024-09-18T06:09:08+00:00\",\"dateModified\":\"2024-10-03T08:27:14+00:00\",\"description\":\"T\u00e4m\u00e4 el\u00e4m\u00e4 -blogi kertoo samannimisen Euroopan sosiaalirahaston rahoittaman hankkeen toiminnasta opinto-ohjauksen uusien v\u00e4lineiden luomisessa.\",\"breadcrumb\":{\"@id\":\"https:\\\/\\\/blogit.metropolia.fi\\\/tamaelama\\\/#breadcrumb\"},\"inLanguage\":\"fi\",\"potentialAction\":[{\"@type\":\"ReadAction\",\"target\":[\"https:\\\/\\\/blogit.metropolia.fi\\\/tamaelama\\\/\"]}]},{\"@type\":\"ImageObject\",\"inLanguage\":\"fi\",\"@id\":\"https:\\\/\\\/blogit.metropolia.fi\\\/tamaelama\\\/#primaryimage\",\"url\":\"https:\\\/\\\/blogit.metropolia.fi\\\/tamaelama\\\/wp-content\\\/uploads\\\/sites\\\/25\\\/2024\\\/09\\\/EUvipuvoimaaBlogi.jpg\",\"contentUrl\":\"https:\\\/\\\/blogit.metropolia.fi\\\/tamaelama\\\/wp-content\\\/uploads\\\/sites\\\/25\\\/2024\\\/09\\\/EUvipuvoimaaBlogi.jpg\",\"width\":297,\"height\":110},{\"@type\":\"BreadcrumbList\",\"@id\":\"https:\\\/\\\/blogit.metropolia.fi\\\/tamaelama\\\/#breadcrumb\",\"itemListElement\":[{\"@type\":\"ListItem\",\"position\":1,\"name\":\"Etusivu\",\"item\":\"https:\\\/\\\/blogit.metropolia.fi\\\/tamaelama\\\/\"},{\"@type\":\"ListItem\",\"position\":2,\"name\":\"Etusivu\"}]},{\"@type\":\"WebSite\",\"@id\":\"https:\\\/\\\/blogit.metropolia.fi\\\/tamaelama\\\/#website\",\"url\":\"https:\\\/\\\/blogit.metropolia.fi\\\/tamaelama\\\/\",\"name\":\"T\u00e4m\u00e4 el\u00e4m\u00e4\",\"description\":\"Blogissa seurataan T\u00e4m\u00e4 el\u00e4m\u00e4 -hankkeen vaiheita\",\"potentialAction\":[{\"@type\":\"SearchAction\",\"target\":{\"@type\":\"EntryPoint\",\"urlTemplate\":\"https:\\\/\\\/blogit.metropolia.fi\\\/tamaelama\\\/?s={search_term_string}\"},\"query-input\":{\"@type\":\"PropertyValueSpecification\",\"valueRequired\":true,\"valueName\":\"search_term_string\"}}],\"inLanguage\":\"fi\"}]}<\/script>\n<!-- \/ Yoast SEO plugin. -->","yoast_head_json":{"title":"T\u00e4m\u00e4 el\u00e4m\u00e4 - Metropolian blogit","description":"T\u00e4m\u00e4 el\u00e4m\u00e4 -blogi kertoo samannimisen Euroopan sosiaalirahaston rahoittaman hankkeen toiminnasta opinto-ohjauksen uusien v\u00e4lineiden luomisessa.","robots":{"index":"index","follow":"follow","max-snippet":"max-snippet:-1","max-image-preview":"max-image-preview:large","max-video-preview":"max-video-preview:-1"},"canonical":"https:\/\/blogit.metropolia.fi\/tamaelama\/","og_locale":"fi_FI","og_type":"article","og_title":"T\u00e4m\u00e4 el\u00e4m\u00e4 - Metropolian blogit","og_description":"T\u00e4m\u00e4 el\u00e4m\u00e4 -blogi kertoo samannimisen Euroopan sosiaalirahaston rahoittaman hankkeen toiminnasta opinto-ohjauksen uusien v\u00e4lineiden luomisessa.","og_url":"https:\/\/blogit.metropolia.fi\/tamaelama\/","og_site_name":"T\u00e4m\u00e4 el\u00e4m\u00e4","article_modified_time":"2024-10-03T08:27:14+00:00","og_image":[{"url":"https:\/\/blogit.metropolia.fi\/tamaelama\/wp-content\/uploads\/sites\/25\/2024\/09\/EUvipuvoimaaBlogi.jpg","type":"","width":"","height":""}],"twitter_card":"summary_large_image","twitter_misc":{"Arvioitu lukuaika":"1 minuutti"},"schema":{"@context":"https:\/\/schema.org","@graph":[{"@type":"WebPage","@id":"https:\/\/blogit.metropolia.fi\/tamaelama\/","url":"https:\/\/blogit.metropolia.fi\/tamaelama\/","name":"T\u00e4m\u00e4 el\u00e4m\u00e4 - Metropolian blogit","isPartOf":{"@id":"https:\/\/blogit.metropolia.fi\/tamaelama\/#website"},"primaryImageOfPage":{"@id":"https:\/\/blogit.metropolia.fi\/tamaelama\/#primaryimage"},"image":{"@id":"https:\/\/blogit.metropolia.fi\/tamaelama\/#primaryimage"},"thumbnailUrl":"https:\/\/blogit.metropolia.fi\/tamaelama\/wp-content\/uploads\/sites\/25\/2024\/09\/EUvipuvoimaaBlogi.jpg","datePublished":"2024-09-18T06:09:08+00:00","dateModified":"2024-10-03T08:27:14+00:00","description":"T\u00e4m\u00e4 el\u00e4m\u00e4 -blogi kertoo samannimisen Euroopan sosiaalirahaston rahoittaman hankkeen toiminnasta opinto-ohjauksen uusien v\u00e4lineiden luomisessa.","breadcrumb":{"@id":"https:\/\/blogit.metropolia.fi\/tamaelama\/#breadcrumb"},"inLanguage":"fi","potentialAction":[{"@type":"ReadAction","target":["https:\/\/blogit.metropolia.fi\/tamaelama\/"]}]},{"@type":"ImageObject","inLanguage":"fi","@id":"https:\/\/blogit.metropolia.fi\/tamaelama\/#primaryimage","url":"https:\/\/blogit.metropolia.fi\/tamaelama\/wp-content\/uploads\/sites\/25\/2024\/09\/EUvipuvoimaaBlogi.jpg","contentUrl":"https:\/\/blogit.metropolia.fi\/tamaelama\/wp-content\/uploads\/sites\/25\/2024\/09\/EUvipuvoimaaBlogi.jpg","width":297,"height":110},{"@type":"BreadcrumbList","@id":"https:\/\/blogit.metropolia.fi\/tamaelama\/#breadcrumb","itemListElement":[{"@type":"ListItem","position":1,"name":"Etusivu","item":"https:\/\/blogit.metropolia.fi\/tamaelama\/"},{"@type":"ListItem","position":2,"name":"Etusivu"}]},{"@type":"WebSite","@id":"https:\/\/blogit.metropolia.fi\/tamaelama\/#website","url":"https:\/\/blogit.metropolia.fi\/tamaelama\/","name":"T\u00e4m\u00e4 el\u00e4m\u00e4","description":"Blogissa seurataan T\u00e4m\u00e4 el\u00e4m\u00e4 -hankkeen vaiheita","potentialAction":[{"@type":"SearchAction","target":{"@type":"EntryPoint","urlTemplate":"https:\/\/blogit.metropolia.fi\/tamaelama\/?s={search_term_string}"},"query-input":{"@type":"PropertyValueSpecification","valueRequired":true,"valueName":"search_term_string"}}],"inLanguage":"fi"}]}},"lang":"fi","translations":{"fi":3},"pll_sync_post":[],"_links":{"self":[{"href":"https:\/\/blogit.metropolia.fi\/tamaelama\/wp-json\/wp\/v2\/pages\/3","targetHints":{"allow":["GET"]}}],"collection":[{"href":"https:\/\/blogit.metropolia.fi\/tamaelama\/wp-json\/wp\/v2\/pages"}],"about":[{"href":"https:\/\/blogit.metropolia.fi\/tamaelama\/wp-json\/wp\/v2\/types\/page"}],"author":[{"embeddable":true,"href":"https:\/\/blogit.metropolia.fi\/tamaelama\/wp-json\/wp\/v2\/users\/3"}],"replies":[{"embeddable":true,"href":"https:\/\/blogit.metropolia.fi\/tamaelama\/wp-json\/wp\/v2\/comments?post=3"}],"version-history":[{"count":3,"href":"https:\/\/blogit.metropolia.fi\/tamaelama\/wp-json\/wp\/v2\/pages\/3\/revisions"}],"predecessor-version":[{"id":111,"href":"https:\/\/blogit.metropolia.fi\/tamaelama\/wp-json\/wp\/v2\/pages\/3\/revisions\/111"}],"wp:attachment":[{"href":"https:\/\/blogit.metropolia.fi\/tamaelama\/wp-json\/wp\/v2\/media?parent=3"}],"curies":[{"name":"wp","href":"https:\/\/api.w.org\/{rel}","templated":true}]}}