{"id":3,"date":"2024-09-18T09:04:32","date_gmt":"2024-09-18T06:04:32","guid":{"rendered":"https:\/\/blogit.metropolia.fi\/robologi\/etusivu\/"},"modified":"2024-10-03T11:28:15","modified_gmt":"2024-10-03T08:28:15","slug":"etusivu","status":"publish","type":"page","link":"https:\/\/blogit.metropolia.fi\/robologi\/","title":{"rendered":"Etusivu"},"content":{"rendered":"<button id=\"accordion-title-69d68b17d52be\" class=\"accordion-block\" aria-label=\"Avaa: Tietoa blogista\" aria-controls=\"accordion-title-69d68b17d52be-content\" aria-expanded=\"\">\n\t<span class=\"material-symbols-outlined icon\" aria-hidden=\"true\">\n\t\tarrow_right\n\t<\/span>\n\t<span class=\"accordion-title\">\n\t\t\t\t\tTietoa blogista\t\t\t<\/span>\n<\/button>\n\n\n<div id=\"accordion-title-69d68b17d52be-content\" class=\"accordion-content\">\n\t\n\n<p>Robologi-blogi on robotiikkaa ja sen ymp\u00e4rill\u00e4 tapahtuvia muutoksia ja mahdollisuuksia k\u00e4sittelev\u00e4 Metropolian blogi. Blogista voit nyt lukea mit\u00e4 robotiikan, teko\u00e4lyn ja digitalisaation saralla tapahtuu. Robologi sai alkunsa\u00a0<a href=\"https:\/\/www.roboreeel6aika.com\/\" target=\"_blank\" rel=\"noreferrer noopener\">Roboreel-hankkeesta<\/a><\/p>\n\n<\/div>\n\n\n\n\n<button id=\"accordion-title-69d68b17d5499\" class=\"accordion-block\" aria-label=\"Avaa: Blogin toimituskunta\" aria-controls=\"accordion-title-69d68b17d5499-content\" aria-expanded=\"\">\n\t<span class=\"material-symbols-outlined icon\" aria-hidden=\"true\">\n\t\tarrow_right\n\t<\/span>\n\t<span class=\"accordion-title\">\n\t\t\t\t\tBlogin toimituskunta\t\t\t<\/span>\n<\/button>\n\n\n<div id=\"accordion-title-69d68b17d5499-content\" class=\"accordion-content\">\n\t\n\n<p><strong>P\u00e4ivi Haho<\/strong>, p\u00e4\u00e4toimittaja, yliopettaja, TKI, p. +358 40 1677990<br><strong>Antero Putkiranta<\/strong>, yliopettaja, tuotantotalous, p. +358 40 169 5939<br><strong>Tea Savola<\/strong>, lehtori, Ajoneuvo- ja konetekniikka, p. +358 40 678 4866<br><strong>Antti Liljaniemi<\/strong>, lehtori, Ajoneuvo- ja konetekniikka, p. +358 40 024 0756<br>S\u00e4hk\u00f6postiosoitteet:\u00a0etunimi.sukunimi@metropolia.fi<br><br>Toimituskunta toimittaa Robologi-blogin sis\u00e4ll\u00f6t ennen julkaisua.<br><br>Oletko kiinnostunut olemaan osa Robologin kirjoittajakuntaa? Laita viesti\u00e4 osoitteeseen\u00a0<a href=\"javascript:;\">paivi.haho@metropolia.fi<\/a>.<\/p>\n\n<\/div>\n\n\n\n\n<button id=\"accordion-title-69d68b17d6c35\" class=\"accordion-block\" aria-label=\"Avaa: Uusimmat postaukset\" aria-controls=\"accordion-title-69d68b17d6c35-content\" aria-expanded=\"\">\n\t<span class=\"material-symbols-outlined icon\" aria-hidden=\"true\">\n\t\tarrow_right\n\t<\/span>\n\t<span class=\"accordion-title\">\n\t\t\t\t\tUusimmat postaukset\t\t\t<\/span>\n<\/button>\n\n\n<div id=\"accordion-title-69d68b17d6c35-content\" class=\"accordion-content\">\n\t\n<ul class=\"wp-block-latest-posts__list wp-block-latest-posts\"><li><a class=\"wp-block-latest-posts__post-title\" href=\"https:\/\/blogit.metropolia.fi\/robologi\/2024\/12\/23\/building-skills-and-global-networking-connections-how-metropolia-opens-doors-for-students\/\">Building Skills and Global Networking Connections: How Metropolia Opens Doors for Students<\/a><\/li>\n<li><a class=\"wp-block-latest-posts__post-title\" href=\"https:\/\/blogit.metropolia.fi\/robologi\/2024\/12\/18\/a-journey-to-the-sick-hackathon\/\">A Journey to the SICK Hackathon<\/a><\/li>\n<li><a class=\"wp-block-latest-posts__post-title\" href=\"https:\/\/blogit.metropolia.fi\/robologi\/2024\/11\/01\/big-flashin-toimintamalleilla-tkio-haltuun-osa-2\/\">Big-Flashin toimintamalleilla TKIO haltuun Osa 2<\/a><\/li>\n<\/ul>\n<\/div>\n\n\n\n\n<button id=\"accordion-title-69d68b17d70b6\" class=\"accordion-block\" aria-label=\"Avaa: Arkistot\" aria-controls=\"accordion-title-69d68b17d70b6-content\" aria-expanded=\"\">\n\t<span class=\"material-symbols-outlined icon\" aria-hidden=\"true\">\n\t\tarrow_right\n\t<\/span>\n\t<span class=\"accordion-title\">\n\t\t\t\t\tArkistot\t\t\t<\/span>\n<\/button>\n\n\n<div id=\"accordion-title-69d68b17d70b6-content\" class=\"accordion-content\">\n\t\n<ul class=\"wp-block-archives-list wp-block-archives\">\t<li><a href='https:\/\/blogit.metropolia.fi\/robologi\/2024\/'>2024<\/a>&nbsp;(4)<\/li>\n\t<li><a href='https:\/\/blogit.metropolia.fi\/robologi\/2023\/'>2023<\/a>&nbsp;(3)<\/li>\n\t<li><a href='https:\/\/blogit.metropolia.fi\/robologi\/2022\/'>2022<\/a>&nbsp;(10)<\/li>\n\t<li><a href='https:\/\/blogit.metropolia.fi\/robologi\/2021\/'>2021<\/a>&nbsp;(10)<\/li>\n\t<li><a href='https:\/\/blogit.metropolia.fi\/robologi\/2020\/'>2020<\/a>&nbsp;(12)<\/li>\n\t<li><a href='https:\/\/blogit.metropolia.fi\/robologi\/2019\/'>2019<\/a>&nbsp;(10)<\/li>\n<\/ul>\n<\/div>\n\n\n\n\n<button id=\"accordion-title-69d68b17d879b\" class=\"accordion-block\" aria-label=\"Avaa: Avainsanat\" aria-controls=\"accordion-title-69d68b17d879b-content\" aria-expanded=\"\">\n\t<span class=\"material-symbols-outlined icon\" aria-hidden=\"true\">\n\t\tarrow_right\n\t<\/span>\n\t<span class=\"accordion-title\">\n\t\t\t\t\tAvainsanat\t\t\t<\/span>\n<\/button>\n\n\n<div id=\"accordion-title-69d68b17d879b-content\" class=\"accordion-content\">\n\t\n<p class=\"wp-block-tag-cloud\"><a href=\"https:\/\/blogit.metropolia.fi\/robologi\/tag\/aiot-garage\/\" class=\"tag-cloud-link tag-link-391 tag-link-position-1\" style=\"font-size: 12.941176470588pt;\" aria-label=\"AIoT Garage (3 kohdetta)\">AIoT Garage<\/a>\n<a href=\"https:\/\/blogit.metropolia.fi\/robologi\/tag\/arvo\/\" class=\"tag-cloud-link tag-link-33 tag-link-position-2\" style=\"font-size: 8pt;\" aria-label=\"Arvo (1 kohde)\">Arvo<\/a>\n<a href=\"https:\/\/blogit.metropolia.fi\/robologi\/tag\/automaatio\/\" class=\"tag-cloud-link tag-link-137 tag-link-position-3\" style=\"font-size: 14.588235294118pt;\" aria-label=\"automaatio (4 kohdetta)\">automaatio<\/a>\n<a href=\"https:\/\/blogit.metropolia.fi\/robologi\/tag\/big-flash\/\" class=\"tag-cloud-link tag-link-383 tag-link-position-4\" style=\"font-size: 12.941176470588pt;\" aria-label=\"Big-Flash (3 kohdetta)\">Big-Flash<\/a>\n<a href=\"https:\/\/blogit.metropolia.fi\/robologi\/tag\/cobotti\/\" class=\"tag-cloud-link tag-link-19 tag-link-position-5\" style=\"font-size: 10.964705882353pt;\" aria-label=\"Cobotti (2 kohdetta)\">Cobotti<\/a>\n<a href=\"https:\/\/blogit.metropolia.fi\/robologi\/tag\/digi-salama\/\" class=\"tag-cloud-link tag-link-313 tag-link-position-6\" style=\"font-size: 17.058823529412pt;\" aria-label=\"Digi-salama (6 kohdetta)\">Digi-salama<\/a>\n<a href=\"https:\/\/blogit.metropolia.fi\/robologi\/tag\/digitaalinen-kaksonen\/\" class=\"tag-cloud-link tag-link-179 tag-link-position-7\" style=\"font-size: 10.964705882353pt;\" aria-label=\"Digitaalinen kaksonen (2 kohdetta)\">Digitaalinen kaksonen<\/a>\n<a href=\"https:\/\/blogit.metropolia.fi\/robologi\/tag\/digitalisaatio\/\" class=\"tag-cloud-link tag-link-43 tag-link-position-8\" style=\"font-size: 14.588235294118pt;\" aria-label=\"Digitalisaatio (4 kohdetta)\">Digitalisaatio<\/a>\n<a href=\"https:\/\/blogit.metropolia.fi\/robologi\/tag\/digital-twin\/\" class=\"tag-cloud-link tag-link-181 tag-link-position-9\" style=\"font-size: 10.964705882353pt;\" aria-label=\"Digital Twin (2 kohdetta)\">Digital Twin<\/a>\n<a href=\"https:\/\/blogit.metropolia.fi\/robologi\/tag\/eettisesti-kestava\/\" class=\"tag-cloud-link tag-link-45 tag-link-position-10\" style=\"font-size: 8pt;\" aria-label=\"Eettisesti kest\u00e4v\u00e4 (1 kohde)\">Eettisesti kest\u00e4v\u00e4<\/a>\n<a href=\"https:\/\/blogit.metropolia.fi\/robologi\/tag\/etiikka\/\" class=\"tag-cloud-link tag-link-215 tag-link-position-11\" style=\"font-size: 17.058823529412pt;\" aria-label=\"Etiikka (6 kohdetta)\">Etiikka<\/a>\n<a href=\"https:\/\/blogit.metropolia.fi\/robologi\/tag\/hyljerobotti\/\" class=\"tag-cloud-link tag-link-37 tag-link-position-12\" style=\"font-size: 12.941176470588pt;\" aria-label=\"Hyljerobotti (3 kohdetta)\">Hyljerobotti<\/a>\n<a href=\"https:\/\/blogit.metropolia.fi\/robologi\/tag\/hyvinvointiteknologia\/\" class=\"tag-cloud-link tag-link-79 tag-link-position-13\" style=\"font-size: 14.588235294118pt;\" aria-label=\"Hyvinvointiteknologia (4 kohdetta)\">Hyvinvointiteknologia<\/a>\n<a href=\"https:\/\/blogit.metropolia.fi\/robologi\/tag\/karel-capek\/\" class=\"tag-cloud-link tag-link-47 tag-link-position-14\" style=\"font-size: 8pt;\" aria-label=\"Karel \u010capek (1 kohde)\">Karel \u010capek<\/a>\n<a href=\"https:\/\/blogit.metropolia.fi\/robologi\/tag\/kilpailukyky\/\" class=\"tag-cloud-link tag-link-147 tag-link-position-15\" style=\"font-size: 10.964705882353pt;\" aria-label=\"Kilpailukyky (2 kohdetta)\">Kilpailukyky<\/a>\n<a href=\"https:\/\/blogit.metropolia.fi\/robologi\/tag\/kobotti\/\" class=\"tag-cloud-link tag-link-245 tag-link-position-16\" style=\"font-size: 10.964705882353pt;\" aria-label=\"Kobotti (2 kohdetta)\">Kobotti<\/a>\n<a href=\"https:\/\/blogit.metropolia.fi\/robologi\/tag\/koneoppiminen\/\" class=\"tag-cloud-link tag-link-275 tag-link-position-17\" style=\"font-size: 12.941176470588pt;\" aria-label=\"Koneoppiminen (3 kohdetta)\">Koneoppiminen<\/a>\n<a href=\"https:\/\/blogit.metropolia.fi\/robologi\/tag\/konsultointiopas\/\" class=\"tag-cloud-link tag-link-25 tag-link-position-18\" style=\"font-size: 8pt;\" aria-label=\"Konsultointiopas (1 kohde)\">Konsultointiopas<\/a>\n<a href=\"https:\/\/blogit.metropolia.fi\/robologi\/tag\/kayttajien-tarpeet\/\" class=\"tag-cloud-link tag-link-49 tag-link-position-19\" style=\"font-size: 8pt;\" aria-label=\"K\u00e4ytt\u00e4jien tarpeet (1 kohde)\">K\u00e4ytt\u00e4jien tarpeet<\/a>\n<a href=\"https:\/\/blogit.metropolia.fi\/robologi\/tag\/lidar\/\" class=\"tag-cloud-link tag-link-185 tag-link-position-20\" style=\"font-size: 10.964705882353pt;\" aria-label=\"LiDAR (2 kohdetta)\">LiDAR<\/a>\n<a href=\"https:\/\/blogit.metropolia.fi\/robologi\/tag\/megatrendi\/\" class=\"tag-cloud-link tag-link-13 tag-link-position-21\" style=\"font-size: 8pt;\" aria-label=\"Megatrendi (1 kohde)\">Megatrendi<\/a>\n<a href=\"https:\/\/blogit.metropolia.fi\/robologi\/tag\/nao\/\" class=\"tag-cloud-link tag-link-63 tag-link-position-22\" style=\"font-size: 10.964705882353pt;\" aria-label=\"Nao (2 kohdetta)\">Nao<\/a>\n<a href=\"https:\/\/blogit.metropolia.fi\/robologi\/tag\/palvelurobotiikka\/\" class=\"tag-cloud-link tag-link-257 tag-link-position-23\" style=\"font-size: 10.964705882353pt;\" aria-label=\"Palvelurobotiikka (2 kohdetta)\">Palvelurobotiikka<\/a>\n<a href=\"https:\/\/blogit.metropolia.fi\/robologi\/tag\/paro\/\" class=\"tag-cloud-link tag-link-39 tag-link-position-24\" style=\"font-size: 12.941176470588pt;\" aria-label=\"Paro (3 kohdetta)\">Paro<\/a>\n<a href=\"https:\/\/blogit.metropolia.fi\/robologi\/tag\/robo-garage\/\" class=\"tag-cloud-link tag-link-389 tag-link-position-25\" style=\"font-size: 15.905882352941pt;\" aria-label=\"Robo Garage (5 kohdetta)\">Robo Garage<\/a>\n<a href=\"https:\/\/blogit.metropolia.fi\/robologi\/tag\/roboreel\/\" class=\"tag-cloud-link tag-link-27 tag-link-position-26\" style=\"font-size: 17.882352941176pt;\" aria-label=\"Roboreel (7 kohdetta)\">Roboreel<\/a>\n<a href=\"https:\/\/blogit.metropolia.fi\/robologi\/tag\/roboreel-konsultointikirja\/\" class=\"tag-cloud-link tag-link-29 tag-link-position-27\" style=\"font-size: 8pt;\" aria-label=\"Roboreel-konsultointikirja (1 kohde)\">Roboreel-konsultointikirja<\/a>\n<a href=\"https:\/\/blogit.metropolia.fi\/robologi\/tag\/robotiikka\/\" class=\"tag-cloud-link tag-link-15 tag-link-position-28\" style=\"font-size: 19.529411764706pt;\" aria-label=\"Robotiikka (9 kohdetta)\">Robotiikka<\/a>\n<a href=\"https:\/\/blogit.metropolia.fi\/robologi\/tag\/robotisaatio\/\" class=\"tag-cloud-link tag-link-57 tag-link-position-29\" style=\"font-size: 12.941176470588pt;\" aria-label=\"Robotisaatio (3 kohdetta)\">Robotisaatio<\/a>\n<a href=\"https:\/\/blogit.metropolia.fi\/robologi\/tag\/robotti\/\" class=\"tag-cloud-link tag-link-31 tag-link-position-30\" style=\"font-size: 22pt;\" aria-label=\"Robotti (13 kohdetta)\">Robotti<\/a>\n<a href=\"https:\/\/blogit.metropolia.fi\/robologi\/tag\/sick-hackathon\/\" class=\"tag-cloud-link tag-link-412 tag-link-position-31\" style=\"font-size: 10.964705882353pt;\" aria-label=\"SICK Hackathon (2 kohdetta)\">SICK Hackathon<\/a>\n<a href=\"https:\/\/blogit.metropolia.fi\/robologi\/tag\/teknologia\/\" class=\"tag-cloud-link tag-link-261 tag-link-position-32\" style=\"font-size: 10.964705882353pt;\" aria-label=\"Teknologia (2 kohdetta)\">Teknologia<\/a>\n<a href=\"https:\/\/blogit.metropolia.fi\/robologi\/tag\/tekoaly\/\" class=\"tag-cloud-link tag-link-17 tag-link-position-33\" style=\"font-size: 19.529411764706pt;\" aria-label=\"Teko\u00e4ly (9 kohdetta)\">Teko\u00e4ly<\/a>\n<a href=\"https:\/\/blogit.metropolia.fi\/robologi\/tag\/teollinen-vallankumous\/\" class=\"tag-cloud-link tag-link-95 tag-link-position-34\" style=\"font-size: 10.964705882353pt;\" aria-label=\"Teollinen vallankumous (2 kohdetta)\">Teollinen vallankumous<\/a>\n<a href=\"https:\/\/blogit.metropolia.fi\/robologi\/tag\/teollisuus\/\" class=\"tag-cloud-link tag-link-337 tag-link-position-35\" style=\"font-size: 10.964705882353pt;\" aria-label=\"Teollisuus (2 kohdetta)\">Teollisuus<\/a>\n<a href=\"https:\/\/blogit.metropolia.fi\/robologi\/tag\/teollisuusrobotti\/\" class=\"tag-cloud-link tag-link-263 tag-link-position-36\" style=\"font-size: 10.964705882353pt;\" aria-label=\"Teollisuusrobotti (2 kohdetta)\">Teollisuusrobotti<\/a>\n<a href=\"https:\/\/blogit.metropolia.fi\/robologi\/tag\/terapia-ja-hoivarobotti\/\" class=\"tag-cloud-link tag-link-41 tag-link-position-37\" style=\"font-size: 10.964705882353pt;\" aria-label=\"Terapia- ja hoivarobotti (2 kohdetta)\">Terapia- ja hoivarobotti<\/a>\n<a href=\"https:\/\/blogit.metropolia.fi\/robologi\/tag\/tkio\/\" class=\"tag-cloud-link tag-link-401 tag-link-position-38\" style=\"font-size: 10.964705882353pt;\" aria-label=\"TKIO (2 kohdetta)\">TKIO<\/a>\n<a href=\"https:\/\/blogit.metropolia.fi\/robologi\/tag\/turvallisuus\/\" class=\"tag-cloud-link tag-link-201 tag-link-position-39\" style=\"font-size: 10.964705882353pt;\" aria-label=\"Turvallisuus (2 kohdetta)\">Turvallisuus<\/a>\n<a href=\"https:\/\/blogit.metropolia.fi\/robologi\/tag\/vanhuspalvelut\/\" class=\"tag-cloud-link tag-link-113 tag-link-position-40\" style=\"font-size: 10.964705882353pt;\" aria-label=\"Vanhuspalvelut (2 kohdetta)\">Vanhuspalvelut<\/a>\n<a href=\"https:\/\/blogit.metropolia.fi\/robologi\/tag\/vuorovaikutus\/\" class=\"tag-cloud-link tag-link-85 tag-link-position-41\" style=\"font-size: 10.964705882353pt;\" aria-label=\"Vuorovaikutus (2 kohdetta)\">Vuorovaikutus<\/a>\n<a href=\"https:\/\/blogit.metropolia.fi\/robologi\/tag\/yhteistyo\/\" class=\"tag-cloud-link tag-link-229 tag-link-position-42\" style=\"font-size: 10.964705882353pt;\" aria-label=\"Yhteisty\u00f6 (2 kohdetta)\">Yhteisty\u00f6<\/a>\n<a href=\"https:\/\/blogit.metropolia.fi\/robologi\/tag\/yhteistyorobotti\/\" class=\"tag-cloud-link tag-link-21 tag-link-position-43\" style=\"font-size: 10.964705882353pt;\" aria-label=\"Yhteisty\u00f6robotti (2 kohdetta)\">Yhteisty\u00f6robotti<\/a>\n<a href=\"https:\/\/blogit.metropolia.fi\/robologi\/tag\/yritystoiminta\/\" class=\"tag-cloud-link tag-link-35 tag-link-position-44\" style=\"font-size: 10.964705882353pt;\" aria-label=\"Yritystoiminta (2 kohdetta)\">Yritystoiminta<\/a>\n<a href=\"https:\/\/blogit.metropolia.fi\/robologi\/tag\/yumi\/\" class=\"tag-cloud-link tag-link-23 tag-link-position-45\" style=\"font-size: 8pt;\" aria-label=\"YuMi (1 kohde)\">YuMi<\/a><\/p>\n<\/div>\n\n\n","protected":false},"excerpt":{"rendered":"","protected":false},"author":3,"featured_media":0,"parent":0,"menu_order":0,"comment_status":"closed","ping_status":"closed","template":"blog-homepage.php","meta":{"_acf_changed":false,"_exactmetrics_skip_tracking":false,"_exactmetrics_sitenote_active":false,"_exactmetrics_sitenote_note":"","_exactmetrics_sitenote_category":0,"footnotes":""},"class_list":["post-3","page","type-page","status-publish","hentry"],"acf":[],"yoast_head":"<!-- This site is optimized with the Yoast SEO plugin v27.3 - https:\/\/yoast.com\/product\/yoast-seo-wordpress\/ -->\n<title>Robologi - Metropolian blogit<\/title>\n<meta name=\"robots\" content=\"index, follow, max-snippet:-1, max-image-preview:large, max-video-preview:-1\" \/>\n<link rel=\"canonical\" href=\"https:\/\/blogit.metropolia.fi\/robologi\/\" \/>\n<meta property=\"og:locale\" content=\"fi_FI\" \/>\n<meta property=\"og:type\" content=\"article\" \/>\n<meta property=\"og:title\" content=\"Robologi - Metropolian blogit\" \/>\n<meta property=\"og:url\" content=\"https:\/\/blogit.metropolia.fi\/robologi\/\" \/>\n<meta property=\"og:site_name\" content=\"Robologi\" \/>\n<meta property=\"article:modified_time\" content=\"2024-10-03T08:28:15+00:00\" \/>\n<meta name=\"twitter:card\" content=\"summary_large_image\" \/>\n<meta name=\"twitter:label1\" content=\"Arvioitu lukuaika\" \/>\n\t<meta name=\"twitter:data1\" content=\"1 minuutti\" \/>\n<script type=\"application\/ld+json\" class=\"yoast-schema-graph\">{\"@context\":\"https:\\\/\\\/schema.org\",\"@graph\":[{\"@type\":\"WebPage\",\"@id\":\"https:\\\/\\\/blogit.metropolia.fi\\\/robologi\\\/\",\"url\":\"https:\\\/\\\/blogit.metropolia.fi\\\/robologi\\\/\",\"name\":\"Robologi - Metropolian blogit\",\"isPartOf\":{\"@id\":\"https:\\\/\\\/blogit.metropolia.fi\\\/robologi\\\/#website\"},\"datePublished\":\"2024-09-18T06:04:32+00:00\",\"dateModified\":\"2024-10-03T08:28:15+00:00\",\"breadcrumb\":{\"@id\":\"https:\\\/\\\/blogit.metropolia.fi\\\/robologi\\\/#breadcrumb\"},\"inLanguage\":\"fi\",\"potentialAction\":[{\"@type\":\"ReadAction\",\"target\":[\"https:\\\/\\\/blogit.metropolia.fi\\\/robologi\\\/\"]}]},{\"@type\":\"BreadcrumbList\",\"@id\":\"https:\\\/\\\/blogit.metropolia.fi\\\/robologi\\\/#breadcrumb\",\"itemListElement\":[{\"@type\":\"ListItem\",\"position\":1,\"name\":\"Etusivu\",\"item\":\"https:\\\/\\\/blogit.metropolia.fi\\\/robologi\\\/\"},{\"@type\":\"ListItem\",\"position\":2,\"name\":\"Etusivu\"}]},{\"@type\":\"WebSite\",\"@id\":\"https:\\\/\\\/blogit.metropolia.fi\\\/robologi\\\/#website\",\"url\":\"https:\\\/\\\/blogit.metropolia.fi\\\/robologi\\\/\",\"name\":\"Robologi\",\"description\":\"Valmiuksia ja mahdollisuuksia tutkimassa ja kehitt\u00e4m\u00e4ss\u00e4\",\"potentialAction\":[{\"@type\":\"SearchAction\",\"target\":{\"@type\":\"EntryPoint\",\"urlTemplate\":\"https:\\\/\\\/blogit.metropolia.fi\\\/robologi\\\/?s={search_term_string}\"},\"query-input\":{\"@type\":\"PropertyValueSpecification\",\"valueRequired\":true,\"valueName\":\"search_term_string\"}}],\"inLanguage\":\"fi\"}]}<\/script>\n<!-- \/ Yoast SEO plugin. -->","yoast_head_json":{"title":"Robologi - Metropolian blogit","robots":{"index":"index","follow":"follow","max-snippet":"max-snippet:-1","max-image-preview":"max-image-preview:large","max-video-preview":"max-video-preview:-1"},"canonical":"https:\/\/blogit.metropolia.fi\/robologi\/","og_locale":"fi_FI","og_type":"article","og_title":"Robologi - Metropolian blogit","og_url":"https:\/\/blogit.metropolia.fi\/robologi\/","og_site_name":"Robologi","article_modified_time":"2024-10-03T08:28:15+00:00","twitter_card":"summary_large_image","twitter_misc":{"Arvioitu lukuaika":"1 minuutti"},"schema":{"@context":"https:\/\/schema.org","@graph":[{"@type":"WebPage","@id":"https:\/\/blogit.metropolia.fi\/robologi\/","url":"https:\/\/blogit.metropolia.fi\/robologi\/","name":"Robologi - Metropolian blogit","isPartOf":{"@id":"https:\/\/blogit.metropolia.fi\/robologi\/#website"},"datePublished":"2024-09-18T06:04:32+00:00","dateModified":"2024-10-03T08:28:15+00:00","breadcrumb":{"@id":"https:\/\/blogit.metropolia.fi\/robologi\/#breadcrumb"},"inLanguage":"fi","potentialAction":[{"@type":"ReadAction","target":["https:\/\/blogit.metropolia.fi\/robologi\/"]}]},{"@type":"BreadcrumbList","@id":"https:\/\/blogit.metropolia.fi\/robologi\/#breadcrumb","itemListElement":[{"@type":"ListItem","position":1,"name":"Etusivu","item":"https:\/\/blogit.metropolia.fi\/robologi\/"},{"@type":"ListItem","position":2,"name":"Etusivu"}]},{"@type":"WebSite","@id":"https:\/\/blogit.metropolia.fi\/robologi\/#website","url":"https:\/\/blogit.metropolia.fi\/robologi\/","name":"Robologi","description":"Valmiuksia ja mahdollisuuksia tutkimassa ja kehitt\u00e4m\u00e4ss\u00e4","potentialAction":[{"@type":"SearchAction","target":{"@type":"EntryPoint","urlTemplate":"https:\/\/blogit.metropolia.fi\/robologi\/?s={search_term_string}"},"query-input":{"@type":"PropertyValueSpecification","valueRequired":true,"valueName":"search_term_string"}}],"inLanguage":"fi"}]}},"lang":"fi","translations":{"fi":3},"pll_sync_post":[],"_links":{"self":[{"href":"https:\/\/blogit.metropolia.fi\/robologi\/wp-json\/wp\/v2\/pages\/3","targetHints":{"allow":["GET"]}}],"collection":[{"href":"https:\/\/blogit.metropolia.fi\/robologi\/wp-json\/wp\/v2\/pages"}],"about":[{"href":"https:\/\/blogit.metropolia.fi\/robologi\/wp-json\/wp\/v2\/types\/page"}],"author":[{"embeddable":true,"href":"https:\/\/blogit.metropolia.fi\/robologi\/wp-json\/wp\/v2\/users\/3"}],"replies":[{"embeddable":true,"href":"https:\/\/blogit.metropolia.fi\/robologi\/wp-json\/wp\/v2\/comments?post=3"}],"version-history":[{"count":4,"href":"https:\/\/blogit.metropolia.fi\/robologi\/wp-json\/wp\/v2\/pages\/3\/revisions"}],"predecessor-version":[{"id":214,"href":"https:\/\/blogit.metropolia.fi\/robologi\/wp-json\/wp\/v2\/pages\/3\/revisions\/214"}],"wp:attachment":[{"href":"https:\/\/blogit.metropolia.fi\/robologi\/wp-json\/wp\/v2\/media?parent=3"}],"curies":[{"name":"wp","href":"https:\/\/api.w.org\/{rel}","templated":true}]}}