{"id":3,"date":"2024-09-16T14:01:16","date_gmt":"2024-09-16T11:01:16","guid":{"rendered":"https:\/\/blogit.metropolia.fi\/rehablogi\/etusivu\/"},"modified":"2024-10-04T08:18:14","modified_gmt":"2024-10-04T05:18:14","slug":"etusivu","status":"publish","type":"page","link":"https:\/\/blogit.metropolia.fi\/rehablogi\/","title":{"rendered":"Etusivu"},"content":{"rendered":"<button id=\"accordion-title-69d757e4a5704\" class=\"accordion-block\" aria-label=\"Avaa: Bloggaajat\" aria-controls=\"accordion-title-69d757e4a5704-content\" aria-expanded=\"\">\n\t<span class=\"material-symbols-outlined icon\" aria-hidden=\"true\">\n\t\tarrow_right\n\t<\/span>\n\t<span class=\"accordion-title\">\n\t\t\t\t\tBloggaajat\t\t\t<\/span>\n<\/button>\n\n\n<div id=\"accordion-title-69d757e4a5704-content\" class=\"accordion-content\">\n\t\n<section  class=\"user-block\">\n\n\t\n\t\t<div class=\"user\">\n\t\t\t<div class=\"image\">\n\t\t\t\t\t\t\t\t\t<img decoding=\"async\" src=\"https:\/\/blogit.metropolia.fi\/rehablogi\/wp-content\/uploads\/2024\/09\/yhdessa.png\" alt=\"\"\/>\n\t\t\t\t\t\t\t<\/div>\n\t\t\t<a class=\"author-link\" href=\"https:\/\/blogit.metropolia.fi\/rehablogi\/author\/reha\/\">\n\t\t\t\t<span class=\"name h3\">\n\t\t\t\t\tRehablogin bloggaajat\t\t\t\t<\/span>\n\t\t\t<\/a>\n\t\t\t<span class=\"description\">\n\t\t\t\tRehablogi on kuntoutuksen hyviin k\u00e4yt\u00e4nteisiin keskittyv\u00e4 toimitettu blogi, jota Metropolia Ammattikorkeakoulu yll\u00e4piti vuosina 2015\u20142025. Rehablogiin kirjoittajat ovat olleet kuntoutuksen YAMK-opiskelijoita, kuntoutusalan AMK-opiskelijoita, opettajia ja asiantuntijoita ty\u00f6el\u00e4m\u00e4st\u00e4 monialaisesti. Rehablogi on tuonut esille kuntoutumisen tutkimus- ja kehitysty\u00f6n pohjalta nousevaa tietoa sek\u00e4 nostanut keskusteluun kuntoutuksen alaan liittyvi\u00e4 keskeisi\u00e4 kysymyksi\u00e4.\t\t\t<\/span>\n\t\t\t\t\t\t\t<a class=\"button transparent email\" href=\"mailto: marianne.roivas@metropolia.fi\" aria-label=\"L\u00e4het\u00e4 s\u00e4hk\u00f6postia osoitteeseen marianne.roivas@metropolia.fi\">Ota yhteytt\u00e4<\/a>\n\t\t\t\t\t<\/div>\n\n\t\n<\/section>\n\n<\/div>\n\n\n\n\n<button id=\"accordion-title-69d757e4a5881\" class=\"accordion-block\" aria-label=\"Avaa: Blogin toimituskunta\" aria-controls=\"accordion-title-69d757e4a5881-content\" aria-expanded=\"\">\n\t<span class=\"material-symbols-outlined icon\" aria-hidden=\"true\">\n\t\tarrow_right\n\t<\/span>\n\t<span class=\"accordion-title\">\n\t\t\t\t\tBlogin toimituskunta\t\t\t<\/span>\n<\/button>\n\n\n<div id=\"accordion-title-69d757e4a5881-content\" class=\"accordion-content\">\n\t\n\n<p><strong>Marianne Roivas<\/strong>\u00a0p\u00e4\u00e4toimittaja<br>suomen kielen ja viestinn\u00e4n lehtori<br>p. 040 714 5153<br><a href=\"javascript:;\">marianne.roivas@metropolia.fi<\/a><br><\/p>\n\n\n\n<p><strong>Anna Kaipainen<\/strong><br>projektisuunnittelija<br>p. 050 50 470 7161<br><a href=\"javascript:;\">Anna.Kaipainen@metropolia.fi<\/a><br><\/p>\n\n\n\n<p><strong>Auli R\u00e4s\u00e4nen<\/strong><br>koulutussuunnittelija<br>p. 040 672 6577<br><a href=\"javascript:;\">auli.rasanen@metropolia.fi<\/a><br><\/p>\n\n\n\n<p><strong>Sari Helenius<\/strong><br>kuntoutuksen lehtori<br>p. 050 518 7333<br><a href=\"javascript:;\">sari.helenius@metropolia.fi<\/a><br><\/p>\n\n\n\n<p>Toimituskunta toimittaa Rehablogin sis\u00e4ll\u00f6t ennen niiden julkaisua. Rehablogin toimituskunta on aloittanut ty\u00f6ns\u00e4 15.2.2018.<\/p>\n\n<\/div>\n\n\n\n\n<button id=\"accordion-title-69d757e4a7001\" class=\"accordion-block\" aria-label=\"Avaa: Uusimmat postaukset\" aria-controls=\"accordion-title-69d757e4a7001-content\" aria-expanded=\"\">\n\t<span class=\"material-symbols-outlined icon\" aria-hidden=\"true\">\n\t\tarrow_right\n\t<\/span>\n\t<span class=\"accordion-title\">\n\t\t\t\t\tUusimmat postaukset\t\t\t<\/span>\n<\/button>\n\n\n<div id=\"accordion-title-69d757e4a7001-content\" class=\"accordion-content\">\n\t\n<ul class=\"wp-block-latest-posts__list wp-block-latest-posts\"><li><a class=\"wp-block-latest-posts__post-title\" href=\"https:\/\/blogit.metropolia.fi\/rehablogi\/2026\/01\/14\/luontoymparistossa-liikkumisen-myonteiset-vaikutukset-kuntoutujalle\/\">Luontoymp\u00e4rist\u00f6ss\u00e4 liikkumisen my\u00f6nteiset vaikutukset kuntoutujalle<\/a><\/li>\n<li><a class=\"wp-block-latest-posts__post-title\" href=\"https:\/\/blogit.metropolia.fi\/rehablogi\/2025\/06\/17\/henkiloston-veto-ja-pitovoima-kuntoutuksessa-ratkaisuja-alan-haasteisiin\/\">Henkil\u00f6st\u00f6n veto- ja pitovoima kuntoutuksessa \u2013 ratkaisuja alan haasteisiin<\/a><\/li>\n<li><a class=\"wp-block-latest-posts__post-title\" href=\"https:\/\/blogit.metropolia.fi\/rehablogi\/2025\/03\/17\/yhteistoiminnalla-kohti-tyoelamaa\/\">Yhteistoiminnalla kohti ty\u00f6el\u00e4m\u00e4\u00e4<\/a><\/li>\n<\/ul>\n<\/div>\n\n\n\n\n<button id=\"accordion-title-69d757e4a765d\" class=\"accordion-block\" aria-label=\"Avaa: Arkistot\" aria-controls=\"accordion-title-69d757e4a765d-content\" aria-expanded=\"\">\n\t<span class=\"material-symbols-outlined icon\" aria-hidden=\"true\">\n\t\tarrow_right\n\t<\/span>\n\t<span class=\"accordion-title\">\n\t\t\t\t\tArkistot\t\t\t<\/span>\n<\/button>\n\n\n<div id=\"accordion-title-69d757e4a765d-content\" class=\"accordion-content\">\n\t\n<ul class=\"wp-block-archives-list wp-block-archives\">\t<li><a href='https:\/\/blogit.metropolia.fi\/rehablogi\/2026\/'>2026<\/a>&nbsp;(1)<\/li>\n\t<li><a href='https:\/\/blogit.metropolia.fi\/rehablogi\/2025\/'>2025<\/a>&nbsp;(5)<\/li>\n\t<li><a href='https:\/\/blogit.metropolia.fi\/rehablogi\/2024\/'>2024<\/a>&nbsp;(15)<\/li>\n\t<li><a href='https:\/\/blogit.metropolia.fi\/rehablogi\/2023\/'>2023<\/a>&nbsp;(12)<\/li>\n\t<li><a href='https:\/\/blogit.metropolia.fi\/rehablogi\/2022\/'>2022<\/a>&nbsp;(14)<\/li>\n\t<li><a href='https:\/\/blogit.metropolia.fi\/rehablogi\/2021\/'>2021<\/a>&nbsp;(17)<\/li>\n\t<li><a href='https:\/\/blogit.metropolia.fi\/rehablogi\/2020\/'>2020<\/a>&nbsp;(22)<\/li>\n\t<li><a href='https:\/\/blogit.metropolia.fi\/rehablogi\/2019\/'>2019<\/a>&nbsp;(26)<\/li>\n\t<li><a href='https:\/\/blogit.metropolia.fi\/rehablogi\/2018\/'>2018<\/a>&nbsp;(19)<\/li>\n\t<li><a href='https:\/\/blogit.metropolia.fi\/rehablogi\/2017\/'>2017<\/a>&nbsp;(22)<\/li>\n\t<li><a href='https:\/\/blogit.metropolia.fi\/rehablogi\/2016\/'>2016<\/a>&nbsp;(12)<\/li>\n\t<li><a href='https:\/\/blogit.metropolia.fi\/rehablogi\/2015\/'>2015<\/a>&nbsp;(1)<\/li>\n<\/ul>\n<\/div>\n\n\n\n\n<button id=\"accordion-title-69d757e4a96fc\" class=\"accordion-block\" aria-label=\"Avaa: Avainsanat\" aria-controls=\"accordion-title-69d757e4a96fc-content\" aria-expanded=\"\">\n\t<span class=\"material-symbols-outlined icon\" aria-hidden=\"true\">\n\t\tarrow_right\n\t<\/span>\n\t<span class=\"accordion-title\">\n\t\t\t\t\tAvainsanat\t\t\t<\/span>\n<\/button>\n\n\n<div id=\"accordion-title-69d757e4a96fc-content\" class=\"accordion-content\">\n\t\n<p class=\"wp-block-tag-cloud\"><a href=\"https:\/\/blogit.metropolia.fi\/rehablogi\/tag\/aivoverenkiertohairio\/\" class=\"tag-cloud-link tag-link-359 tag-link-position-1\" style=\"font-size: 9.3023255813953pt;\" aria-label=\"aivoverenkiertoh\u00e4iri\u00f6 (3 kohdetta)\">aivoverenkiertoh\u00e4iri\u00f6<\/a>\n<a href=\"https:\/\/blogit.metropolia.fi\/rehablogi\/tag\/alaraaja-amputaatio\/\" class=\"tag-cloud-link tag-link-41 tag-link-position-2\" style=\"font-size: 8pt;\" aria-label=\"alaraaja- amputaatio (2 kohdetta)\">alaraaja- amputaatio<\/a>\n<a href=\"https:\/\/blogit.metropolia.fi\/rehablogi\/tag\/apuvalineet\/\" class=\"tag-cloud-link tag-link-43 tag-link-position-3\" style=\"font-size: 12.015503875969pt;\" aria-label=\"apuv\u00e4lineet (6 kohdetta)\">apuv\u00e4lineet<\/a>\n<a href=\"https:\/\/blogit.metropolia.fi\/rehablogi\/tag\/asiakas\/\" class=\"tag-cloud-link tag-link-253 tag-link-position-4\" style=\"font-size: 9.3023255813953pt;\" aria-label=\"asiakas (3 kohdetta)\">asiakas<\/a>\n<a href=\"https:\/\/blogit.metropolia.fi\/rehablogi\/tag\/asiakaslahtoisyys\/\" class=\"tag-cloud-link tag-link-101 tag-link-position-5\" style=\"font-size: 15.596899224806pt;\" aria-label=\"asiakasl\u00e4ht\u00f6isyys (14 kohdetta)\">asiakasl\u00e4ht\u00f6isyys<\/a>\n<a href=\"https:\/\/blogit.metropolia.fi\/rehablogi\/tag\/etakuntoutus\/\" class=\"tag-cloud-link tag-link-227 tag-link-position-6\" style=\"font-size: 11.255813953488pt;\" aria-label=\"et\u00e4kuntoutus (5 kohdetta)\">et\u00e4kuntoutus<\/a>\n<a href=\"https:\/\/blogit.metropolia.fi\/rehablogi\/tag\/hanketyo\/\" class=\"tag-cloud-link tag-link-45 tag-link-position-7\" style=\"font-size: 9.3023255813953pt;\" aria-label=\"hankety\u00f6 (3 kohdetta)\">hankety\u00f6<\/a>\n<a href=\"https:\/\/blogit.metropolia.fi\/rehablogi\/tag\/icf-luokitus\/\" class=\"tag-cloud-link tag-link-33 tag-link-position-8\" style=\"font-size: 8pt;\" aria-label=\"ICF-luokitus (2 kohdetta)\">ICF-luokitus<\/a>\n<a href=\"https:\/\/blogit.metropolia.fi\/rehablogi\/tag\/ikaihmiset\/\" class=\"tag-cloud-link tag-link-147 tag-link-position-9\" style=\"font-size: 12.015503875969pt;\" aria-label=\"ik\u00e4ihmiset (6 kohdetta)\">ik\u00e4ihmiset<\/a>\n<a href=\"https:\/\/blogit.metropolia.fi\/rehablogi\/tag\/kehittajakumppanuus\/\" class=\"tag-cloud-link tag-link-321 tag-link-position-10\" style=\"font-size: 9.3023255813953pt;\" aria-label=\"kehitt\u00e4j\u00e4kumppanuus (3 kohdetta)\">kehitt\u00e4j\u00e4kumppanuus<\/a>\n<a href=\"https:\/\/blogit.metropolia.fi\/rehablogi\/tag\/kohtaaminen\/\" class=\"tag-cloud-link tag-link-115 tag-link-position-11\" style=\"font-size: 11.255813953488pt;\" aria-label=\"kohtaaminen (5 kohdetta)\">kohtaaminen<\/a>\n<a href=\"https:\/\/blogit.metropolia.fi\/rehablogi\/tag\/kotikuntoutus\/\" class=\"tag-cloud-link tag-link-81 tag-link-position-12\" style=\"font-size: 12.015503875969pt;\" aria-label=\"kotikuntoutus (6 kohdetta)\">kotikuntoutus<\/a>\n<a href=\"https:\/\/blogit.metropolia.fi\/rehablogi\/tag\/koulutus\/\" class=\"tag-cloud-link tag-link-47 tag-link-position-13\" style=\"font-size: 12.558139534884pt;\" aria-label=\"koulutus (7 kohdetta)\">koulutus<\/a>\n<a href=\"https:\/\/blogit.metropolia.fi\/rehablogi\/tag\/kuntoutuja\/\" class=\"tag-cloud-link tag-link-91 tag-link-position-14\" style=\"font-size: 14.837209302326pt;\" aria-label=\"kuntoutuja (12 kohdetta)\">kuntoutuja<\/a>\n<a href=\"https:\/\/blogit.metropolia.fi\/rehablogi\/tag\/kuntoutujalahtoisyys\/\" class=\"tag-cloud-link tag-link-479 tag-link-position-15\" style=\"font-size: 10.387596899225pt;\" aria-label=\"kuntoutujal\u00e4ht\u00f6isyys (4 kohdetta)\">kuntoutujal\u00e4ht\u00f6isyys<\/a>\n<a href=\"https:\/\/blogit.metropolia.fi\/rehablogi\/tag\/kuntoutuminen\/\" class=\"tag-cloud-link tag-link-175 tag-link-position-16\" style=\"font-size: 17.550387596899pt;\" aria-label=\"kuntoutuminen (22 kohdetta)\">kuntoutuminen<\/a>\n<a href=\"https:\/\/blogit.metropolia.fi\/rehablogi\/tag\/kuntoutumisprosessi\/\" class=\"tag-cloud-link tag-link-245 tag-link-position-17\" style=\"font-size: 11.255813953488pt;\" aria-label=\"kuntoutumisprosessi (5 kohdetta)\">kuntoutumisprosessi<\/a>\n<a href=\"https:\/\/blogit.metropolia.fi\/rehablogi\/tag\/kuntoutus\/\" class=\"tag-cloud-link tag-link-49 tag-link-position-18\" style=\"font-size: 22pt;\" aria-label=\"kuntoutus (58 kohdetta)\">kuntoutus<\/a>\n<a href=\"https:\/\/blogit.metropolia.fi\/rehablogi\/tag\/kuntoutusalan-ammattikorkeakoulutus\/\" class=\"tag-cloud-link tag-link-215 tag-link-position-19\" style=\"font-size: 9.3023255813953pt;\" aria-label=\"kuntoutusalan ammattikorkeakoulutus (3 kohdetta)\">kuntoutusalan ammattikorkeakoulutus<\/a>\n<a href=\"https:\/\/blogit.metropolia.fi\/rehablogi\/tag\/kuntoutusosaaminen\/\" class=\"tag-cloud-link tag-link-219 tag-link-position-20\" style=\"font-size: 10.387596899225pt;\" aria-label=\"kuntoutusosaaminen (4 kohdetta)\">kuntoutusosaaminen<\/a>\n<a href=\"https:\/\/blogit.metropolia.fi\/rehablogi\/tag\/kuntoutusprosessi\/\" class=\"tag-cloud-link tag-link-419 tag-link-position-21\" style=\"font-size: 9.3023255813953pt;\" aria-label=\"kuntoutusprosessi (3 kohdetta)\">kuntoutusprosessi<\/a>\n<a href=\"https:\/\/blogit.metropolia.fi\/rehablogi\/tag\/metropolia-amk\/\" class=\"tag-cloud-link tag-link-27 tag-link-position-22\" style=\"font-size: 13.643410852713pt;\" aria-label=\"Metropolia AMK (9 kohdetta)\">Metropolia AMK<\/a>\n<a href=\"https:\/\/blogit.metropolia.fi\/rehablogi\/tag\/monialaisuus\/\" class=\"tag-cloud-link tag-link-77 tag-link-position-23\" style=\"font-size: 12.558139534884pt;\" aria-label=\"monialaisuus (7 kohdetta)\">monialaisuus<\/a>\n<a href=\"https:\/\/blogit.metropolia.fi\/rehablogi\/tag\/moniammatillisuus\/\" class=\"tag-cloud-link tag-link-97 tag-link-position-24\" style=\"font-size: 14.077519379845pt;\" aria-label=\"moniammatillisuus (10 kohdetta)\">moniammatillisuus<\/a>\n<a href=\"https:\/\/blogit.metropolia.fi\/rehablogi\/tag\/moniasiantuntijuus\/\" class=\"tag-cloud-link tag-link-513 tag-link-position-25\" style=\"font-size: 10.387596899225pt;\" aria-label=\"moniasiantuntijuus (4 kohdetta)\">moniasiantuntijuus<\/a>\n<a href=\"https:\/\/blogit.metropolia.fi\/rehablogi\/tag\/osaaminen\/\" class=\"tag-cloud-link tag-link-161 tag-link-position-26\" style=\"font-size: 9.3023255813953pt;\" aria-label=\"osaaminen (3 kohdetta)\">osaaminen<\/a>\n<a href=\"https:\/\/blogit.metropolia.fi\/rehablogi\/tag\/osallistuminen\/\" class=\"tag-cloud-link tag-link-251 tag-link-position-27\" style=\"font-size: 14.077519379845pt;\" aria-label=\"osallistuminen (10 kohdetta)\">osallistuminen<\/a>\n<a href=\"https:\/\/blogit.metropolia.fi\/rehablogi\/tag\/osallisuus\/\" class=\"tag-cloud-link tag-link-83 tag-link-position-28\" style=\"font-size: 15.813953488372pt;\" aria-label=\"osallisuus (15 kohdetta)\">osallisuus<\/a>\n<a href=\"https:\/\/blogit.metropolia.fi\/rehablogi\/tag\/perhe\/\" class=\"tag-cloud-link tag-link-79 tag-link-position-29\" style=\"font-size: 9.3023255813953pt;\" aria-label=\"perhe (3 kohdetta)\">perhe<\/a>\n<a href=\"https:\/\/blogit.metropolia.fi\/rehablogi\/tag\/sosiaali-ja-terveyspalvelujen-kehittaminen\/\" class=\"tag-cloud-link tag-link-35 tag-link-position-30\" style=\"font-size: 8pt;\" aria-label=\"Sosiaali- ja terveyspalvelujen kehitt\u00e4minen (2 kohdetta)\">Sosiaali- ja terveyspalvelujen kehitt\u00e4minen<\/a>\n<a href=\"https:\/\/blogit.metropolia.fi\/rehablogi\/tag\/sosiaalinen-vahvistaminen\/\" class=\"tag-cloud-link tag-link-103 tag-link-position-31\" style=\"font-size: 9.3023255813953pt;\" aria-label=\"sosiaalinen vahvistaminen (3 kohdetta)\">sosiaalinen vahvistaminen<\/a>\n<a href=\"https:\/\/blogit.metropolia.fi\/rehablogi\/tag\/toimijuus\/\" class=\"tag-cloud-link tag-link-85 tag-link-position-32\" style=\"font-size: 15.813953488372pt;\" aria-label=\"toimijuus (15 kohdetta)\">toimijuus<\/a>\n<a href=\"https:\/\/blogit.metropolia.fi\/rehablogi\/tag\/toimintakyky\/\" class=\"tag-cloud-link tag-link-39 tag-link-position-33\" style=\"font-size: 17.550387596899pt;\" aria-label=\"toimintakyky (22 kohdetta)\">toimintakyky<\/a>\n<a href=\"https:\/\/blogit.metropolia.fi\/rehablogi\/tag\/toimintaterapia\/\" class=\"tag-cloud-link tag-link-141 tag-link-position-34\" style=\"font-size: 11.255813953488pt;\" aria-label=\"toimintaterapia (5 kohdetta)\">toimintaterapia<\/a>\n<a href=\"https:\/\/blogit.metropolia.fi\/rehablogi\/tag\/tyohyvinvointi\/\" class=\"tag-cloud-link tag-link-177 tag-link-position-35\" style=\"font-size: 12.015503875969pt;\" aria-label=\"ty\u00f6hyvinvointi (6 kohdetta)\">ty\u00f6hyvinvointi<\/a>\n<a href=\"https:\/\/blogit.metropolia.fi\/rehablogi\/tag\/tyokyky\/\" class=\"tag-cloud-link tag-link-99 tag-link-position-36\" style=\"font-size: 13.643410852713pt;\" aria-label=\"ty\u00f6kyky (9 kohdetta)\">ty\u00f6kyky<\/a>\n<a href=\"https:\/\/blogit.metropolia.fi\/rehablogi\/tag\/vaikuttavat-tavat\/\" class=\"tag-cloud-link tag-link-29 tag-link-position-37\" style=\"font-size: 8pt;\" aria-label=\"vaikuttavat tavat (2 kohdetta)\">vaikuttavat tavat<\/a>\n<a href=\"https:\/\/blogit.metropolia.fi\/rehablogi\/tag\/verkosto\/\" class=\"tag-cloud-link tag-link-323 tag-link-position-38\" style=\"font-size: 10.387596899225pt;\" aria-label=\"verkosto (4 kohdetta)\">verkosto<\/a>\n<a href=\"https:\/\/blogit.metropolia.fi\/rehablogi\/tag\/vertaistuki\/\" class=\"tag-cloud-link tag-link-273 tag-link-position-39\" style=\"font-size: 10.387596899225pt;\" aria-label=\"vertaistuki (4 kohdetta)\">vertaistuki<\/a>\n<a href=\"https:\/\/blogit.metropolia.fi\/rehablogi\/tag\/vuorovaikutus\/\" class=\"tag-cloud-link tag-link-137 tag-link-position-40\" style=\"font-size: 17.116279069767pt;\" aria-label=\"vuorovaikutus (20 kohdetta)\">vuorovaikutus<\/a>\n<a href=\"https:\/\/blogit.metropolia.fi\/rehablogi\/tag\/yhteiskehittely\/\" class=\"tag-cloud-link tag-link-93 tag-link-position-41\" style=\"font-size: 15.271317829457pt;\" aria-label=\"yhteiskehittely (13 kohdetta)\">yhteiskehittely<\/a>\n<a href=\"https:\/\/blogit.metropolia.fi\/rehablogi\/tag\/yhteistoiminta\/\" class=\"tag-cloud-link tag-link-183 tag-link-position-42\" style=\"font-size: 12.015503875969pt;\" aria-label=\"yhteistoiminta (6 kohdetta)\">yhteistoiminta<\/a>\n<a href=\"https:\/\/blogit.metropolia.fi\/rehablogi\/tag\/yhteistyo\/\" class=\"tag-cloud-link tag-link-267 tag-link-position-43\" style=\"font-size: 10.387596899225pt;\" aria-label=\"yhteisty\u00f6 (4 kohdetta)\">yhteisty\u00f6<\/a>\n<a href=\"https:\/\/blogit.metropolia.fi\/rehablogi\/tag\/yhteisollisyys\/\" class=\"tag-cloud-link tag-link-169 tag-link-position-44\" style=\"font-size: 9.3023255813953pt;\" aria-label=\"yhteis\u00f6llisyys (3 kohdetta)\">yhteis\u00f6llisyys<\/a>\n<a href=\"https:\/\/blogit.metropolia.fi\/rehablogi\/tag\/yksilo\/\" class=\"tag-cloud-link tag-link-73 tag-link-position-45\" style=\"font-size: 10.387596899225pt;\" aria-label=\"yksil\u00f6 (4 kohdetta)\">yksil\u00f6<\/a><\/p>\n<\/div>\n\n\n","protected":false},"excerpt":{"rendered":"","protected":false},"author":3,"featured_media":0,"parent":0,"menu_order":0,"comment_status":"closed","ping_status":"closed","template":"blog-homepage.php","meta":{"_acf_changed":false,"_exactmetrics_skip_tracking":false,"_exactmetrics_sitenote_active":false,"_exactmetrics_sitenote_note":"","_exactmetrics_sitenote_category":0,"footnotes":""},"class_list":["post-3","page","type-page","status-publish","hentry"],"acf":[],"yoast_head":"<!-- This site is optimized with the Yoast SEO plugin v27.3 - https:\/\/yoast.com\/product\/yoast-seo-wordpress\/ -->\n<title>Rehablogi - Metropolian blogit<\/title>\n<meta name=\"description\" content=\"Rehablogi k\u00e4sittelee kuntoutuksen ja terveydenhuollon hyvien k\u00e4yt\u00e4nteiden kehitt\u00e4mist\u00e4. Kirjoittajina on opiskelijoita ja asiantuntijoita.\" \/>\n<meta name=\"robots\" content=\"index, follow, max-snippet:-1, max-image-preview:large, max-video-preview:-1\" \/>\n<link rel=\"canonical\" href=\"https:\/\/blogit.metropolia.fi\/rehablogi\/\" \/>\n<meta property=\"og:locale\" content=\"fi_FI\" \/>\n<meta property=\"og:type\" content=\"article\" \/>\n<meta property=\"og:title\" content=\"Rehablogi - Metropolian blogit\" \/>\n<meta property=\"og:description\" content=\"Rehablogi k\u00e4sittelee kuntoutuksen ja terveydenhuollon hyvien k\u00e4yt\u00e4nteiden kehitt\u00e4mist\u00e4. Kirjoittajina on opiskelijoita ja asiantuntijoita.\" \/>\n<meta property=\"og:url\" content=\"https:\/\/blogit.metropolia.fi\/rehablogi\/\" \/>\n<meta property=\"og:site_name\" content=\"Rehablogi\" \/>\n<meta property=\"article:modified_time\" content=\"2024-10-04T05:18:14+00:00\" \/>\n<meta name=\"twitter:card\" content=\"summary_large_image\" \/>\n<meta name=\"twitter:label1\" content=\"Arvioitu lukuaika\" \/>\n\t<meta name=\"twitter:data1\" content=\"1 minuutti\" \/>\n<script type=\"application\/ld+json\" class=\"yoast-schema-graph\">{\"@context\":\"https:\\\/\\\/schema.org\",\"@graph\":[{\"@type\":\"WebPage\",\"@id\":\"https:\\\/\\\/blogit.metropolia.fi\\\/rehablogi\\\/\",\"url\":\"https:\\\/\\\/blogit.metropolia.fi\\\/rehablogi\\\/\",\"name\":\"Rehablogi - Metropolian blogit\",\"isPartOf\":{\"@id\":\"https:\\\/\\\/blogit.metropolia.fi\\\/rehablogi\\\/#website\"},\"datePublished\":\"2024-09-16T11:01:16+00:00\",\"dateModified\":\"2024-10-04T05:18:14+00:00\",\"description\":\"Rehablogi k\u00e4sittelee kuntoutuksen ja terveydenhuollon hyvien k\u00e4yt\u00e4nteiden kehitt\u00e4mist\u00e4. Kirjoittajina on opiskelijoita ja asiantuntijoita.\",\"breadcrumb\":{\"@id\":\"https:\\\/\\\/blogit.metropolia.fi\\\/rehablogi\\\/#breadcrumb\"},\"inLanguage\":\"fi\",\"potentialAction\":[{\"@type\":\"ReadAction\",\"target\":[\"https:\\\/\\\/blogit.metropolia.fi\\\/rehablogi\\\/\"]}]},{\"@type\":\"BreadcrumbList\",\"@id\":\"https:\\\/\\\/blogit.metropolia.fi\\\/rehablogi\\\/#breadcrumb\",\"itemListElement\":[{\"@type\":\"ListItem\",\"position\":1,\"name\":\"Etusivu\",\"item\":\"https:\\\/\\\/blogit.metropolia.fi\\\/rehablogi\\\/\"},{\"@type\":\"ListItem\",\"position\":2,\"name\":\"Etusivu\"}]},{\"@type\":\"WebSite\",\"@id\":\"https:\\\/\\\/blogit.metropolia.fi\\\/rehablogi\\\/#website\",\"url\":\"https:\\\/\\\/blogit.metropolia.fi\\\/rehablogi\\\/\",\"name\":\"Rehablogi\",\"description\":\"Kuntoutuksen ja terveydenhuollon hyvi\u00e4 k\u00e4yt\u00e4nteit\u00e4 kehitt\u00e4m\u00e4ss\u00e4\",\"potentialAction\":[{\"@type\":\"SearchAction\",\"target\":{\"@type\":\"EntryPoint\",\"urlTemplate\":\"https:\\\/\\\/blogit.metropolia.fi\\\/rehablogi\\\/?s={search_term_string}\"},\"query-input\":{\"@type\":\"PropertyValueSpecification\",\"valueRequired\":true,\"valueName\":\"search_term_string\"}}],\"inLanguage\":\"fi\"}]}<\/script>\n<!-- \/ Yoast SEO plugin. -->","yoast_head_json":{"title":"Rehablogi - Metropolian blogit","description":"Rehablogi k\u00e4sittelee kuntoutuksen ja terveydenhuollon hyvien k\u00e4yt\u00e4nteiden kehitt\u00e4mist\u00e4. Kirjoittajina on opiskelijoita ja asiantuntijoita.","robots":{"index":"index","follow":"follow","max-snippet":"max-snippet:-1","max-image-preview":"max-image-preview:large","max-video-preview":"max-video-preview:-1"},"canonical":"https:\/\/blogit.metropolia.fi\/rehablogi\/","og_locale":"fi_FI","og_type":"article","og_title":"Rehablogi - Metropolian blogit","og_description":"Rehablogi k\u00e4sittelee kuntoutuksen ja terveydenhuollon hyvien k\u00e4yt\u00e4nteiden kehitt\u00e4mist\u00e4. Kirjoittajina on opiskelijoita ja asiantuntijoita.","og_url":"https:\/\/blogit.metropolia.fi\/rehablogi\/","og_site_name":"Rehablogi","article_modified_time":"2024-10-04T05:18:14+00:00","twitter_card":"summary_large_image","twitter_misc":{"Arvioitu lukuaika":"1 minuutti"},"schema":{"@context":"https:\/\/schema.org","@graph":[{"@type":"WebPage","@id":"https:\/\/blogit.metropolia.fi\/rehablogi\/","url":"https:\/\/blogit.metropolia.fi\/rehablogi\/","name":"Rehablogi - Metropolian blogit","isPartOf":{"@id":"https:\/\/blogit.metropolia.fi\/rehablogi\/#website"},"datePublished":"2024-09-16T11:01:16+00:00","dateModified":"2024-10-04T05:18:14+00:00","description":"Rehablogi k\u00e4sittelee kuntoutuksen ja terveydenhuollon hyvien k\u00e4yt\u00e4nteiden kehitt\u00e4mist\u00e4. Kirjoittajina on opiskelijoita ja asiantuntijoita.","breadcrumb":{"@id":"https:\/\/blogit.metropolia.fi\/rehablogi\/#breadcrumb"},"inLanguage":"fi","potentialAction":[{"@type":"ReadAction","target":["https:\/\/blogit.metropolia.fi\/rehablogi\/"]}]},{"@type":"BreadcrumbList","@id":"https:\/\/blogit.metropolia.fi\/rehablogi\/#breadcrumb","itemListElement":[{"@type":"ListItem","position":1,"name":"Etusivu","item":"https:\/\/blogit.metropolia.fi\/rehablogi\/"},{"@type":"ListItem","position":2,"name":"Etusivu"}]},{"@type":"WebSite","@id":"https:\/\/blogit.metropolia.fi\/rehablogi\/#website","url":"https:\/\/blogit.metropolia.fi\/rehablogi\/","name":"Rehablogi","description":"Kuntoutuksen ja terveydenhuollon hyvi\u00e4 k\u00e4yt\u00e4nteit\u00e4 kehitt\u00e4m\u00e4ss\u00e4","potentialAction":[{"@type":"SearchAction","target":{"@type":"EntryPoint","urlTemplate":"https:\/\/blogit.metropolia.fi\/rehablogi\/?s={search_term_string}"},"query-input":{"@type":"PropertyValueSpecification","valueRequired":true,"valueName":"search_term_string"}}],"inLanguage":"fi"}]}},"lang":"fi","translations":{"fi":3},"pll_sync_post":[],"_links":{"self":[{"href":"https:\/\/blogit.metropolia.fi\/rehablogi\/wp-json\/wp\/v2\/pages\/3","targetHints":{"allow":["GET"]}}],"collection":[{"href":"https:\/\/blogit.metropolia.fi\/rehablogi\/wp-json\/wp\/v2\/pages"}],"about":[{"href":"https:\/\/blogit.metropolia.fi\/rehablogi\/wp-json\/wp\/v2\/types\/page"}],"author":[{"embeddable":true,"href":"https:\/\/blogit.metropolia.fi\/rehablogi\/wp-json\/wp\/v2\/users\/3"}],"replies":[{"embeddable":true,"href":"https:\/\/blogit.metropolia.fi\/rehablogi\/wp-json\/wp\/v2\/comments?post=3"}],"version-history":[{"count":3,"href":"https:\/\/blogit.metropolia.fi\/rehablogi\/wp-json\/wp\/v2\/pages\/3\/revisions"}],"predecessor-version":[{"id":698,"href":"https:\/\/blogit.metropolia.fi\/rehablogi\/wp-json\/wp\/v2\/pages\/3\/revisions\/698"}],"wp:attachment":[{"href":"https:\/\/blogit.metropolia.fi\/rehablogi\/wp-json\/wp\/v2\/media?parent=3"}],"curies":[{"name":"wp","href":"https:\/\/api.w.org\/{rel}","templated":true}]}}