{"id":3,"date":"2024-09-17T09:03:15","date_gmt":"2024-09-17T06:03:15","guid":{"rendered":"https:\/\/blogit.metropolia.fi\/metropolia-exchange\/etusivu\/"},"modified":"2024-10-03T11:06:34","modified_gmt":"2024-10-03T08:06:34","slug":"etusivu","status":"publish","type":"page","link":"https:\/\/blogit.metropolia.fi\/metropolia-exchange\/","title":{"rendered":"Etusivu"},"content":{"rendered":"<button id=\"accordion-title-69debdb276abd\" class=\"accordion-block\" aria-label=\"Avaa: Bloggers\" aria-controls=\"accordion-title-69debdb276abd-content\" aria-expanded=\"\">\n\t<span class=\"material-symbols-outlined icon\" aria-hidden=\"true\">\n\t\tarrow_right\n\t<\/span>\n\t<span class=\"accordion-title\">\n\t\t\t\t\tBloggers\t\t\t<\/span>\n<\/button>\n\n\n<div id=\"accordion-title-69debdb276abd-content\" class=\"accordion-content\">\n\t\n<section  class=\"user-block\">\n\n\t\n\t\t<div class=\"user\">\n\t\t\t<div class=\"image\">\n\t\t\t\t\t\t\t\t\t<img decoding=\"async\" src=\"https:\/\/blogit.metropolia.fi\/metropolia-exchange\/wp-content\/uploads\/2024\/09\/nakyma.png\" alt=\"\"\/>\n\t\t\t\t\t\t\t<\/div>\n\t\t\t<a class=\"author-link\" href=\"https:\/\/blogit.metropolia.fi\/metropolia-exchange\/author\/metropoliaexchange\/\">\n\t\t\t\t<span class=\"name h3\">\n\t\t\t\t\tMetropolia Exchange Bloggers\t\t\t\t<\/span>\n\t\t\t<\/a>\n\t\t\t<span class=\"description\">\n\t\t\t\tThe bloggers are incoming and outgoing exchange students, teachers and staff members of Metropolia University of Applied Sciences. In the blog you can read about experiences on exchanges and on different internationalization possibilities.\t\t\t<\/span>\n\t\t\t\t\t\t\t<a class=\"button transparent email\" href=\"mailto: iro@metropolia.fi\" aria-label=\"L\u00e4het\u00e4 s\u00e4hk\u00f6postia osoitteeseen iro@metropolia.fi\">Ota yhteytt\u00e4<\/a>\n\t\t\t\t\t<\/div>\n\n\t\n<\/section>\n\n<\/div>\n\n\n\n\n<button id=\"accordion-title-69debdb27826d\" class=\"accordion-block\" aria-label=\"Avaa: Latest posts\" aria-controls=\"accordion-title-69debdb27826d-content\" aria-expanded=\"\">\n\t<span class=\"material-symbols-outlined icon\" aria-hidden=\"true\">\n\t\tarrow_right\n\t<\/span>\n\t<span class=\"accordion-title\">\n\t\t\t\t\tLatest posts\t\t\t<\/span>\n<\/button>\n\n\n<div id=\"accordion-title-69debdb27826d-content\" class=\"accordion-content\">\n\t\n<ul class=\"wp-block-latest-posts__list wp-block-latest-posts\"><li><a class=\"wp-block-latest-posts__post-title\" href=\"https:\/\/blogit.metropolia.fi\/metropolia-exchange\/en\/2026\/02\/09\/humint-student-conference-in-macedonia\/\">HUMINT Student Conference in Macedonia<\/a><\/li>\n<li><a class=\"wp-block-latest-posts__post-title\" href=\"https:\/\/blogit.metropolia.fi\/metropolia-exchange\/en\/2025\/12\/11\/international-opportunities-at-metropolia-from-a-students-perspective\/\">International\u00a0opportunities at\u00a0Metropolia\u00a0from a student\u2019s\u00a0perspective<\/a><\/li>\n<li><a class=\"wp-block-latest-posts__post-title\" href=\"https:\/\/blogit.metropolia.fi\/metropolia-exchange\/2025\/08\/07\/international-opportunities-from-a-students-perspective\/\">International\u00a0opportunities at\u00a0Metropolia\u00a0from a student\u2019s\u00a0perspective<\/a><\/li>\n<\/ul>\n<\/div>\n\n\n\n\n<button id=\"accordion-title-69debdb27869c\" class=\"accordion-block\" aria-label=\"Avaa: Archive\" aria-controls=\"accordion-title-69debdb27869c-content\" aria-expanded=\"\">\n\t<span class=\"material-symbols-outlined icon\" aria-hidden=\"true\">\n\t\tarrow_right\n\t<\/span>\n\t<span class=\"accordion-title\">\n\t\t\t\t\tArchive\t\t\t<\/span>\n<\/button>\n\n\n<div id=\"accordion-title-69debdb27869c-content\" class=\"accordion-content\">\n\t\n<ul class=\"wp-block-archives-list wp-block-archives\">\t<li><a href='https:\/\/blogit.metropolia.fi\/metropolia-exchange\/2026\/'>2026<\/a>&nbsp;(1)<\/li>\n\t<li><a href='https:\/\/blogit.metropolia.fi\/metropolia-exchange\/2025\/'>2025<\/a>&nbsp;(4)<\/li>\n\t<li><a href='https:\/\/blogit.metropolia.fi\/metropolia-exchange\/2024\/'>2024<\/a>&nbsp;(2)<\/li>\n\t<li><a href='https:\/\/blogit.metropolia.fi\/metropolia-exchange\/2023\/'>2023<\/a>&nbsp;(26)<\/li>\n\t<li><a href='https:\/\/blogit.metropolia.fi\/metropolia-exchange\/2022\/'>2022<\/a>&nbsp;(14)<\/li>\n\t<li><a href='https:\/\/blogit.metropolia.fi\/metropolia-exchange\/2021\/'>2021<\/a>&nbsp;(2)<\/li>\n<\/ul>\n<\/div>\n\n\n\n\n<button id=\"accordion-title-69debdb279f0d\" class=\"accordion-block\" aria-label=\"Avaa: Tags\" aria-controls=\"accordion-title-69debdb279f0d-content\" aria-expanded=\"\">\n\t<span class=\"material-symbols-outlined icon\" aria-hidden=\"true\">\n\t\tarrow_right\n\t<\/span>\n\t<span class=\"accordion-title\">\n\t\t\t\t\tTags\t\t\t<\/span>\n<\/button>\n\n\n<div id=\"accordion-title-69debdb279f0d-content\" class=\"accordion-content\">\n\t\n<p class=\"wp-block-tag-cloud\"><a href=\"https:\/\/blogit.metropolia.fi\/metropolia-exchange\/en\/tag\/culture\/\" class=\"tag-cloud-link tag-link-111 tag-link-position-1\" style=\"font-size: 11.783783783784pt;\" aria-label=\"Culture (3 kohdetta)\">Culture<\/a>\n<a href=\"https:\/\/blogit.metropolia.fi\/metropolia-exchange\/avainsana\/culture\/\" class=\"tag-cloud-link tag-link-65 tag-link-position-2\" style=\"font-size: 11.783783783784pt;\" aria-label=\"Culture (3 kohdetta)\">Culture<\/a>\n<a href=\"https:\/\/blogit.metropolia.fi\/metropolia-exchange\/en\/tag\/electronics\/\" class=\"tag-cloud-link tag-link-167 tag-link-position-3\" style=\"font-size: 10.27027027027pt;\" aria-label=\"Electronics (2 kohdetta)\">Electronics<\/a>\n<a href=\"https:\/\/blogit.metropolia.fi\/metropolia-exchange\/avainsana\/electronics\/\" class=\"tag-cloud-link tag-link-33 tag-link-position-4\" style=\"font-size: 10.27027027027pt;\" aria-label=\"Electronics (2 kohdetta)\">Electronics<\/a>\n<a href=\"https:\/\/blogit.metropolia.fi\/metropolia-exchange\/avainsana\/erasmus\/\" class=\"tag-cloud-link tag-link-17 tag-link-position-5\" style=\"font-size: 8pt;\" aria-label=\"Erasmus (1 kohde)\">Erasmus<\/a>\n<a href=\"https:\/\/blogit.metropolia.fi\/metropolia-exchange\/avainsana\/exchange\/\" class=\"tag-cloud-link tag-link-19 tag-link-position-6\" style=\"font-size: 13.045045045045pt;\" aria-label=\"exchange (4 kohdetta)\">exchange<\/a>\n<a href=\"https:\/\/blogit.metropolia.fi\/metropolia-exchange\/en\/tag\/exchange\/\" class=\"tag-cloud-link tag-link-149 tag-link-position-7\" style=\"font-size: 13.045045045045pt;\" aria-label=\"exchange (4 kohdetta)\">exchange<\/a>\n<a href=\"https:\/\/blogit.metropolia.fi\/metropolia-exchange\/en\/tag\/exchange-studies\/\" class=\"tag-cloud-link tag-link-87 tag-link-position-8\" style=\"font-size: 19.72972972973pt;\" aria-label=\"Exchange studies (16 kohdetta)\">Exchange studies<\/a>\n<a href=\"https:\/\/blogit.metropolia.fi\/metropolia-exchange\/avainsana\/exchange-studies\/\" class=\"tag-cloud-link tag-link-35 tag-link-position-9\" style=\"font-size: 19.351351351351pt;\" aria-label=\"Exchange studies (15 kohdetta)\">Exchange studies<\/a>\n<a href=\"https:\/\/blogit.metropolia.fi\/metropolia-exchange\/avainsana\/feel-finland\/\" class=\"tag-cloud-link tag-link-37 tag-link-position-10\" style=\"font-size: 8pt;\" aria-label=\"Feel Finland (1 kohde)\">Feel Finland<\/a>\n<a href=\"https:\/\/blogit.metropolia.fi\/metropolia-exchange\/avainsana\/finnish-nature\/\" class=\"tag-cloud-link tag-link-39 tag-link-position-11\" style=\"font-size: 8pt;\" aria-label=\"Finnish nature (1 kohde)\">Finnish nature<\/a>\n<a href=\"https:\/\/blogit.metropolia.fi\/metropolia-exchange\/avainsana\/germany\/\" class=\"tag-cloud-link tag-link-21 tag-link-position-12\" style=\"font-size: 10.27027027027pt;\" aria-label=\"Germany (2 kohdetta)\">Germany<\/a>\n<a href=\"https:\/\/blogit.metropolia.fi\/metropolia-exchange\/en\/tag\/germany\/\" class=\"tag-cloud-link tag-link-188 tag-link-position-13\" style=\"font-size: 10.27027027027pt;\" aria-label=\"Germany (2 kohdetta)\">Germany<\/a>\n<a href=\"https:\/\/blogit.metropolia.fi\/metropolia-exchange\/en\/tag\/health-care-and-social-services\/\" class=\"tag-cloud-link tag-link-130 tag-link-position-14\" style=\"font-size: 11.783783783784pt;\" aria-label=\"Health care and social services (3 kohdetta)\">Health care and social services<\/a>\n<a href=\"https:\/\/blogit.metropolia.fi\/metropolia-exchange\/avainsana\/health-care-and-social-services\/\" class=\"tag-cloud-link tag-link-47 tag-link-position-15\" style=\"font-size: 11.783783783784pt;\" aria-label=\"Health care and social services (3 kohdetta)\">Health care and social services<\/a>\n<a href=\"https:\/\/blogit.metropolia.fi\/metropolia-exchange\/avainsana\/healthtech\/\" class=\"tag-cloud-link tag-link-61 tag-link-position-16\" style=\"font-size: 8pt;\" aria-label=\"HealthTech (1 kohde)\">HealthTech<\/a>\n<a href=\"https:\/\/blogit.metropolia.fi\/metropolia-exchange\/avainsana\/hungary\/\" class=\"tag-cloud-link tag-link-41 tag-link-position-17\" style=\"font-size: 8pt;\" aria-label=\"Hungary (1 kohde)\">Hungary<\/a>\n<a href=\"https:\/\/blogit.metropolia.fi\/metropolia-exchange\/avainsana\/incoming-student-exchange\/\" class=\"tag-cloud-link tag-link-43 tag-link-position-18\" style=\"font-size: 20.108108108108pt;\" aria-label=\"incoming student exchange (17 kohdetta)\">incoming student exchange<\/a>\n<a href=\"https:\/\/blogit.metropolia.fi\/metropolia-exchange\/en\/tag\/incoming-student-exchange\/\" class=\"tag-cloud-link tag-link-103 tag-link-position-19\" style=\"font-size: 20.108108108108pt;\" aria-label=\"incoming student exchange (17 kohdetta)\">incoming student exchange<\/a>\n<a href=\"https:\/\/blogit.metropolia.fi\/metropolia-exchange\/avainsana\/malawi\/\" class=\"tag-cloud-link tag-link-49 tag-link-position-20\" style=\"font-size: 8pt;\" aria-label=\"Malawi (1 kohde)\">Malawi<\/a>\n<a href=\"https:\/\/blogit.metropolia.fi\/metropolia-exchange\/avainsana\/mbs-double-degree\/\" class=\"tag-cloud-link tag-link-75 tag-link-position-21\" style=\"font-size: 8pt;\" aria-label=\"MBS Double Degree (1 kohde)\">MBS Double Degree<\/a>\n<a href=\"https:\/\/blogit.metropolia.fi\/metropolia-exchange\/en\/tag\/mbs-double-degree\/\" class=\"tag-cloud-link tag-link-107 tag-link-position-22\" style=\"font-size: 8pt;\" aria-label=\"MBS Double Degree (1 kohde)\">MBS Double Degree<\/a>\n<a href=\"https:\/\/blogit.metropolia.fi\/metropolia-exchange\/en\/tag\/mbs-exchange\/\" class=\"tag-cloud-link tag-link-90 tag-link-position-23\" style=\"font-size: 17.837837837838pt;\" aria-label=\"MBS Exchange (11 kohdetta)\">MBS Exchange<\/a>\n<a href=\"https:\/\/blogit.metropolia.fi\/metropolia-exchange\/avainsana\/mbs-exchange\/\" class=\"tag-cloud-link tag-link-53 tag-link-position-24\" style=\"font-size: 17.333333333333pt;\" aria-label=\"MBS Exchange (10 kohdetta)\">MBS Exchange<\/a>\n<a href=\"https:\/\/blogit.metropolia.fi\/metropolia-exchange\/avainsana\/mechanical-engineering\/\" class=\"tag-cloud-link tag-link-73 tag-link-position-25\" style=\"font-size: 8pt;\" aria-label=\"Mechanical engineering (1 kohde)\">Mechanical engineering<\/a>\n<a href=\"https:\/\/blogit.metropolia.fi\/metropolia-exchange\/en\/tag\/mechanical-engineering\/\" class=\"tag-cloud-link tag-link-118 tag-link-position-26\" style=\"font-size: 8pt;\" aria-label=\"Mechanical engineering (1 kohde)\">Mechanical engineering<\/a>\n<a href=\"https:\/\/blogit.metropolia.fi\/metropolia-exchange\/avainsana\/media-design\/\" class=\"tag-cloud-link tag-link-71 tag-link-position-27\" style=\"font-size: 8pt;\" aria-label=\"Media design (1 kohde)\">Media design<\/a>\n<a href=\"https:\/\/blogit.metropolia.fi\/metropolia-exchange\/en\/tag\/media-design\/\" class=\"tag-cloud-link tag-link-126 tag-link-position-28\" style=\"font-size: 8pt;\" aria-label=\"Media design (1 kohde)\">Media design<\/a>\n<a href=\"https:\/\/blogit.metropolia.fi\/metropolia-exchange\/en\/tag\/metropolia-business-school\/\" class=\"tag-cloud-link tag-link-93 tag-link-position-29\" style=\"font-size: 18.216216216216pt;\" aria-label=\"Metropolia Business School (12 kohdetta)\">Metropolia Business School<\/a>\n<a href=\"https:\/\/blogit.metropolia.fi\/metropolia-exchange\/avainsana\/metropolia-business-school\/\" class=\"tag-cloud-link tag-link-55 tag-link-position-30\" style=\"font-size: 17.837837837838pt;\" aria-label=\"Metropolia Business School (11 kohdetta)\">Metropolia Business School<\/a>\n<a href=\"https:\/\/blogit.metropolia.fi\/metropolia-exchange\/avainsana\/mexico\/\" class=\"tag-cloud-link tag-link-57 tag-link-position-31\" style=\"font-size: 8pt;\" aria-label=\"Mexico (1 kohde)\">Mexico<\/a>\n<a href=\"https:\/\/blogit.metropolia.fi\/metropolia-exchange\/en\/tag\/music\/\" class=\"tag-cloud-link tag-link-114 tag-link-position-32\" style=\"font-size: 10.27027027027pt;\" aria-label=\"Music (2 kohdetta)\">Music<\/a>\n<a href=\"https:\/\/blogit.metropolia.fi\/metropolia-exchange\/avainsana\/music\/\" class=\"tag-cloud-link tag-link-67 tag-link-position-33\" style=\"font-size: 10.27027027027pt;\" aria-label=\"Music (2 kohdetta)\">Music<\/a>\n<a href=\"https:\/\/blogit.metropolia.fi\/metropolia-exchange\/en\/tag\/nursing\/\" class=\"tag-cloud-link tag-link-142 tag-link-position-34\" style=\"font-size: 10.27027027027pt;\" aria-label=\"Nursing (2 kohdetta)\">Nursing<\/a>\n<a href=\"https:\/\/blogit.metropolia.fi\/metropolia-exchange\/avainsana\/nursing\/\" class=\"tag-cloud-link tag-link-51 tag-link-position-35\" style=\"font-size: 10.27027027027pt;\" aria-label=\"Nursing (2 kohdetta)\">Nursing<\/a>\n<a href=\"https:\/\/blogit.metropolia.fi\/metropolia-exchange\/avainsana\/occupational-therapy\/\" class=\"tag-cloud-link tag-link-69 tag-link-position-36\" style=\"font-size: 8pt;\" aria-label=\"occupational therapy (1 kohde)\">occupational therapy<\/a>\n<a href=\"https:\/\/blogit.metropolia.fi\/metropolia-exchange\/en\/tag\/occupational-therapy\/\" class=\"tag-cloud-link tag-link-133 tag-link-position-37\" style=\"font-size: 8pt;\" aria-label=\"occupational therapy (1 kohde)\">occupational therapy<\/a>\n<a href=\"https:\/\/blogit.metropolia.fi\/metropolia-exchange\/avainsana\/poland\/\" class=\"tag-cloud-link tag-link-59 tag-link-position-38\" style=\"font-size: 8pt;\" aria-label=\"Poland (1 kohde)\">Poland<\/a>\n<a href=\"https:\/\/blogit.metropolia.fi\/metropolia-exchange\/en\/tag\/short-exchange\/\" class=\"tag-cloud-link tag-link-96 tag-link-position-39\" style=\"font-size: 13.045045045045pt;\" aria-label=\"Short exchange (4 kohdetta)\">Short exchange<\/a>\n<a href=\"https:\/\/blogit.metropolia.fi\/metropolia-exchange\/avainsana\/short-exchange\/\" class=\"tag-cloud-link tag-link-27 tag-link-position-40\" style=\"font-size: 11.783783783784pt;\" aria-label=\"Short exchange (3 kohdetta)\">Short exchange<\/a>\n<a href=\"https:\/\/blogit.metropolia.fi\/metropolia-exchange\/avainsana\/singapore\/\" class=\"tag-cloud-link tag-link-63 tag-link-position-41\" style=\"font-size: 8pt;\" aria-label=\"SIngapore (1 kohde)\">SIngapore<\/a>\n<a href=\"https:\/\/blogit.metropolia.fi\/metropolia-exchange\/en\/tag\/student-stories\/\" class=\"tag-cloud-link tag-link-99 tag-link-position-42\" style=\"font-size: 22pt;\" aria-label=\"Student Stories (25 kohdetta)\">Student Stories<\/a>\n<a href=\"https:\/\/blogit.metropolia.fi\/metropolia-exchange\/avainsana\/student-stories\/\" class=\"tag-cloud-link tag-link-23 tag-link-position-43\" style=\"font-size: 21.873873873874pt;\" aria-label=\"Student Stories (24 kohdetta)\">Student Stories<\/a>\n<a href=\"https:\/\/blogit.metropolia.fi\/metropolia-exchange\/en\/tag\/technology\/\" class=\"tag-cloud-link tag-link-121 tag-link-position-44\" style=\"font-size: 11.783783783784pt;\" aria-label=\"Technology (3 kohdetta)\">Technology<\/a>\n<a href=\"https:\/\/blogit.metropolia.fi\/metropolia-exchange\/avainsana\/technology\/\" class=\"tag-cloud-link tag-link-45 tag-link-position-45\" style=\"font-size: 11.783783783784pt;\" aria-label=\"Technology (3 kohdetta)\">Technology<\/a><\/p>\n<\/div>\n\n\n","protected":false},"excerpt":{"rendered":"","protected":false},"author":3,"featured_media":0,"parent":0,"menu_order":0,"comment_status":"closed","ping_status":"closed","template":"blog-homepage.php","meta":{"_acf_changed":false,"_exactmetrics_skip_tracking":false,"_exactmetrics_sitenote_active":false,"_exactmetrics_sitenote_note":"","_exactmetrics_sitenote_category":0,"footnotes":""},"class_list":["post-3","page","type-page","status-publish","hentry"],"acf":[],"yoast_head":"<!-- This site is optimized with the Yoast SEO plugin v27.3 - https:\/\/yoast.com\/product\/yoast-seo-wordpress\/ -->\n<title>Metropolia Exchange - Metropolian blogit<\/title>\n<meta name=\"description\" content=\"Metropolia Exchange -blogi k\u00e4sittelee englanniksi opiskelijavaihtokokemuksia ja n\u00e4kemyksi\u00e4 kansainv\u00e4lisest\u00e4 liikkuvuudesta.\" \/>\n<meta name=\"robots\" content=\"index, follow, max-snippet:-1, max-image-preview:large, max-video-preview:-1\" \/>\n<link rel=\"canonical\" href=\"https:\/\/blogit.metropolia.fi\/metropolia-exchange\/\" \/>\n<meta property=\"og:locale\" content=\"fi_FI\" \/>\n<meta property=\"og:type\" content=\"article\" \/>\n<meta property=\"og:title\" content=\"Metropolia Exchange - Metropolian blogit\" \/>\n<meta property=\"og:description\" content=\"Metropolia Exchange -blogi k\u00e4sittelee englanniksi opiskelijavaihtokokemuksia ja n\u00e4kemyksi\u00e4 kansainv\u00e4lisest\u00e4 liikkuvuudesta.\" \/>\n<meta property=\"og:url\" content=\"https:\/\/blogit.metropolia.fi\/metropolia-exchange\/\" \/>\n<meta property=\"og:site_name\" content=\"Metropolia Exchange\" \/>\n<meta property=\"article:modified_time\" content=\"2024-10-03T08:06:34+00:00\" \/>\n<meta name=\"twitter:card\" content=\"summary_large_image\" \/>\n<script type=\"application\/ld+json\" class=\"yoast-schema-graph\">{\"@context\":\"https:\\\/\\\/schema.org\",\"@graph\":[{\"@type\":\"WebPage\",\"@id\":\"https:\\\/\\\/blogit.metropolia.fi\\\/metropolia-exchange\\\/\",\"url\":\"https:\\\/\\\/blogit.metropolia.fi\\\/metropolia-exchange\\\/\",\"name\":\"Metropolia Exchange - Metropolian blogit\",\"isPartOf\":{\"@id\":\"https:\\\/\\\/blogit.metropolia.fi\\\/metropolia-exchange\\\/#website\"},\"datePublished\":\"2024-09-17T06:03:15+00:00\",\"dateModified\":\"2024-10-03T08:06:34+00:00\",\"description\":\"Metropolia Exchange -blogi k\u00e4sittelee englanniksi opiskelijavaihtokokemuksia ja n\u00e4kemyksi\u00e4 kansainv\u00e4lisest\u00e4 liikkuvuudesta.\",\"breadcrumb\":{\"@id\":\"https:\\\/\\\/blogit.metropolia.fi\\\/metropolia-exchange\\\/#breadcrumb\"},\"inLanguage\":\"fi\",\"potentialAction\":[{\"@type\":\"ReadAction\",\"target\":[\"https:\\\/\\\/blogit.metropolia.fi\\\/metropolia-exchange\\\/\"]}]},{\"@type\":\"BreadcrumbList\",\"@id\":\"https:\\\/\\\/blogit.metropolia.fi\\\/metropolia-exchange\\\/#breadcrumb\",\"itemListElement\":[{\"@type\":\"ListItem\",\"position\":1,\"name\":\"Etusivu\",\"item\":\"https:\\\/\\\/blogit.metropolia.fi\\\/metropolia-exchange\\\/\"},{\"@type\":\"ListItem\",\"position\":2,\"name\":\"Etusivu\"}]},{\"@type\":\"WebSite\",\"@id\":\"https:\\\/\\\/blogit.metropolia.fi\\\/metropolia-exchange\\\/#website\",\"url\":\"https:\\\/\\\/blogit.metropolia.fi\\\/metropolia-exchange\\\/\",\"name\":\"Metropolia Exchange\",\"description\":\"Exchange experiences, insights on international mobility.\",\"potentialAction\":[{\"@type\":\"SearchAction\",\"target\":{\"@type\":\"EntryPoint\",\"urlTemplate\":\"https:\\\/\\\/blogit.metropolia.fi\\\/metropolia-exchange\\\/?s={search_term_string}\"},\"query-input\":{\"@type\":\"PropertyValueSpecification\",\"valueRequired\":true,\"valueName\":\"search_term_string\"}}],\"inLanguage\":\"fi\"}]}<\/script>\n<!-- \/ Yoast SEO plugin. -->","yoast_head_json":{"title":"Metropolia Exchange - Metropolian blogit","description":"Metropolia Exchange -blogi k\u00e4sittelee englanniksi opiskelijavaihtokokemuksia ja n\u00e4kemyksi\u00e4 kansainv\u00e4lisest\u00e4 liikkuvuudesta.","robots":{"index":"index","follow":"follow","max-snippet":"max-snippet:-1","max-image-preview":"max-image-preview:large","max-video-preview":"max-video-preview:-1"},"canonical":"https:\/\/blogit.metropolia.fi\/metropolia-exchange\/","og_locale":"fi_FI","og_type":"article","og_title":"Metropolia Exchange - Metropolian blogit","og_description":"Metropolia Exchange -blogi k\u00e4sittelee englanniksi opiskelijavaihtokokemuksia ja n\u00e4kemyksi\u00e4 kansainv\u00e4lisest\u00e4 liikkuvuudesta.","og_url":"https:\/\/blogit.metropolia.fi\/metropolia-exchange\/","og_site_name":"Metropolia Exchange","article_modified_time":"2024-10-03T08:06:34+00:00","twitter_card":"summary_large_image","schema":{"@context":"https:\/\/schema.org","@graph":[{"@type":"WebPage","@id":"https:\/\/blogit.metropolia.fi\/metropolia-exchange\/","url":"https:\/\/blogit.metropolia.fi\/metropolia-exchange\/","name":"Metropolia Exchange - Metropolian blogit","isPartOf":{"@id":"https:\/\/blogit.metropolia.fi\/metropolia-exchange\/#website"},"datePublished":"2024-09-17T06:03:15+00:00","dateModified":"2024-10-03T08:06:34+00:00","description":"Metropolia Exchange -blogi k\u00e4sittelee englanniksi opiskelijavaihtokokemuksia ja n\u00e4kemyksi\u00e4 kansainv\u00e4lisest\u00e4 liikkuvuudesta.","breadcrumb":{"@id":"https:\/\/blogit.metropolia.fi\/metropolia-exchange\/#breadcrumb"},"inLanguage":"fi","potentialAction":[{"@type":"ReadAction","target":["https:\/\/blogit.metropolia.fi\/metropolia-exchange\/"]}]},{"@type":"BreadcrumbList","@id":"https:\/\/blogit.metropolia.fi\/metropolia-exchange\/#breadcrumb","itemListElement":[{"@type":"ListItem","position":1,"name":"Etusivu","item":"https:\/\/blogit.metropolia.fi\/metropolia-exchange\/"},{"@type":"ListItem","position":2,"name":"Etusivu"}]},{"@type":"WebSite","@id":"https:\/\/blogit.metropolia.fi\/metropolia-exchange\/#website","url":"https:\/\/blogit.metropolia.fi\/metropolia-exchange\/","name":"Metropolia Exchange","description":"Exchange experiences, insights on international mobility.","potentialAction":[{"@type":"SearchAction","target":{"@type":"EntryPoint","urlTemplate":"https:\/\/blogit.metropolia.fi\/metropolia-exchange\/?s={search_term_string}"},"query-input":{"@type":"PropertyValueSpecification","valueRequired":true,"valueName":"search_term_string"}}],"inLanguage":"fi"}]}},"lang":"fi","translations":{"fi":3,"en":284},"pll_sync_post":[],"_links":{"self":[{"href":"https:\/\/blogit.metropolia.fi\/metropolia-exchange\/wp-json\/wp\/v2\/pages\/3","targetHints":{"allow":["GET"]}}],"collection":[{"href":"https:\/\/blogit.metropolia.fi\/metropolia-exchange\/wp-json\/wp\/v2\/pages"}],"about":[{"href":"https:\/\/blogit.metropolia.fi\/metropolia-exchange\/wp-json\/wp\/v2\/types\/page"}],"author":[{"embeddable":true,"href":"https:\/\/blogit.metropolia.fi\/metropolia-exchange\/wp-json\/wp\/v2\/users\/3"}],"replies":[{"embeddable":true,"href":"https:\/\/blogit.metropolia.fi\/metropolia-exchange\/wp-json\/wp\/v2\/comments?post=3"}],"version-history":[{"count":2,"href":"https:\/\/blogit.metropolia.fi\/metropolia-exchange\/wp-json\/wp\/v2\/pages\/3\/revisions"}],"predecessor-version":[{"id":337,"href":"https:\/\/blogit.metropolia.fi\/metropolia-exchange\/wp-json\/wp\/v2\/pages\/3\/revisions\/337"}],"wp:attachment":[{"href":"https:\/\/blogit.metropolia.fi\/metropolia-exchange\/wp-json\/wp\/v2\/media?parent=3"}],"curies":[{"name":"wp","href":"https:\/\/api.w.org\/{rel}","templated":true}]}}