{"id":3,"date":"2024-09-17T08:34:46","date_gmt":"2024-09-17T05:34:46","guid":{"rendered":"https:\/\/blogit.metropolia.fi\/masterminds\/etusivu\/"},"modified":"2024-10-03T10:36:48","modified_gmt":"2024-10-03T07:36:48","slug":"etusivu","status":"publish","type":"page","link":"https:\/\/blogit.metropolia.fi\/masterminds\/","title":{"rendered":"Etusivu"},"content":{"rendered":"<button id=\"accordion-title-69d757dcce513\" class=\"accordion-block\" aria-label=\"Avaa: Bloggaajat\" aria-controls=\"accordion-title-69d757dcce513-content\" aria-expanded=\"\">\n\t<span class=\"material-symbols-outlined icon\" aria-hidden=\"true\">\n\t\tarrow_right\n\t<\/span>\n\t<span class=\"accordion-title\">\n\t\t\t\t\tBloggaajat\t\t\t<\/span>\n<\/button>\n\n\n<div id=\"accordion-title-69d757dcce513-content\" class=\"accordion-content\">\n\t\n<section  class=\"user-block\">\n\n\t\n\t\t<div class=\"user\">\n\t\t\t<div class=\"image\">\n\t\t\t\t\t\t\t\t\t<img decoding=\"async\" src=\"https:\/\/secure.gravatar.com\/avatar\/03b9d5b3ed75afeb70c929568cbc789fe97cb1bec78f479c37cfbced29c65ba9?s=96&#038;d=mm&#038;r=g\" alt=\"\"\/>\n\t\t\t\t\t\t\t<\/div>\n\t\t\t<a class=\"author-link\" href=\"https:\/\/blogit.metropolia.fi\/masterminds\/author\/yamk\/\">\n\t\t\t\t<span class=\"name h3\">\n\t\t\t\t\tMetropolia Master&#039;s bloggers\t\t\t\t<\/span>\n\t\t\t<\/a>\n\t\t\t<span class=\"description\">\n\t\t\t\tBloggaajat ovat Metropolian YAMK-tutkintojen opiskelijoita, opettajia ja yhteisty\u00f6kumppaneita. Aihepiirit k\u00e4sittelev\u00e4t laajasti ylemm\u00e4n AMK-koulutuksen ajankohtaisia teemoja, ty\u00f6el\u00e4m\u00e4yhteisty\u00f6t\u00e4 ja opiskelijoiden kokemuksia. \r\nWe also blog in English!\t\t\t<\/span>\n\t\t\t\t\t\t\t<a class=\"button transparent email\" href=\"mailto: marjatta.kelo@metropolia.fi\" aria-label=\"L\u00e4het\u00e4 s\u00e4hk\u00f6postia osoitteeseen marjatta.kelo@metropolia.fi\">Ota yhteytt\u00e4<\/a>\n\t\t\t\t\t<\/div>\n\n\t\n<\/section>\n\n<\/div>\n\n\n\n\n<button id=\"accordion-title-69d757dcce670\" class=\"accordion-block\" aria-label=\"Avaa: Toimituskunta\" aria-controls=\"accordion-title-69d757dcce670-content\" aria-expanded=\"\">\n\t<span class=\"material-symbols-outlined icon\" aria-hidden=\"true\">\n\t\tarrow_right\n\t<\/span>\n\t<span class=\"accordion-title\">\n\t\t\t\t\tToimituskunta\t\t\t<\/span>\n<\/button>\n\n\n<div id=\"accordion-title-69d757dcce670-content\" class=\"accordion-content\">\n\t\n\n<p>The editorial team will provide the content of the Masterminds blog before publication.<br>The editorial team started its work at the beginning of 2022.<br><strong>Pia Koirikivi<\/strong>, <em>chief editor in Masterminds blog<\/em>, Pedagogical Specialist<br><strong>Minna Kaihovirta<\/strong>, Manager of Dialog<br><strong>Iira Lankinen<\/strong>, Principal Lecturer<br><strong>Riikka Wallin<\/strong>, Publications Specialist<br><strong>Zinaida Grabovskaia<\/strong>, Senior Lecturer<br><strong>Salla Kivel\u00e4<\/strong>, Principal Lecturer<\/p>\n\n<\/div>\n\n\n\n\n<button id=\"accordion-title-69d757dcd023d\" class=\"accordion-block\" aria-label=\"Avaa: Viimeisimm\u00e4t postaukset\" aria-controls=\"accordion-title-69d757dcd023d-content\" aria-expanded=\"\">\n\t<span class=\"material-symbols-outlined icon\" aria-hidden=\"true\">\n\t\tarrow_right\n\t<\/span>\n\t<span class=\"accordion-title\">\n\t\t\t\t\tViimeisimm\u00e4t postaukset\t\t\t<\/span>\n<\/button>\n\n\n<div id=\"accordion-title-69d757dcd023d-content\" class=\"accordion-content\">\n\t\n<ul class=\"wp-block-latest-posts__list wp-block-latest-posts\"><li><a class=\"wp-block-latest-posts__post-title\" href=\"https:\/\/blogit.metropolia.fi\/masterminds\/2025\/01\/30\/theory-and-practice-go-hand-in-hand-in-uas-studies\/\">Theory and Practice Go Hand in Hand in UAS Studies<\/a><\/li>\n<li><a class=\"wp-block-latest-posts__post-title\" href=\"https:\/\/blogit.metropolia.fi\/masterminds\/2024\/11\/08\/from-time-management-to-focus-management\/\">From Time Management to Focus Management<\/a><\/li>\n<li><a class=\"wp-block-latest-posts__post-title\" href=\"https:\/\/blogit.metropolia.fi\/masterminds\/2024\/11\/04\/mielenterveyshoitotyon-osaamistarpeet-ensihoidossa\/\">Mielenterveyshoitoty\u00f6n osaamistarpeet ensihoidossa<\/a><\/li>\n<\/ul>\n<\/div>\n\n\n\n\n<button id=\"accordion-title-69d757dcd07b9\" class=\"accordion-block\" aria-label=\"Avaa: Arkisto\" aria-controls=\"accordion-title-69d757dcd07b9-content\" aria-expanded=\"\">\n\t<span class=\"material-symbols-outlined icon\" aria-hidden=\"true\">\n\t\tarrow_right\n\t<\/span>\n\t<span class=\"accordion-title\">\n\t\t\t\t\tArkisto\t\t\t<\/span>\n<\/button>\n\n\n<div id=\"accordion-title-69d757dcd07b9-content\" class=\"accordion-content\">\n\t\n<ul class=\"wp-block-archives-list wp-block-archives\">\t<li><a href='https:\/\/blogit.metropolia.fi\/masterminds\/2025\/'>2025<\/a>&nbsp;(1)<\/li>\n\t<li><a href='https:\/\/blogit.metropolia.fi\/masterminds\/2024\/'>2024<\/a>&nbsp;(13)<\/li>\n\t<li><a href='https:\/\/blogit.metropolia.fi\/masterminds\/2023\/'>2023<\/a>&nbsp;(11)<\/li>\n\t<li><a href='https:\/\/blogit.metropolia.fi\/masterminds\/2022\/'>2022<\/a>&nbsp;(18)<\/li>\n\t<li><a href='https:\/\/blogit.metropolia.fi\/masterminds\/2021\/'>2021<\/a>&nbsp;(5)<\/li>\n\t<li><a href='https:\/\/blogit.metropolia.fi\/masterminds\/2020\/'>2020<\/a>&nbsp;(11)<\/li>\n\t<li><a href='https:\/\/blogit.metropolia.fi\/masterminds\/2019\/'>2019<\/a>&nbsp;(21)<\/li>\n\t<li><a href='https:\/\/blogit.metropolia.fi\/masterminds\/2018\/'>2018<\/a>&nbsp;(18)<\/li>\n\t<li><a href='https:\/\/blogit.metropolia.fi\/masterminds\/2017\/'>2017<\/a>&nbsp;(14)<\/li>\n\t<li><a href='https:\/\/blogit.metropolia.fi\/masterminds\/2016\/'>2016<\/a>&nbsp;(1)<\/li>\n\t<li><a href='https:\/\/blogit.metropolia.fi\/masterminds\/1970\/'>1970<\/a>&nbsp;(1)<\/li>\n<\/ul>\n<\/div>\n\n\n\n\n<button id=\"accordion-title-69d757dcd2d93\" class=\"accordion-block\" aria-label=\"Avaa: Avainsanat\" aria-controls=\"accordion-title-69d757dcd2d93-content\" aria-expanded=\"\">\n\t<span class=\"material-symbols-outlined icon\" aria-hidden=\"true\">\n\t\tarrow_right\n\t<\/span>\n\t<span class=\"accordion-title\">\n\t\t\t\t\tAvainsanat\t\t\t<\/span>\n<\/button>\n\n\n<div id=\"accordion-title-69d757dcd2d93-content\" class=\"accordion-content\">\n\t\n<p class=\"wp-block-tag-cloud\"><a href=\"https:\/\/blogit.metropolia.fi\/masterminds\/tag\/asiantuntija-yamk\/\" class=\"tag-cloud-link tag-link-279 tag-link-position-1\" style=\"font-size: 10.153846153846pt;\" aria-label=\"asiantuntija yamk (3 kohdetta)\">asiantuntija yamk<\/a>\n<a href=\"https:\/\/blogit.metropolia.fi\/masterminds\/tag\/business-informatics\/\" class=\"tag-cloud-link tag-link-43 tag-link-position-2\" style=\"font-size: 13.384615384615pt;\" aria-label=\"business informatics (5 kohdetta)\">business informatics<\/a>\n<a href=\"https:\/\/blogit.metropolia.fi\/masterminds\/tag\/business-informatics-masters-program\/\" class=\"tag-cloud-link tag-link-545 tag-link-position-3\" style=\"font-size: 11.948717948718pt;\" aria-label=\"Business Informatics Master\u2019s Program (4 kohdetta)\">Business Informatics Master\u2019s Program<\/a>\n<a href=\"https:\/\/blogit.metropolia.fi\/masterminds\/en\/tag\/business-informatics-masters-program\/\" class=\"tag-cloud-link tag-link-1048 tag-link-position-4\" style=\"font-size: 10.153846153846pt;\" aria-label=\"Business Informatics Master\u2019s Program (3 kohdetta)\">Business Informatics Master\u2019s Program<\/a>\n<a href=\"https:\/\/blogit.metropolia.fi\/masterminds\/tag\/cern-bootcamp\/\" class=\"tag-cloud-link tag-link-311 tag-link-position-5\" style=\"font-size: 8pt;\" aria-label=\"CERN Bootcamp (2 kohdetta)\">CERN Bootcamp<\/a>\n<a href=\"https:\/\/blogit.metropolia.fi\/masterminds\/tag\/construction-business\/\" class=\"tag-cloud-link tag-link-207 tag-link-position-6\" style=\"font-size: 8pt;\" aria-label=\"Construction Business (2 kohdetta)\">Construction Business<\/a>\n<a href=\"https:\/\/blogit.metropolia.fi\/masterminds\/tag\/hankinnat\/\" class=\"tag-cloud-link tag-link-123 tag-link-position-7\" style=\"font-size: 8pt;\" aria-label=\"hankinnat (2 kohdetta)\">hankinnat<\/a>\n<a href=\"https:\/\/blogit.metropolia.fi\/masterminds\/tag\/hankintastrategia\/\" class=\"tag-cloud-link tag-link-137 tag-link-position-8\" style=\"font-size: 8pt;\" aria-label=\"hankintastrategia (2 kohdetta)\">hankintastrategia<\/a>\n<a href=\"https:\/\/blogit.metropolia.fi\/masterminds\/tag\/hankintatoimi\/\" class=\"tag-cloud-link tag-link-139 tag-link-position-9\" style=\"font-size: 8pt;\" aria-label=\"hankintatoimi (2 kohdetta)\">hankintatoimi<\/a>\n<a href=\"https:\/\/blogit.metropolia.fi\/masterminds\/tag\/industrial-management\/\" class=\"tag-cloud-link tag-link-181 tag-link-position-10\" style=\"font-size: 11.948717948718pt;\" aria-label=\"Industrial Management (4 kohdetta)\">Industrial Management<\/a>\n<a href=\"https:\/\/blogit.metropolia.fi\/masterminds\/tag\/industrial-management-masters-program\/\" class=\"tag-cloud-link tag-link-297 tag-link-position-11\" style=\"font-size: 8pt;\" aria-label=\"Industrial Management Master\u2019s program (2 kohdetta)\">Industrial Management Master\u2019s program<\/a>\n<a href=\"https:\/\/blogit.metropolia.fi\/masterminds\/tag\/johtaminen\/\" class=\"tag-cloud-link tag-link-29 tag-link-position-12\" style=\"font-size: 14.641025641026pt;\" aria-label=\"johtaminen (6 kohdetta)\">johtaminen<\/a>\n<a href=\"https:\/\/blogit.metropolia.fi\/masterminds\/tag\/koulutus\/\" class=\"tag-cloud-link tag-link-21 tag-link-position-13\" style=\"font-size: 13.384615384615pt;\" aria-label=\"koulutus (5 kohdetta)\">koulutus<\/a>\n<a href=\"https:\/\/blogit.metropolia.fi\/masterminds\/tag\/kulttuurituotanto\/\" class=\"tag-cloud-link tag-link-31 tag-link-position-14\" style=\"font-size: 8pt;\" aria-label=\"kulttuurituotanto (2 kohdetta)\">kulttuurituotanto<\/a>\n<a href=\"https:\/\/blogit.metropolia.fi\/masterminds\/tag\/marjatta-kelo\/\" class=\"tag-cloud-link tag-link-525 tag-link-position-15\" style=\"font-size: 13.384615384615pt;\" aria-label=\"Marjatta Kelo (5 kohdetta)\">Marjatta Kelo<\/a>\n<a href=\"https:\/\/blogit.metropolia.fi\/masterminds\/tag\/master\/\" class=\"tag-cloud-link tag-link-357 tag-link-position-16\" style=\"font-size: 10.153846153846pt;\" aria-label=\"master (3 kohdetta)\">master<\/a>\n<a href=\"https:\/\/blogit.metropolia.fi\/masterminds\/tag\/masters-thesis\/\" class=\"tag-cloud-link tag-link-187 tag-link-position-17\" style=\"font-size: 18.769230769231pt;\" aria-label=\"Master&#039;s Thesis (11 kohdetta)\">Master&#039;s Thesis<\/a>\n<a href=\"https:\/\/blogit.metropolia.fi\/masterminds\/en\/tag\/masters-thesis\/\" class=\"tag-cloud-link tag-link-960 tag-link-position-18\" style=\"font-size: 13.384615384615pt;\" aria-label=\"Master&#039;s Thesis (5 kohdetta)\">Master&#039;s Thesis<\/a>\n<a href=\"https:\/\/blogit.metropolia.fi\/masterminds\/tag\/masterminds\/\" class=\"tag-cloud-link tag-link-527 tag-link-position-19\" style=\"font-size: 10.153846153846pt;\" aria-label=\"masterminds (3 kohdetta)\">masterminds<\/a>\n<a href=\"https:\/\/blogit.metropolia.fi\/masterminds\/tag\/masterminds-blog\/\" class=\"tag-cloud-link tag-link-247 tag-link-position-20\" style=\"font-size: 11.948717948718pt;\" aria-label=\"Masterminds blog (4 kohdetta)\">Masterminds blog<\/a>\n<a href=\"https:\/\/blogit.metropolia.fi\/masterminds\/tag\/master-of-engineering\/\" class=\"tag-cloud-link tag-link-185 tag-link-position-21\" style=\"font-size: 10.153846153846pt;\" aria-label=\"Master of Engineering (3 kohdetta)\">Master of Engineering<\/a>\n<a href=\"https:\/\/blogit.metropolia.fi\/masterminds\/tag\/masters-degree\/\" class=\"tag-cloud-link tag-link-169 tag-link-position-22\" style=\"font-size: 8pt;\" aria-label=\"Master\u2019s degree (2 kohdetta)\">Master\u2019s degree<\/a>\n<a href=\"https:\/\/blogit.metropolia.fi\/masterminds\/tag\/metropolia\/\" class=\"tag-cloud-link tag-link-189 tag-link-position-23\" style=\"font-size: 14.641025641026pt;\" aria-label=\"Metropolia (6 kohdetta)\">Metropolia<\/a>\n<a href=\"https:\/\/blogit.metropolia.fi\/masterminds\/tag\/metropolia-amk\/\" class=\"tag-cloud-link tag-link-103 tag-link-position-24\" style=\"font-size: 8pt;\" aria-label=\"Metropolia AMK (2 kohdetta)\">Metropolia AMK<\/a>\n<a href=\"https:\/\/blogit.metropolia.fi\/masterminds\/tag\/metropolia-masters\/\" class=\"tag-cloud-link tag-link-23 tag-link-position-25\" style=\"font-size: 13.384615384615pt;\" aria-label=\"Metropolia Master&#039;s (5 kohdetta)\">Metropolia Master&#039;s<\/a>\n<a href=\"https:\/\/blogit.metropolia.fi\/masterminds\/tag\/metropolia-uas\/\" class=\"tag-cloud-link tag-link-171 tag-link-position-26\" style=\"font-size: 13.384615384615pt;\" aria-label=\"Metropolia UAS (5 kohdetta)\">Metropolia UAS<\/a>\n<a href=\"https:\/\/blogit.metropolia.fi\/masterminds\/tag\/metropolia-yamk\/\" class=\"tag-cloud-link tag-link-153 tag-link-position-27\" style=\"font-size: 11.948717948718pt;\" aria-label=\"metropolia YAMK (4 kohdetta)\">metropolia YAMK<\/a>\n<a href=\"https:\/\/blogit.metropolia.fi\/masterminds\/tag\/opinnaytetyo\/\" class=\"tag-cloud-link tag-link-49 tag-link-position-28\" style=\"font-size: 15.538461538462pt;\" aria-label=\"opinn\u00e4ytety\u00f6 (7 kohdetta)\">opinn\u00e4ytety\u00f6<\/a>\n<a href=\"https:\/\/blogit.metropolia.fi\/masterminds\/tag\/osaaminen\/\" class=\"tag-cloud-link tag-link-51 tag-link-position-29\" style=\"font-size: 10.153846153846pt;\" aria-label=\"osaaminen (3 kohdetta)\">osaaminen<\/a>\n<a href=\"https:\/\/blogit.metropolia.fi\/masterminds\/tag\/sharing-economy\/\" class=\"tag-cloud-link tag-link-307 tag-link-position-30\" style=\"font-size: 8pt;\" aria-label=\"Sharing economy (2 kohdetta)\">Sharing economy<\/a>\n<a href=\"https:\/\/blogit.metropolia.fi\/masterminds\/tag\/sosiaali-ja-terveysala\/\" class=\"tag-cloud-link tag-link-293 tag-link-position-31\" style=\"font-size: 8pt;\" aria-label=\"sosiaali-ja terveysala (2 kohdetta)\">sosiaali-ja terveysala<\/a>\n<a href=\"https:\/\/blogit.metropolia.fi\/masterminds\/tag\/sosiaaliala\/\" class=\"tag-cloud-link tag-link-95 tag-link-position-32\" style=\"font-size: 8pt;\" aria-label=\"sosiaaliala (2 kohdetta)\">sosiaaliala<\/a>\n<a href=\"https:\/\/blogit.metropolia.fi\/masterminds\/tag\/study-trip\/\" class=\"tag-cloud-link tag-link-89 tag-link-position-33\" style=\"font-size: 10.153846153846pt;\" aria-label=\"study trip (3 kohdetta)\">study trip<\/a>\n<a href=\"https:\/\/blogit.metropolia.fi\/masterminds\/tag\/sustainability\/\" class=\"tag-cloud-link tag-link-353 tag-link-position-34\" style=\"font-size: 11.948717948718pt;\" aria-label=\"Sustainability (4 kohdetta)\">Sustainability<\/a>\n<a href=\"https:\/\/blogit.metropolia.fi\/masterminds\/en\/tag\/sustainability\/\" class=\"tag-cloud-link tag-link-966 tag-link-position-35\" style=\"font-size: 10.153846153846pt;\" aria-label=\"Sustainability (3 kohdetta)\">Sustainability<\/a>\n<a href=\"https:\/\/blogit.metropolia.fi\/masterminds\/tag\/talotekniikka\/\" class=\"tag-cloud-link tag-link-59 tag-link-position-36\" style=\"font-size: 10.153846153846pt;\" aria-label=\"talotekniikka (3 kohdetta)\">talotekniikka<\/a>\n<a href=\"https:\/\/blogit.metropolia.fi\/masterminds\/tag\/terveyden-edistaminen\/\" class=\"tag-cloud-link tag-link-277 tag-link-position-37\" style=\"font-size: 8pt;\" aria-label=\"terveyden edist\u00e4minen (2 kohdetta)\">terveyden edist\u00e4minen<\/a>\n<a href=\"https:\/\/blogit.metropolia.fi\/masterminds\/tag\/terveydenhuolto\/\" class=\"tag-cloud-link tag-link-203 tag-link-position-38\" style=\"font-size: 8pt;\" aria-label=\"terveydenhuolto (2 kohdetta)\">terveydenhuolto<\/a>\n<a href=\"https:\/\/blogit.metropolia.fi\/masterminds\/tag\/tyohyvinvointi\/\" class=\"tag-cloud-link tag-link-161 tag-link-position-39\" style=\"font-size: 8pt;\" aria-label=\"ty\u00f6hyvinvointi (2 kohdetta)\">ty\u00f6hyvinvointi<\/a>\n<a href=\"https:\/\/blogit.metropolia.fi\/masterminds\/tag\/ura\/\" class=\"tag-cloud-link tag-link-33 tag-link-position-40\" style=\"font-size: 8pt;\" aria-label=\"ura (2 kohdetta)\">ura<\/a>\n<a href=\"https:\/\/blogit.metropolia.fi\/masterminds\/tag\/yamk\/\" class=\"tag-cloud-link tag-link-25 tag-link-position-41\" style=\"font-size: 22pt;\" aria-label=\"yamk (17 kohdetta)\">yamk<\/a>\n<a href=\"https:\/\/blogit.metropolia.fi\/masterminds\/tag\/yamk-tutkinto\/\" class=\"tag-cloud-link tag-link-633 tag-link-position-42\" style=\"font-size: 14.641025641026pt;\" aria-label=\"YAMK-tutkinto (6 kohdetta)\">YAMK-tutkinto<\/a>\n<a href=\"https:\/\/blogit.metropolia.fi\/masterminds\/tag\/yamk-opinnaytetyo\/\" class=\"tag-cloud-link tag-link-273 tag-link-position-43\" style=\"font-size: 14.641025641026pt;\" aria-label=\"YAMK opinn\u00e4ytety\u00f6 (6 kohdetta)\">YAMK opinn\u00e4ytety\u00f6<\/a>\n<a href=\"https:\/\/blogit.metropolia.fi\/masterminds\/tag\/ylempi-amk\/\" class=\"tag-cloud-link tag-link-27 tag-link-position-44\" style=\"font-size: 21.461538461538pt;\" aria-label=\"ylempi AMK (16 kohdetta)\">ylempi AMK<\/a>\n<a href=\"https:\/\/blogit.metropolia.fi\/masterminds\/tag\/zinaida-grabovskaia\/\" class=\"tag-cloud-link tag-link-309 tag-link-position-45\" style=\"font-size: 13.384615384615pt;\" aria-label=\"Zinaida Grabovskaia (5 kohdetta)\">Zinaida Grabovskaia<\/a><\/p>\n<\/div>\n\n\n\n\n<button id=\"accordion-title-69d757dcd466e\" class=\"accordion-block\" aria-label=\"Avaa: Master&#039;s-tutkinnot\" aria-controls=\"accordion-title-69d757dcd466e-content\" aria-expanded=\"\">\n\t<span class=\"material-symbols-outlined icon\" aria-hidden=\"true\">\n\t\tarrow_right\n\t<\/span>\n\t<span class=\"accordion-title\">\n\t\t\t\t\tMaster&#039;s-tutkinnot\t\t\t<\/span>\n<\/button>\n\n\n<div id=\"accordion-title-69d757dcd466e-content\" class=\"accordion-content\">\n\t\n\n<figure class=\"wp-block-image size-full\"><img loading=\"lazy\" decoding=\"async\" width=\"600\" height=\"397\" src=\"https:\/\/blogit.metropolia.fi\/masterminds\/wp-content\/uploads\/sites\/10\/2024\/09\/masters-1.jpg\" alt=\"\" class=\"wp-image-578\" srcset=\"https:\/\/blogit.metropolia.fi\/masterminds\/wp-content\/uploads\/sites\/10\/2024\/09\/masters-1.jpg 600w, https:\/\/blogit.metropolia.fi\/masterminds\/wp-content\/uploads\/sites\/10\/2024\/09\/masters-1-300x199.jpg 300w\" sizes=\"auto, (max-width: 600px) 100vw, 600px\" \/><\/figure>\n\n\n\n<p><a href=\"http:\/\/www.metropolia.fi\/haku\/koulutustarjonta\/yamk-tutkinnot\/\" target=\"_blank\" rel=\"noreferrer noopener\">Lue lis\u00e4\u00e4 Metropolian ylemmist\u00e4 AMK-tutkinnoista<\/a><\/p>\n\n<\/div>\n\n\n","protected":false},"excerpt":{"rendered":"","protected":false},"author":3,"featured_media":0,"parent":0,"menu_order":0,"comment_status":"closed","ping_status":"closed","template":"blog-homepage.php","meta":{"_acf_changed":false,"_exactmetrics_skip_tracking":false,"_exactmetrics_sitenote_active":false,"_exactmetrics_sitenote_note":"","_exactmetrics_sitenote_category":0,"footnotes":""},"class_list":["post-3","page","type-page","status-publish","hentry"],"acf":[],"yoast_head":"<!-- This site is optimized with the Yoast SEO plugin v27.3 - https:\/\/yoast.com\/product\/yoast-seo-wordpress\/ -->\n<title>Masterminds - Maisteriainesta - Metropolian blogit<\/title>\n<meta name=\"description\" content=\"Masterminds - Maisteriainesta blogi k\u00e4sittelee ylemm\u00e4n AMK-koulutuksen teemoja, ty\u00f6el\u00e4m\u00e4yhteisty\u00f6t\u00e4 ja opiskelijoiden kokemuksia.\" \/>\n<meta name=\"robots\" content=\"index, follow, max-snippet:-1, max-image-preview:large, max-video-preview:-1\" \/>\n<link rel=\"canonical\" href=\"https:\/\/blogit.metropolia.fi\/masterminds\/\" \/>\n<meta property=\"og:locale\" content=\"fi_FI\" \/>\n<meta property=\"og:type\" content=\"article\" \/>\n<meta property=\"og:title\" content=\"Masterminds - Maisteriainesta - Metropolian blogit\" \/>\n<meta property=\"og:description\" content=\"Masterminds - Maisteriainesta blogi k\u00e4sittelee ylemm\u00e4n AMK-koulutuksen teemoja, ty\u00f6el\u00e4m\u00e4yhteisty\u00f6t\u00e4 ja opiskelijoiden kokemuksia.\" \/>\n<meta property=\"og:url\" content=\"https:\/\/blogit.metropolia.fi\/masterminds\/\" \/>\n<meta property=\"og:site_name\" content=\"Masterminds - Maisteriainesta\" \/>\n<meta property=\"article:modified_time\" content=\"2024-10-03T07:36:48+00:00\" \/>\n<meta property=\"og:image\" content=\"https:\/\/blogit.metropolia.fi\/masterminds\/wp-content\/uploads\/sites\/10\/2024\/09\/masters-1.jpg\" \/>\n<meta name=\"twitter:card\" content=\"summary_large_image\" \/>\n<meta name=\"twitter:label1\" content=\"Arvioitu lukuaika\" \/>\n\t<meta name=\"twitter:data1\" content=\"1 minuutti\" \/>\n<script type=\"application\/ld+json\" class=\"yoast-schema-graph\">{\"@context\":\"https:\\\/\\\/schema.org\",\"@graph\":[{\"@type\":\"WebPage\",\"@id\":\"https:\\\/\\\/blogit.metropolia.fi\\\/masterminds\\\/\",\"url\":\"https:\\\/\\\/blogit.metropolia.fi\\\/masterminds\\\/\",\"name\":\"Masterminds - Maisteriainesta - Metropolian blogit\",\"isPartOf\":{\"@id\":\"https:\\\/\\\/blogit.metropolia.fi\\\/masterminds\\\/#website\"},\"primaryImageOfPage\":{\"@id\":\"https:\\\/\\\/blogit.metropolia.fi\\\/masterminds\\\/#primaryimage\"},\"image\":{\"@id\":\"https:\\\/\\\/blogit.metropolia.fi\\\/masterminds\\\/#primaryimage\"},\"thumbnailUrl\":\"https:\\\/\\\/blogit.metropolia.fi\\\/masterminds\\\/wp-content\\\/uploads\\\/sites\\\/10\\\/2024\\\/09\\\/masters-1.jpg\",\"datePublished\":\"2024-09-17T05:34:46+00:00\",\"dateModified\":\"2024-10-03T07:36:48+00:00\",\"description\":\"Masterminds - Maisteriainesta blogi k\u00e4sittelee ylemm\u00e4n AMK-koulutuksen teemoja, ty\u00f6el\u00e4m\u00e4yhteisty\u00f6t\u00e4 ja opiskelijoiden kokemuksia.\",\"breadcrumb\":{\"@id\":\"https:\\\/\\\/blogit.metropolia.fi\\\/masterminds\\\/#breadcrumb\"},\"inLanguage\":\"fi\",\"potentialAction\":[{\"@type\":\"ReadAction\",\"target\":[\"https:\\\/\\\/blogit.metropolia.fi\\\/masterminds\\\/\"]}]},{\"@type\":\"ImageObject\",\"inLanguage\":\"fi\",\"@id\":\"https:\\\/\\\/blogit.metropolia.fi\\\/masterminds\\\/#primaryimage\",\"url\":\"https:\\\/\\\/blogit.metropolia.fi\\\/masterminds\\\/wp-content\\\/uploads\\\/sites\\\/10\\\/2024\\\/09\\\/masters-1.jpg\",\"contentUrl\":\"https:\\\/\\\/blogit.metropolia.fi\\\/masterminds\\\/wp-content\\\/uploads\\\/sites\\\/10\\\/2024\\\/09\\\/masters-1.jpg\",\"width\":600,\"height\":397},{\"@type\":\"BreadcrumbList\",\"@id\":\"https:\\\/\\\/blogit.metropolia.fi\\\/masterminds\\\/#breadcrumb\",\"itemListElement\":[{\"@type\":\"ListItem\",\"position\":1,\"name\":\"Etusivu\",\"item\":\"https:\\\/\\\/blogit.metropolia.fi\\\/masterminds\\\/\"},{\"@type\":\"ListItem\",\"position\":2,\"name\":\"Etusivu\"}]},{\"@type\":\"WebSite\",\"@id\":\"https:\\\/\\\/blogit.metropolia.fi\\\/masterminds\\\/#website\",\"url\":\"https:\\\/\\\/blogit.metropolia.fi\\\/masterminds\\\/\",\"name\":\"Masterminds - Maisteriainesta\",\"description\":\"Ylemm\u00e4n ammattikorkeakoulutuksen ytimess\u00e4\",\"potentialAction\":[{\"@type\":\"SearchAction\",\"target\":{\"@type\":\"EntryPoint\",\"urlTemplate\":\"https:\\\/\\\/blogit.metropolia.fi\\\/masterminds\\\/?s={search_term_string}\"},\"query-input\":{\"@type\":\"PropertyValueSpecification\",\"valueRequired\":true,\"valueName\":\"search_term_string\"}}],\"inLanguage\":\"fi\"}]}<\/script>\n<!-- \/ Yoast SEO plugin. -->","yoast_head_json":{"title":"Masterminds - Maisteriainesta - Metropolian blogit","description":"Masterminds - Maisteriainesta blogi k\u00e4sittelee ylemm\u00e4n AMK-koulutuksen teemoja, ty\u00f6el\u00e4m\u00e4yhteisty\u00f6t\u00e4 ja opiskelijoiden kokemuksia.","robots":{"index":"index","follow":"follow","max-snippet":"max-snippet:-1","max-image-preview":"max-image-preview:large","max-video-preview":"max-video-preview:-1"},"canonical":"https:\/\/blogit.metropolia.fi\/masterminds\/","og_locale":"fi_FI","og_type":"article","og_title":"Masterminds - Maisteriainesta - Metropolian blogit","og_description":"Masterminds - Maisteriainesta blogi k\u00e4sittelee ylemm\u00e4n AMK-koulutuksen teemoja, ty\u00f6el\u00e4m\u00e4yhteisty\u00f6t\u00e4 ja opiskelijoiden kokemuksia.","og_url":"https:\/\/blogit.metropolia.fi\/masterminds\/","og_site_name":"Masterminds - Maisteriainesta","article_modified_time":"2024-10-03T07:36:48+00:00","og_image":[{"url":"https:\/\/blogit.metropolia.fi\/masterminds\/wp-content\/uploads\/sites\/10\/2024\/09\/masters-1.jpg","type":"","width":"","height":""}],"twitter_card":"summary_large_image","twitter_misc":{"Arvioitu lukuaika":"1 minuutti"},"schema":{"@context":"https:\/\/schema.org","@graph":[{"@type":"WebPage","@id":"https:\/\/blogit.metropolia.fi\/masterminds\/","url":"https:\/\/blogit.metropolia.fi\/masterminds\/","name":"Masterminds - Maisteriainesta - Metropolian blogit","isPartOf":{"@id":"https:\/\/blogit.metropolia.fi\/masterminds\/#website"},"primaryImageOfPage":{"@id":"https:\/\/blogit.metropolia.fi\/masterminds\/#primaryimage"},"image":{"@id":"https:\/\/blogit.metropolia.fi\/masterminds\/#primaryimage"},"thumbnailUrl":"https:\/\/blogit.metropolia.fi\/masterminds\/wp-content\/uploads\/sites\/10\/2024\/09\/masters-1.jpg","datePublished":"2024-09-17T05:34:46+00:00","dateModified":"2024-10-03T07:36:48+00:00","description":"Masterminds - Maisteriainesta blogi k\u00e4sittelee ylemm\u00e4n AMK-koulutuksen teemoja, ty\u00f6el\u00e4m\u00e4yhteisty\u00f6t\u00e4 ja opiskelijoiden kokemuksia.","breadcrumb":{"@id":"https:\/\/blogit.metropolia.fi\/masterminds\/#breadcrumb"},"inLanguage":"fi","potentialAction":[{"@type":"ReadAction","target":["https:\/\/blogit.metropolia.fi\/masterminds\/"]}]},{"@type":"ImageObject","inLanguage":"fi","@id":"https:\/\/blogit.metropolia.fi\/masterminds\/#primaryimage","url":"https:\/\/blogit.metropolia.fi\/masterminds\/wp-content\/uploads\/sites\/10\/2024\/09\/masters-1.jpg","contentUrl":"https:\/\/blogit.metropolia.fi\/masterminds\/wp-content\/uploads\/sites\/10\/2024\/09\/masters-1.jpg","width":600,"height":397},{"@type":"BreadcrumbList","@id":"https:\/\/blogit.metropolia.fi\/masterminds\/#breadcrumb","itemListElement":[{"@type":"ListItem","position":1,"name":"Etusivu","item":"https:\/\/blogit.metropolia.fi\/masterminds\/"},{"@type":"ListItem","position":2,"name":"Etusivu"}]},{"@type":"WebSite","@id":"https:\/\/blogit.metropolia.fi\/masterminds\/#website","url":"https:\/\/blogit.metropolia.fi\/masterminds\/","name":"Masterminds - Maisteriainesta","description":"Ylemm\u00e4n ammattikorkeakoulutuksen ytimess\u00e4","potentialAction":[{"@type":"SearchAction","target":{"@type":"EntryPoint","urlTemplate":"https:\/\/blogit.metropolia.fi\/masterminds\/?s={search_term_string}"},"query-input":{"@type":"PropertyValueSpecification","valueRequired":true,"valueName":"search_term_string"}}],"inLanguage":"fi"}]}},"lang":"fi","translations":{"fi":3,"en":580},"pll_sync_post":[],"_links":{"self":[{"href":"https:\/\/blogit.metropolia.fi\/masterminds\/wp-json\/wp\/v2\/pages\/3","targetHints":{"allow":["GET"]}}],"collection":[{"href":"https:\/\/blogit.metropolia.fi\/masterminds\/wp-json\/wp\/v2\/pages"}],"about":[{"href":"https:\/\/blogit.metropolia.fi\/masterminds\/wp-json\/wp\/v2\/types\/page"}],"author":[{"embeddable":true,"href":"https:\/\/blogit.metropolia.fi\/masterminds\/wp-json\/wp\/v2\/users\/3"}],"replies":[{"embeddable":true,"href":"https:\/\/blogit.metropolia.fi\/masterminds\/wp-json\/wp\/v2\/comments?post=3"}],"version-history":[{"count":7,"href":"https:\/\/blogit.metropolia.fi\/masterminds\/wp-json\/wp\/v2\/pages\/3\/revisions"}],"predecessor-version":[{"id":698,"href":"https:\/\/blogit.metropolia.fi\/masterminds\/wp-json\/wp\/v2\/pages\/3\/revisions\/698"}],"wp:attachment":[{"href":"https:\/\/blogit.metropolia.fi\/masterminds\/wp-json\/wp\/v2\/media?parent=3"}],"curies":[{"name":"wp","href":"https:\/\/api.w.org\/{rel}","templated":true}]}}