{"id":3,"date":"2024-09-18T08:59:20","date_gmt":"2024-09-18T05:59:20","guid":{"rendered":"https:\/\/blogit.metropolia.fi\/katilokouluttaja\/etusivu\/"},"modified":"2024-10-03T11:21:53","modified_gmt":"2024-10-03T08:21:53","slug":"etusivu","status":"publish","type":"page","link":"https:\/\/blogit.metropolia.fi\/katilokouluttaja\/","title":{"rendered":"Etusivu"},"content":{"rendered":"<button id=\"accordion-title-69d75bff3635a\" class=\"accordion-block\" aria-label=\"Avaa: Tietoa blogista\" aria-controls=\"accordion-title-69d75bff3635a-content\" aria-expanded=\"\">\n\t<span class=\"material-symbols-outlined icon\" aria-hidden=\"true\">\n\t\tarrow_right\n\t<\/span>\n\t<span class=\"accordion-title\">\n\t\t\t\t\tTietoa blogista\t\t\t<\/span>\n<\/button>\n\n\n<div id=\"accordion-title-69d75bff3635a-content\" class=\"accordion-content\">\n\t\n\n<p>K\u00e4til\u00f6kouluttaja \u2013 The Voice of Midwifery -blogissa keskustellaan k\u00e4til\u00f6ty\u00f6st\u00e4. Blogi tuo esille laajasti tietoa seksuaali- ja lis\u00e4\u00e4ntymisterveydest\u00e4 sek\u00e4 nostaa keskusteluun alaan liittyvi\u00e4 keskeisi\u00e4 kysymyksi\u00e4. Blogi on toimitettu blogi, jota yll\u00e4pit\u00e4\u00e4 Metropolia Ammattikorkeakoulu. Blogissa voi julkaista tekstej\u00e4, videoita tai niiden yhdistelmi\u00e4. Mik\u00e4li haluat tehd\u00e4 k\u00e4til\u00f6ty\u00f6h\u00f6n liittyv\u00e4n postauksen, ota yhteytt\u00e4 toimituskuntaan.<\/p>\n\n<\/div>\n\n\n\n\n<button id=\"accordion-title-69d75bff37a03\" class=\"accordion-block\" aria-label=\"Avaa: Bloggaajat\" aria-controls=\"accordion-title-69d75bff37a03-content\" aria-expanded=\"\">\n\t<span class=\"material-symbols-outlined icon\" aria-hidden=\"true\">\n\t\tarrow_right\n\t<\/span>\n\t<span class=\"accordion-title\">\n\t\t\t\t\tBloggaajat\t\t\t<\/span>\n<\/button>\n\n\n<div id=\"accordion-title-69d75bff37a03-content\" class=\"accordion-content\">\n\t\n<section  class=\"user-block\">\n\n\t\n\t\t<div class=\"user\">\n\t\t\t<div class=\"image\">\n\t\t\t\t\t\t\t\t\t<img decoding=\"async\" src=\"https:\/\/blogit.metropolia.fi\/katilokouluttaja\/wp-content\/uploads\/2024\/09\/sydamella.png\" alt=\"\"\/>\n\t\t\t\t\t\t\t<\/div>\n\t\t\t<a class=\"author-link\" href=\"https:\/\/blogit.metropolia.fi\/katilokouluttaja\/author\/kondh\/\">\n\t\t\t\t<span class=\"name h3\">\n\t\t\t\t\tK\u00e4til\u00f6kouluttajan bloggaajat\t\t\t\t<\/span>\n\t\t\t<\/a>\n\t\t\t<span class=\"description\">\n\t\t\t\tovat Metropolian k\u00e4til\u00f6ty\u00f6n opettajia ja asiantuntijoita.\t\t\t<\/span>\n\t\t\t\t\t\t\t<a class=\"button transparent email\" href=\"mailto: heli.kondelin@metropolia.fi\" aria-label=\"L\u00e4het\u00e4 s\u00e4hk\u00f6postia osoitteeseen heli.kondelin@metropolia.fi\">Ota yhteytt\u00e4<\/a>\n\t\t\t\t\t<\/div>\n\n\t\n<\/section>\n\n<\/div>\n\n\n\n\n<button id=\"accordion-title-69d75bff37ad0\" class=\"accordion-block\" aria-label=\"Avaa: Blogin toimituskunta\" aria-controls=\"accordion-title-69d75bff37ad0-content\" aria-expanded=\"\">\n\t<span class=\"material-symbols-outlined icon\" aria-hidden=\"true\">\n\t\tarrow_right\n\t<\/span>\n\t<span class=\"accordion-title\">\n\t\t\t\t\tBlogin toimituskunta\t\t\t<\/span>\n<\/button>\n\n\n<div id=\"accordion-title-69d75bff37ad0-content\" class=\"accordion-content\">\n\t\n\n<p><strong>Heli Kondelin<\/strong>\u00a0(p\u00e4\u00e4toimittaja), lehtori, k\u00e4til\u00f6ty\u00f6n tutkinto-ohjelman tutkintovastaava, p. +358 40 630 1262<br><strong>Sari Haapio<\/strong>, lehtori, p. +358 40 714 5127<br><strong>Maija-Riitta Jouhki,\u00a0<\/strong>lehtori, p. +358 40 705 60878<br><strong>Pirjo Koski,\u00a0<\/strong>lehtori, p. +358 40 630 2040<br><strong>Aino Vuorij\u00e4rvi,\u00a0<\/strong>yliopettaja, p. + 358 50 541 1395<br><br>S\u00e4hk\u00f6postiosoitteet:\u00a0etunimi.sukunimi@metropolia.fi<br><br>Toimituskunta toimittaa K\u00e4til\u00f6kouluttajat-blogin sis\u00e4ll\u00f6t ennen julkaisua.<\/p>\n\n<\/div>\n\n\n\n\n<button id=\"accordion-title-69d75bff3949c\" class=\"accordion-block\" aria-label=\"Avaa: Uusimmat postaukset\" aria-controls=\"accordion-title-69d75bff3949c-content\" aria-expanded=\"\">\n\t<span class=\"material-symbols-outlined icon\" aria-hidden=\"true\">\n\t\tarrow_right\n\t<\/span>\n\t<span class=\"accordion-title\">\n\t\t\t\t\tUusimmat postaukset\t\t\t<\/span>\n<\/button>\n\n\n<div id=\"accordion-title-69d75bff3949c-content\" class=\"accordion-content\">\n\t\n<ul class=\"wp-block-latest-posts__list wp-block-latest-posts\"><li><a class=\"wp-block-latest-posts__post-title\" href=\"https:\/\/blogit.metropolia.fi\/katilokouluttaja\/2024\/12\/03\/terveisia-seksuaalilaaketieteen-konferenssista-rotterdamista\/\">Terveisi\u00e4 seksuaalil\u00e4\u00e4ketieteen konferenssista Rotterdamista<\/a><\/li>\n<li><a class=\"wp-block-latest-posts__post-title\" href=\"https:\/\/blogit.metropolia.fi\/katilokouluttaja\/2023\/12\/19\/hygienia-kuuluu-kaikille\/\">Hygienia kuuluu kaikille<\/a><\/li>\n<li><a class=\"wp-block-latest-posts__post-title\" href=\"https:\/\/blogit.metropolia.fi\/katilokouluttaja\/2023\/11\/21\/mennaanko-metsaan-%e2%80%92-seksuaalineuvonnan-uudet-toimintaymparistot\/\">Menn\u00e4\u00e4nk\u00f6 mets\u00e4\u00e4n? \u2012 Seksuaalineuvonnan uudet toimintaymp\u00e4rist\u00f6t<\/a><\/li>\n<\/ul>\n<\/div>\n\n\n\n\n<button id=\"accordion-title-69d75bff399be\" class=\"accordion-block\" aria-label=\"Avaa: Arkistot\" aria-controls=\"accordion-title-69d75bff399be-content\" aria-expanded=\"\">\n\t<span class=\"material-symbols-outlined icon\" aria-hidden=\"true\">\n\t\tarrow_right\n\t<\/span>\n\t<span class=\"accordion-title\">\n\t\t\t\t\tArkistot\t\t\t<\/span>\n<\/button>\n\n\n<div id=\"accordion-title-69d75bff399be-content\" class=\"accordion-content\">\n\t\n<ul class=\"wp-block-archives-list wp-block-archives\">\t<li><a href='https:\/\/blogit.metropolia.fi\/katilokouluttaja\/2024\/'>2024<\/a>&nbsp;(1)<\/li>\n\t<li><a href='https:\/\/blogit.metropolia.fi\/katilokouluttaja\/2023\/'>2023<\/a>&nbsp;(4)<\/li>\n\t<li><a href='https:\/\/blogit.metropolia.fi\/katilokouluttaja\/2022\/'>2022<\/a>&nbsp;(3)<\/li>\n\t<li><a href='https:\/\/blogit.metropolia.fi\/katilokouluttaja\/2021\/'>2021<\/a>&nbsp;(2)<\/li>\n\t<li><a href='https:\/\/blogit.metropolia.fi\/katilokouluttaja\/2020\/'>2020<\/a>&nbsp;(4)<\/li>\n\t<li><a href='https:\/\/blogit.metropolia.fi\/katilokouluttaja\/2019\/'>2019<\/a>&nbsp;(9)<\/li>\n<\/ul>\n<\/div>\n\n\n\n\n<button id=\"accordion-title-69d75bff3b356\" class=\"accordion-block\" aria-label=\"Avaa: Avainsanat\" aria-controls=\"accordion-title-69d75bff3b356-content\" aria-expanded=\"\">\n\t<span class=\"material-symbols-outlined icon\" aria-hidden=\"true\">\n\t\tarrow_right\n\t<\/span>\n\t<span class=\"accordion-title\">\n\t\t\t\t\tAvainsanat\t\t\t<\/span>\n<\/button>\n\n\n<div id=\"accordion-title-69d75bff3b356-content\" class=\"accordion-content\">\n\t\n<p class=\"wp-block-tag-cloud\"><a href=\"https:\/\/blogit.metropolia.fi\/katilokouluttaja\/tag\/anemia\/\" class=\"tag-cloud-link tag-link-91 tag-link-position-1\" style=\"font-size: 8pt;\" aria-label=\"anemia (1 kohde)\">anemia<\/a>\n<a href=\"https:\/\/blogit.metropolia.fi\/katilokouluttaja\/tag\/ferritiini\/\" class=\"tag-cloud-link tag-link-93 tag-link-position-2\" style=\"font-size: 8pt;\" aria-label=\"ferritiini (1 kohde)\">ferritiini<\/a>\n<a href=\"https:\/\/blogit.metropolia.fi\/katilokouluttaja\/tag\/henkilokuntavaihto\/\" class=\"tag-cloud-link tag-link-49 tag-link-position-3\" style=\"font-size: 8pt;\" aria-label=\"henkil\u00f6kuntavaihto (1 kohde)\">henkil\u00f6kuntavaihto<\/a>\n<a href=\"https:\/\/blogit.metropolia.fi\/katilokouluttaja\/tag\/hops\/\" class=\"tag-cloud-link tag-link-45 tag-link-position-4\" style=\"font-size: 8pt;\" aria-label=\"hops (1 kohde)\">hops<\/a>\n<a href=\"https:\/\/blogit.metropolia.fi\/katilokouluttaja\/tag\/introvertti\/\" class=\"tag-cloud-link tag-link-85 tag-link-position-5\" style=\"font-size: 8pt;\" aria-label=\"introvertti (1 kohde)\">introvertti<\/a>\n<a href=\"https:\/\/blogit.metropolia.fi\/katilokouluttaja\/tag\/joulu\/\" class=\"tag-cloud-link tag-link-99 tag-link-position-6\" style=\"font-size: 8pt;\" aria-label=\"joulu (1 kohde)\">joulu<\/a>\n<a href=\"https:\/\/blogit.metropolia.fi\/katilokouluttaja\/tag\/kansainvalisyys\/\" class=\"tag-cloud-link tag-link-51 tag-link-position-7\" style=\"font-size: 8pt;\" aria-label=\"kansainv\u00e4lisyys (1 kohde)\">kansainv\u00e4lisyys<\/a>\n<a href=\"https:\/\/blogit.metropolia.fi\/katilokouluttaja\/tag\/koliikki\/\" class=\"tag-cloud-link tag-link-75 tag-link-position-8\" style=\"font-size: 8pt;\" aria-label=\"koliikki (1 kohde)\">koliikki<\/a>\n<a href=\"https:\/\/blogit.metropolia.fi\/katilokouluttaja\/tag\/koliikkioireet\/\" class=\"tag-cloud-link tag-link-77 tag-link-position-9\" style=\"font-size: 8pt;\" aria-label=\"koliikkioireet (1 kohde)\">koliikkioireet<\/a>\n<a href=\"https:\/\/blogit.metropolia.fi\/katilokouluttaja\/tag\/kommunikaatiotaidot\/\" class=\"tag-cloud-link tag-link-39 tag-link-position-10\" style=\"font-size: 8pt;\" aria-label=\"kommunikaatiotaidot (1 kohde)\">kommunikaatiotaidot<\/a>\n<a href=\"https:\/\/blogit.metropolia.fi\/katilokouluttaja\/tag\/katilokoulutus\/\" class=\"tag-cloud-link tag-link-15 tag-link-position-11\" style=\"font-size: 22pt;\" aria-label=\"k\u00e4til\u00f6koulutus (6 kohdetta)\">k\u00e4til\u00f6koulutus<\/a>\n<a href=\"https:\/\/blogit.metropolia.fi\/katilokouluttaja\/tag\/katiloopiskelija\/\" class=\"tag-cloud-link tag-link-47 tag-link-position-12\" style=\"font-size: 15.636363636364pt;\" aria-label=\"K\u00e4til\u00f6opiskelija (3 kohdetta)\">K\u00e4til\u00f6opiskelija<\/a>\n<a href=\"https:\/\/blogit.metropolia.fi\/katilokouluttaja\/tag\/katilotutkinto\/\" class=\"tag-cloud-link tag-link-17 tag-link-position-13\" style=\"font-size: 12.581818181818pt;\" aria-label=\"k\u00e4til\u00f6tutkinto (2 kohdetta)\">k\u00e4til\u00f6tutkinto<\/a>\n<a href=\"https:\/\/blogit.metropolia.fi\/katilokouluttaja\/tag\/katilotyo\/\" class=\"tag-cloud-link tag-link-53 tag-link-position-14\" style=\"font-size: 8pt;\" aria-label=\"k\u00e4til\u00f6ty\u00f6 (1 kohde)\">k\u00e4til\u00f6ty\u00f6<\/a>\n<a href=\"https:\/\/blogit.metropolia.fi\/katilokouluttaja\/tag\/kayttaytyminen\/\" class=\"tag-cloud-link tag-link-87 tag-link-position-15\" style=\"font-size: 8pt;\" aria-label=\"k\u00e4ytt\u00e4ytyminen (1 kohde)\">k\u00e4ytt\u00e4ytyminen<\/a>\n<a href=\"https:\/\/blogit.metropolia.fi\/katilokouluttaja\/tag\/lapsiluku\/\" class=\"tag-cloud-link tag-link-63 tag-link-position-16\" style=\"font-size: 8pt;\" aria-label=\"lapsiluku (1 kohde)\">lapsiluku<\/a>\n<a href=\"https:\/\/blogit.metropolia.fi\/katilokouluttaja\/tag\/liikunta\/\" class=\"tag-cloud-link tag-link-31 tag-link-position-17\" style=\"font-size: 12.581818181818pt;\" aria-label=\"liikunta (2 kohdetta)\">liikunta<\/a>\n<a href=\"https:\/\/blogit.metropolia.fi\/katilokouluttaja\/tag\/lisaantymisterveys\/\" class=\"tag-cloud-link tag-link-69 tag-link-position-18\" style=\"font-size: 8pt;\" aria-label=\"lis\u00e4\u00e4ntymisterveys (1 kohde)\">lis\u00e4\u00e4ntymisterveys<\/a>\n<a href=\"https:\/\/blogit.metropolia.fi\/katilokouluttaja\/tag\/malawi\/\" class=\"tag-cloud-link tag-link-55 tag-link-position-19\" style=\"font-size: 12.581818181818pt;\" aria-label=\"Malawi (2 kohdetta)\">Malawi<\/a>\n<a href=\"https:\/\/blogit.metropolia.fi\/katilokouluttaja\/tag\/matkasynnytys\/\" class=\"tag-cloud-link tag-link-23 tag-link-position-20\" style=\"font-size: 8pt;\" aria-label=\"matkasynnytys (1 kohde)\">matkasynnytys<\/a>\n<a href=\"https:\/\/blogit.metropolia.fi\/katilokouluttaja\/tag\/raskaudenaikainen-anemia\/\" class=\"tag-cloud-link tag-link-95 tag-link-position-21\" style=\"font-size: 8pt;\" aria-label=\"raskaudenaikainen anemia (1 kohde)\">raskaudenaikainen anemia<\/a>\n<a href=\"https:\/\/blogit.metropolia.fi\/katilokouluttaja\/tag\/raskaus\/\" class=\"tag-cloud-link tag-link-101 tag-link-position-22\" style=\"font-size: 12.581818181818pt;\" aria-label=\"raskaus (2 kohdetta)\">raskaus<\/a>\n<a href=\"https:\/\/blogit.metropolia.fi\/katilokouluttaja\/tag\/raudanpuute\/\" class=\"tag-cloud-link tag-link-97 tag-link-position-23\" style=\"font-size: 8pt;\" aria-label=\"Raudanpuute (1 kohde)\">Raudanpuute<\/a>\n<a href=\"https:\/\/blogit.metropolia.fi\/katilokouluttaja\/tag\/reproductive-health\/\" class=\"tag-cloud-link tag-link-71 tag-link-position-24\" style=\"font-size: 8pt;\" aria-label=\"reproductive health (1 kohde)\">reproductive health<\/a>\n<a href=\"https:\/\/blogit.metropolia.fi\/katilokouluttaja\/tag\/sairaalan-ulkopuolinen-synnytys\/\" class=\"tag-cloud-link tag-link-25 tag-link-position-25\" style=\"font-size: 8pt;\" aria-label=\"sairaalan ulkopuolinen synnytys (1 kohde)\">sairaalan ulkopuolinen synnytys<\/a>\n<a href=\"https:\/\/blogit.metropolia.fi\/katilokouluttaja\/tag\/seksi\/\" class=\"tag-cloud-link tag-link-33 tag-link-position-26\" style=\"font-size: 8pt;\" aria-label=\"seksi (1 kohde)\">seksi<\/a>\n<a href=\"https:\/\/blogit.metropolia.fi\/katilokouluttaja\/tag\/seksuaalilaaketiede\/\" class=\"tag-cloud-link tag-link-145 tag-link-position-27\" style=\"font-size: 12.581818181818pt;\" aria-label=\"seksuaalil\u00e4\u00e4ketiede (2 kohdetta)\">seksuaalil\u00e4\u00e4ketiede<\/a>\n<a href=\"https:\/\/blogit.metropolia.fi\/katilokouluttaja\/tag\/seksuaalisuus\/\" class=\"tag-cloud-link tag-link-127 tag-link-position-28\" style=\"font-size: 15.636363636364pt;\" aria-label=\"seksuaalisuus (3 kohdetta)\">seksuaalisuus<\/a>\n<a href=\"https:\/\/blogit.metropolia.fi\/katilokouluttaja\/tag\/seksuaaliterveys\/\" class=\"tag-cloud-link tag-link-35 tag-link-position-29\" style=\"font-size: 18.181818181818pt;\" aria-label=\"seksuaaliterveys (4 kohdetta)\">seksuaaliterveys<\/a>\n<a href=\"https:\/\/blogit.metropolia.fi\/katilokouluttaja\/tag\/sexual-health\/\" class=\"tag-cloud-link tag-link-73 tag-link-position-30\" style=\"font-size: 8pt;\" aria-label=\"sexual health (1 kohde)\">sexual health<\/a>\n<a href=\"https:\/\/blogit.metropolia.fi\/katilokouluttaja\/tag\/simulaatio\/\" class=\"tag-cloud-link tag-link-41 tag-link-position-31\" style=\"font-size: 8pt;\" aria-label=\"Simulaatio (1 kohde)\">Simulaatio<\/a>\n<a href=\"https:\/\/blogit.metropolia.fi\/katilokouluttaja\/tag\/sote\/\" class=\"tag-cloud-link tag-link-27 tag-link-position-32\" style=\"font-size: 8pt;\" aria-label=\"sote (1 kohde)\">sote<\/a>\n<a href=\"https:\/\/blogit.metropolia.fi\/katilokouluttaja\/tag\/synnytys\/\" class=\"tag-cloud-link tag-link-19 tag-link-position-33\" style=\"font-size: 20.218181818182pt;\" aria-label=\"synnytys (5 kohdetta)\">synnytys<\/a>\n<a href=\"https:\/\/blogit.metropolia.fi\/katilokouluttaja\/tag\/synnytyspelko\/\" class=\"tag-cloud-link tag-link-59 tag-link-position-34\" style=\"font-size: 8pt;\" aria-label=\"synnytyspelko (1 kohde)\">synnytyspelko<\/a>\n<a href=\"https:\/\/blogit.metropolia.fi\/katilokouluttaja\/tag\/synnytysten-keskittaminen\/\" class=\"tag-cloud-link tag-link-29 tag-link-position-35\" style=\"font-size: 8pt;\" aria-label=\"synnytysten keskitt\u00e4minen (1 kohde)\">synnytysten keskitt\u00e4minen<\/a>\n<a href=\"https:\/\/blogit.metropolia.fi\/katilokouluttaja\/tag\/synnytysvalmennus\/\" class=\"tag-cloud-link tag-link-61 tag-link-position-36\" style=\"font-size: 8pt;\" aria-label=\"synnytysvalmennus (1 kohde)\">synnytysvalmennus<\/a>\n<a href=\"https:\/\/blogit.metropolia.fi\/katilokouluttaja\/tag\/syntyvyys\/\" class=\"tag-cloud-link tag-link-65 tag-link-position-37\" style=\"font-size: 8pt;\" aria-label=\"Syntyvyys (1 kohde)\">Syntyvyys<\/a>\n<a href=\"https:\/\/blogit.metropolia.fi\/katilokouluttaja\/tag\/temperamentti\/\" class=\"tag-cloud-link tag-link-89 tag-link-position-38\" style=\"font-size: 8pt;\" aria-label=\"temperamentti (1 kohde)\">temperamentti<\/a>\n<a href=\"https:\/\/blogit.metropolia.fi\/katilokouluttaja\/tag\/terveyden-edistaminen\/\" class=\"tag-cloud-link tag-link-57 tag-link-position-39\" style=\"font-size: 8pt;\" aria-label=\"terveyden edist\u00e4minen (1 kohde)\">terveyden edist\u00e4minen<\/a>\n<a href=\"https:\/\/blogit.metropolia.fi\/katilokouluttaja\/tag\/terveys\/\" class=\"tag-cloud-link tag-link-37 tag-link-position-40\" style=\"font-size: 8pt;\" aria-label=\"terveys (1 kohde)\">terveys<\/a>\n<a href=\"https:\/\/blogit.metropolia.fi\/katilokouluttaja\/tag\/tiimityotaidot\/\" class=\"tag-cloud-link tag-link-43 tag-link-position-41\" style=\"font-size: 8pt;\" aria-label=\"tiimity\u00f6taidot (1 kohde)\">tiimity\u00f6taidot<\/a>\n<a href=\"https:\/\/blogit.metropolia.fi\/katilokouluttaja\/tag\/vastasyntynyt\/\" class=\"tag-cloud-link tag-link-79 tag-link-position-42\" style=\"font-size: 8pt;\" aria-label=\"vastasyntynyt (1 kohde)\">vastasyntynyt<\/a>\n<a href=\"https:\/\/blogit.metropolia.fi\/katilokouluttaja\/tag\/vauva\/\" class=\"tag-cloud-link tag-link-81 tag-link-position-43\" style=\"font-size: 8pt;\" aria-label=\"vauva (1 kohde)\">vauva<\/a>\n<a href=\"https:\/\/blogit.metropolia.fi\/katilokouluttaja\/tag\/vyohyketerapia\/\" class=\"tag-cloud-link tag-link-83 tag-link-position-44\" style=\"font-size: 8pt;\" aria-label=\"vy\u00f6hyketerapia (1 kohde)\">vy\u00f6hyketerapia<\/a>\n<a href=\"https:\/\/blogit.metropolia.fi\/katilokouluttaja\/tag\/vaesto\/\" class=\"tag-cloud-link tag-link-67 tag-link-position-45\" style=\"font-size: 8pt;\" aria-label=\"v\u00e4est\u00f6 (1 kohde)\">v\u00e4est\u00f6<\/a><\/p>\n<\/div>\n\n\n","protected":false},"excerpt":{"rendered":"","protected":false},"author":3,"featured_media":0,"parent":0,"menu_order":0,"comment_status":"closed","ping_status":"closed","template":"blog-homepage.php","meta":{"_acf_changed":false,"_exactmetrics_skip_tracking":false,"_exactmetrics_sitenote_active":false,"_exactmetrics_sitenote_note":"","_exactmetrics_sitenote_category":0,"footnotes":""},"class_list":["post-3","page","type-page","status-publish","hentry"],"acf":[],"yoast_head":"<!-- This site is optimized with the Yoast SEO plugin v27.3 - https:\/\/yoast.com\/product\/yoast-seo-wordpress\/ -->\n<title>K\u00e4til\u00f6kouluttaja - Metropolian blogit<\/title>\n<meta name=\"description\" content=\"K\u00e4til\u00f6kouluttaja-blogissa keskustellaan k\u00e4til\u00f6ty\u00f6st\u00e4. Blogi tuo esille laajasti tietoa seksuaali- ja lis\u00e4\u00e4ntymisterveydest\u00e4.\" \/>\n<meta name=\"robots\" content=\"index, follow, max-snippet:-1, max-image-preview:large, max-video-preview:-1\" \/>\n<link rel=\"canonical\" href=\"https:\/\/blogit.metropolia.fi\/katilokouluttaja\/\" \/>\n<meta property=\"og:locale\" content=\"fi_FI\" \/>\n<meta property=\"og:type\" content=\"article\" \/>\n<meta property=\"og:title\" content=\"K\u00e4til\u00f6kouluttaja - Metropolian blogit\" \/>\n<meta property=\"og:description\" content=\"K\u00e4til\u00f6kouluttaja-blogissa keskustellaan k\u00e4til\u00f6ty\u00f6st\u00e4. Blogi tuo esille laajasti tietoa seksuaali- ja lis\u00e4\u00e4ntymisterveydest\u00e4.\" \/>\n<meta property=\"og:url\" content=\"https:\/\/blogit.metropolia.fi\/katilokouluttaja\/\" \/>\n<meta property=\"og:site_name\" content=\"K\u00e4til\u00f6kouluttaja - The Voice of Midwifery\" \/>\n<meta property=\"article:modified_time\" content=\"2024-10-03T08:21:53+00:00\" \/>\n<meta name=\"twitter:card\" content=\"summary_large_image\" \/>\n<meta name=\"twitter:label1\" content=\"Arvioitu lukuaika\" \/>\n\t<meta name=\"twitter:data1\" content=\"1 minuutti\" \/>\n<script type=\"application\/ld+json\" class=\"yoast-schema-graph\">{\"@context\":\"https:\\\/\\\/schema.org\",\"@graph\":[{\"@type\":\"WebPage\",\"@id\":\"https:\\\/\\\/blogit.metropolia.fi\\\/katilokouluttaja\\\/\",\"url\":\"https:\\\/\\\/blogit.metropolia.fi\\\/katilokouluttaja\\\/\",\"name\":\"K\u00e4til\u00f6kouluttaja - Metropolian blogit\",\"isPartOf\":{\"@id\":\"https:\\\/\\\/blogit.metropolia.fi\\\/katilokouluttaja\\\/#website\"},\"datePublished\":\"2024-09-18T05:59:20+00:00\",\"dateModified\":\"2024-10-03T08:21:53+00:00\",\"description\":\"K\u00e4til\u00f6kouluttaja-blogissa keskustellaan k\u00e4til\u00f6ty\u00f6st\u00e4. Blogi tuo esille laajasti tietoa seksuaali- ja lis\u00e4\u00e4ntymisterveydest\u00e4.\",\"breadcrumb\":{\"@id\":\"https:\\\/\\\/blogit.metropolia.fi\\\/katilokouluttaja\\\/#breadcrumb\"},\"inLanguage\":\"fi\",\"potentialAction\":[{\"@type\":\"ReadAction\",\"target\":[\"https:\\\/\\\/blogit.metropolia.fi\\\/katilokouluttaja\\\/\"]}]},{\"@type\":\"BreadcrumbList\",\"@id\":\"https:\\\/\\\/blogit.metropolia.fi\\\/katilokouluttaja\\\/#breadcrumb\",\"itemListElement\":[{\"@type\":\"ListItem\",\"position\":1,\"name\":\"Etusivu\",\"item\":\"https:\\\/\\\/blogit.metropolia.fi\\\/katilokouluttaja\\\/\"},{\"@type\":\"ListItem\",\"position\":2,\"name\":\"Etusivu\"}]},{\"@type\":\"WebSite\",\"@id\":\"https:\\\/\\\/blogit.metropolia.fi\\\/katilokouluttaja\\\/#website\",\"url\":\"https:\\\/\\\/blogit.metropolia.fi\\\/katilokouluttaja\\\/\",\"name\":\"K\u00e4til\u00f6kouluttaja - The Voice of Midwifery\",\"description\":\"Keskusteluja k\u00e4til\u00f6ty\u00f6st\u00e4, -koulutuksesta ja -tieteest\u00e4\",\"potentialAction\":[{\"@type\":\"SearchAction\",\"target\":{\"@type\":\"EntryPoint\",\"urlTemplate\":\"https:\\\/\\\/blogit.metropolia.fi\\\/katilokouluttaja\\\/?s={search_term_string}\"},\"query-input\":{\"@type\":\"PropertyValueSpecification\",\"valueRequired\":true,\"valueName\":\"search_term_string\"}}],\"inLanguage\":\"fi\"}]}<\/script>\n<!-- \/ Yoast SEO plugin. -->","yoast_head_json":{"title":"K\u00e4til\u00f6kouluttaja - Metropolian blogit","description":"K\u00e4til\u00f6kouluttaja-blogissa keskustellaan k\u00e4til\u00f6ty\u00f6st\u00e4. Blogi tuo esille laajasti tietoa seksuaali- ja lis\u00e4\u00e4ntymisterveydest\u00e4.","robots":{"index":"index","follow":"follow","max-snippet":"max-snippet:-1","max-image-preview":"max-image-preview:large","max-video-preview":"max-video-preview:-1"},"canonical":"https:\/\/blogit.metropolia.fi\/katilokouluttaja\/","og_locale":"fi_FI","og_type":"article","og_title":"K\u00e4til\u00f6kouluttaja - Metropolian blogit","og_description":"K\u00e4til\u00f6kouluttaja-blogissa keskustellaan k\u00e4til\u00f6ty\u00f6st\u00e4. Blogi tuo esille laajasti tietoa seksuaali- ja lis\u00e4\u00e4ntymisterveydest\u00e4.","og_url":"https:\/\/blogit.metropolia.fi\/katilokouluttaja\/","og_site_name":"K\u00e4til\u00f6kouluttaja - The Voice of Midwifery","article_modified_time":"2024-10-03T08:21:53+00:00","twitter_card":"summary_large_image","twitter_misc":{"Arvioitu lukuaika":"1 minuutti"},"schema":{"@context":"https:\/\/schema.org","@graph":[{"@type":"WebPage","@id":"https:\/\/blogit.metropolia.fi\/katilokouluttaja\/","url":"https:\/\/blogit.metropolia.fi\/katilokouluttaja\/","name":"K\u00e4til\u00f6kouluttaja - Metropolian blogit","isPartOf":{"@id":"https:\/\/blogit.metropolia.fi\/katilokouluttaja\/#website"},"datePublished":"2024-09-18T05:59:20+00:00","dateModified":"2024-10-03T08:21:53+00:00","description":"K\u00e4til\u00f6kouluttaja-blogissa keskustellaan k\u00e4til\u00f6ty\u00f6st\u00e4. Blogi tuo esille laajasti tietoa seksuaali- ja lis\u00e4\u00e4ntymisterveydest\u00e4.","breadcrumb":{"@id":"https:\/\/blogit.metropolia.fi\/katilokouluttaja\/#breadcrumb"},"inLanguage":"fi","potentialAction":[{"@type":"ReadAction","target":["https:\/\/blogit.metropolia.fi\/katilokouluttaja\/"]}]},{"@type":"BreadcrumbList","@id":"https:\/\/blogit.metropolia.fi\/katilokouluttaja\/#breadcrumb","itemListElement":[{"@type":"ListItem","position":1,"name":"Etusivu","item":"https:\/\/blogit.metropolia.fi\/katilokouluttaja\/"},{"@type":"ListItem","position":2,"name":"Etusivu"}]},{"@type":"WebSite","@id":"https:\/\/blogit.metropolia.fi\/katilokouluttaja\/#website","url":"https:\/\/blogit.metropolia.fi\/katilokouluttaja\/","name":"K\u00e4til\u00f6kouluttaja - The Voice of Midwifery","description":"Keskusteluja k\u00e4til\u00f6ty\u00f6st\u00e4, -koulutuksesta ja -tieteest\u00e4","potentialAction":[{"@type":"SearchAction","target":{"@type":"EntryPoint","urlTemplate":"https:\/\/blogit.metropolia.fi\/katilokouluttaja\/?s={search_term_string}"},"query-input":{"@type":"PropertyValueSpecification","valueRequired":true,"valueName":"search_term_string"}}],"inLanguage":"fi"}]}},"lang":"fi","translations":{"fi":3},"pll_sync_post":[],"_links":{"self":[{"href":"https:\/\/blogit.metropolia.fi\/katilokouluttaja\/wp-json\/wp\/v2\/pages\/3","targetHints":{"allow":["GET"]}}],"collection":[{"href":"https:\/\/blogit.metropolia.fi\/katilokouluttaja\/wp-json\/wp\/v2\/pages"}],"about":[{"href":"https:\/\/blogit.metropolia.fi\/katilokouluttaja\/wp-json\/wp\/v2\/types\/page"}],"author":[{"embeddable":true,"href":"https:\/\/blogit.metropolia.fi\/katilokouluttaja\/wp-json\/wp\/v2\/users\/3"}],"replies":[{"embeddable":true,"href":"https:\/\/blogit.metropolia.fi\/katilokouluttaja\/wp-json\/wp\/v2\/comments?post=3"}],"version-history":[{"count":2,"href":"https:\/\/blogit.metropolia.fi\/katilokouluttaja\/wp-json\/wp\/v2\/pages\/3\/revisions"}],"predecessor-version":[{"id":178,"href":"https:\/\/blogit.metropolia.fi\/katilokouluttaja\/wp-json\/wp\/v2\/pages\/3\/revisions\/178"}],"wp:attachment":[{"href":"https:\/\/blogit.metropolia.fi\/katilokouluttaja\/wp-json\/wp\/v2\/media?parent=3"}],"curies":[{"name":"wp","href":"https:\/\/api.w.org\/{rel}","templated":true}]}}