{"id":54,"date":"2024-11-06T16:28:38","date_gmt":"2024-11-06T14:28:38","guid":{"rendered":"https:\/\/blogit.metropolia.fi\/humkk\/etusivu\/"},"modified":"2025-01-23T15:43:44","modified_gmt":"2025-01-23T13:43:44","slug":"frontpage","status":"publish","type":"page","link":"https:\/\/blogit.metropolia.fi\/humkk\/en\/","title":{"rendered":"Etusivu &#8211; English"},"content":{"rendered":"<button id=\"accordion-title-69deaea207aeb\" class=\"accordion-block\" aria-label=\"Avaa: Bloggers\" aria-controls=\"accordion-title-69deaea207aeb-content\" aria-expanded=\"\">\n\t<span class=\"material-symbols-outlined icon\" aria-hidden=\"true\">\n\t\tarrow_right\n\t<\/span>\n\t<span class=\"accordion-title\">\n\t\t\t\t\tBloggers\t\t\t<\/span>\n<\/button>\n\n\n<div id=\"accordion-title-69deaea207aeb-content\" class=\"accordion-content\">\n\t\n<section  class=\"user-block\">\n\n\t\n\t\t<div class=\"user\">\n\t\t\t<div class=\"image\">\n\t\t\t\t\t\t\t\t\t<img decoding=\"async\" src=\"https:\/\/blogit.metropolia.fi\/humkk\/wp-content\/uploads\/2025\/01\/enni-leskinen.jpg\" alt=\"\"\/>\n\t\t\t\t\t\t\t<\/div>\n\t\t\t<a class=\"author-link\" href=\"https:\/\/blogit.metropolia.fi\/humkk\/author\/enniles\/\">\n\t\t\t\t<span class=\"name h3\">\n\t\t\t\t\tEnni Leskinen\t\t\t\t<\/span>\n\t\t\t<\/a>\n\t\t\t<span class=\"description\">\n\t\t\t\tty\u00f6skentelee Metropoliassa koordinaattorina. H\u00e4n on koulutukseltaan kasvatustieteen maisteri ja opiskelee parhaillaan my\u00f6s sukupuolentutkimuksen maisteriohjelmassa. H\u00e4n on kiinnostunut kasvatuksen ja koulutuksen ilmi\u00f6ist\u00e4, tasa-arvon ja yhdenvertaisuuden kysymyksist\u00e4 sek\u00e4 kylm\u00e4vesiuinnista.\t\t\t<\/span>\n\t\t\t\t\t\t\t<a class=\"button transparent email\" href=\"mailto: enni.leskinen@metropolia.fi\" aria-label=\"L\u00e4het\u00e4 s\u00e4hk\u00f6postia osoitteeseen enni.leskinen@metropolia.fi\">Ota yhteytt\u00e4<\/a>\n\t\t\t\t\t<\/div>\n\n\t\n<\/section>\n\n<\/div>\n\n\n\n\n<button id=\"accordion-title-69deaea20979d\" class=\"accordion-block\" aria-label=\"Avaa: Latest posts\" aria-controls=\"accordion-title-69deaea20979d-content\" aria-expanded=\"\">\n\t<span class=\"material-symbols-outlined icon\" aria-hidden=\"true\">\n\t\tarrow_right\n\t<\/span>\n\t<span class=\"accordion-title\">\n\t\t\t\t\tLatest posts\t\t\t<\/span>\n<\/button>\n\n\n<div id=\"accordion-title-69deaea20979d-content\" class=\"accordion-content\">\n\t\n<ul class=\"wp-block-latest-posts__list wp-block-latest-posts\"><li><a class=\"wp-block-latest-posts__post-title\" href=\"https:\/\/blogit.metropolia.fi\/humkk\/en\/2025\/06\/13\/hymy-village-and-the-humkk-audit-an-interview-with-hymy-village-designer-sofi-olsson\/\">HyMy Village and the HUMKK Audit \u2013 An Interview with HyMy Village Designer Sofi Olsson<\/a><\/li>\n<li><a class=\"wp-block-latest-posts__post-title\" href=\"https:\/\/blogit.metropolia.fi\/humkk\/2025\/06\/13\/hymy-kyla-ja-humkk-auditointi-haastattelussa-hymy-kylan-suunnittelija-sofi-olsson\/\">HyMy-kyl\u00e4 ja HUMKK-auditointi \u2013 haastattelussa HyMy-kyl\u00e4n suunnittelija Sofi Olsson<\/a><\/li>\n<li><a class=\"wp-block-latest-posts__post-title\" href=\"https:\/\/blogit.metropolia.fi\/humkk\/en\/2025\/04\/11\/jukka-tirri-specialist-expert-in-collegiate-sports-and-key-contributor-to-the-humkk-auditing-process\/\">Jukka Tirri &#8211; Specialist Expert in Collegiate Sports and Key Contributor to the HUMKK Auditing Process<\/a><\/li>\n<li><a class=\"wp-block-latest-posts__post-title\" href=\"https:\/\/blogit.metropolia.fi\/humkk\/2025\/04\/11\/jukka-tirri-opiskelijahuippu-urheilun-erityisasiantuntija-ja-hummk-auditoinnin-moniosaaja\/\">Jukka Tirri &#8211; Opiskelijahuippu-urheilun erityisasiantuntija ja HUMMK-auditoinnin moniosaaja<\/a><\/li>\n<li><a class=\"wp-block-latest-posts__post-title\" href=\"https:\/\/blogit.metropolia.fi\/humkk\/en\/2025\/02\/17\/titta-komssi-coordinator-of-the-metropolia-sports-team-sports-customer-manager-head-of-degree-programme-in-physiotherapy-and-senior-lecturer\/\">TItta Komssi: Coordinator of the Metropolia Sports Team, Sports Customer Manager, Head of Degree Programme in Physiotherapy and Senior Lecturer<\/a><\/li>\n<\/ul>\n<\/div>\n\n\n\n\n<button id=\"accordion-title-69deaea209f1c\" class=\"accordion-block\" aria-label=\"Avaa: Archives\" aria-controls=\"accordion-title-69deaea209f1c-content\" aria-expanded=\"\">\n\t<span class=\"material-symbols-outlined icon\" aria-hidden=\"true\">\n\t\tarrow_right\n\t<\/span>\n\t<span class=\"accordion-title\">\n\t\t\t\t\tArchives\t\t\t<\/span>\n<\/button>\n\n\n<div id=\"accordion-title-69deaea209f1c-content\" class=\"accordion-content\">\n\t\n<ul class=\"wp-block-archives-list wp-block-archives\">\t<li><a href='https:\/\/blogit.metropolia.fi\/humkk\/2025\/06\/'>kes\u00e4kuu 2025<\/a><\/li>\n\t<li><a href='https:\/\/blogit.metropolia.fi\/humkk\/2025\/04\/'>huhtikuu 2025<\/a><\/li>\n\t<li><a href='https:\/\/blogit.metropolia.fi\/humkk\/2025\/02\/'>helmikuu 2025<\/a><\/li>\n\t<li><a href='https:\/\/blogit.metropolia.fi\/humkk\/2025\/01\/'>tammikuu 2025<\/a><\/li>\n\t<li><a href='https:\/\/blogit.metropolia.fi\/humkk\/2024\/12\/'>joulukuu 2024<\/a><\/li>\n\t<li><a href='https:\/\/blogit.metropolia.fi\/humkk\/2024\/11\/'>marraskuu 2024<\/a><\/li>\n<\/ul>\n<\/div>\n\n\n\n\n<button id=\"accordion-title-69deaea20ad96\" class=\"accordion-block\" aria-label=\"Avaa: Keywords\" aria-controls=\"accordion-title-69deaea20ad96-content\" aria-expanded=\"\">\n\t<span class=\"material-symbols-outlined icon\" aria-hidden=\"true\">\n\t\tarrow_right\n\t<\/span>\n\t<span class=\"accordion-title\">\n\t\t\t\t\tKeywords\t\t\t<\/span>\n<\/button>\n\n\n<div id=\"accordion-title-69deaea20ad96-content\" class=\"accordion-content\">\n\t\n<p class=\"wp-block-tag-cloud\"><a href=\"https:\/\/blogit.metropolia.fi\/humkk\/en\/tag\/combining-sports-and-studies\/\" class=\"tag-cloud-link tag-link-37 tag-link-position-1\" style=\"font-size: 19.846153846154pt;\" aria-label=\"Combining sports and studies (6 kohdetta)\">Combining sports and studies<\/a>\n<a href=\"https:\/\/blogit.metropolia.fi\/humkk\/en\/tag\/handball\/\" class=\"tag-cloud-link tag-link-39 tag-link-position-2\" style=\"font-size: 8pt;\" aria-label=\"handball (1 kohde)\">handball<\/a>\n<a href=\"https:\/\/blogit.metropolia.fi\/humkk\/tag\/humkk\/\" class=\"tag-cloud-link tag-link-16 tag-link-position-3\" style=\"font-size: 22pt;\" aria-label=\"humkk (8 kohdetta)\">humkk<\/a>\n<a href=\"https:\/\/blogit.metropolia.fi\/humkk\/en\/tag\/humkk\/\" class=\"tag-cloud-link tag-link-60 tag-link-position-4\" style=\"font-size: 8pt;\" aria-label=\"Humkk (1 kohde)\">Humkk<\/a>\n<a href=\"https:\/\/blogit.metropolia.fi\/humkk\/tag\/hymy-kyla\/\" class=\"tag-cloud-link tag-link-58 tag-link-position-5\" style=\"font-size: 8pt;\" aria-label=\"HyMy-kyl\u00e4 (1 kohde)\">HyMy-kyl\u00e4<\/a>\n<a href=\"https:\/\/blogit.metropolia.fi\/humkk\/en\/tag\/hymy-village\/\" class=\"tag-cloud-link tag-link-62 tag-link-position-6\" style=\"font-size: 8pt;\" aria-label=\"HyMy Village (1 kohde)\">HyMy Village<\/a>\n<a href=\"https:\/\/blogit.metropolia.fi\/humkk\/en\/tag\/mixed-cheerleading\/\" class=\"tag-cloud-link tag-link-42 tag-link-position-7\" style=\"font-size: 8pt;\" aria-label=\"mixed cheerleading (1 kohde)\">mixed cheerleading<\/a>\n<a href=\"https:\/\/blogit.metropolia.fi\/humkk\/tag\/olympiakomitea\/\" class=\"tag-cloud-link tag-link-24 tag-link-position-8\" style=\"font-size: 11.876923076923pt;\" aria-label=\"Olympiakomitea (2 kohdetta)\">Olympiakomitea<\/a>\n<a href=\"https:\/\/blogit.metropolia.fi\/humkk\/en\/tag\/olympic-committee\/\" class=\"tag-cloud-link tag-link-35 tag-link-position-9\" style=\"font-size: 14.461538461538pt;\" aria-label=\"Olympic Committee (3 kohdetta)\">Olympic Committee<\/a>\n<a href=\"https:\/\/blogit.metropolia.fi\/humkk\/tag\/opintojen-ohjaus\/\" class=\"tag-cloud-link tag-link-22 tag-link-position-10\" style=\"font-size: 11.876923076923pt;\" aria-label=\"opintojen ohjaus (2 kohdetta)\">opintojen ohjaus<\/a>\n<a href=\"https:\/\/blogit.metropolia.fi\/humkk\/en\/tag\/study-counseling\/\" class=\"tag-cloud-link tag-link-48 tag-link-position-11\" style=\"font-size: 8pt;\" aria-label=\"study counseling (1 kohde)\">study counseling<\/a>\n<a href=\"https:\/\/blogit.metropolia.fi\/humkk\/tag\/urhea\/\" class=\"tag-cloud-link tag-link-18 tag-link-position-12\" style=\"font-size: 20.923076923077pt;\" aria-label=\"urhea (7 kohdetta)\">urhea<\/a>\n<a href=\"https:\/\/blogit.metropolia.fi\/humkk\/en\/tag\/urhea\/\" class=\"tag-cloud-link tag-link-33 tag-link-position-13\" style=\"font-size: 16.615384615385pt;\" aria-label=\"urhea (4 kohdetta)\">urhea<\/a>\n<a href=\"https:\/\/blogit.metropolia.fi\/humkk\/tag\/urheileva-opiskelija\/\" class=\"tag-cloud-link tag-link-20 tag-link-position-14\" style=\"font-size: 16.615384615385pt;\" aria-label=\"urheileva opiskelija (4 kohdetta)\">urheileva opiskelija<\/a>\n<a href=\"https:\/\/blogit.metropolia.fi\/humkk\/tag\/urheilijan-kaksoisura\/\" class=\"tag-cloud-link tag-link-51 tag-link-position-15\" style=\"font-size: 8pt;\" aria-label=\"urheilijan kaksoisura (1 kohde)\">urheilijan kaksoisura<\/a>\n<a href=\"https:\/\/blogit.metropolia.fi\/humkk\/tag\/urheilutiimi\/\" class=\"tag-cloud-link tag-link-53 tag-link-position-16\" style=\"font-size: 11.876923076923pt;\" aria-label=\"urheilutiimi (2 kohdetta)\">urheilutiimi<\/a>\n<a href=\"https:\/\/blogit.metropolia.fi\/humkk\/en\/tag\/volleyball\/\" class=\"tag-cloud-link tag-link-45 tag-link-position-17\" style=\"font-size: 8pt;\" aria-label=\"volleyball (1 kohde)\">volleyball<\/a><\/p>\n<\/div>\n\n\n","protected":false},"excerpt":{"rendered":"","protected":false},"author":1,"featured_media":0,"parent":0,"menu_order":0,"comment_status":"closed","ping_status":"closed","template":"blog-homepage.php","meta":{"_acf_changed":false,"_exactmetrics_skip_tracking":false,"_exactmetrics_sitenote_active":false,"_exactmetrics_sitenote_note":"","_exactmetrics_sitenote_category":0,"footnotes":""},"class_list":["post-54","page","type-page","status-publish","hentry"],"acf":[],"yoast_head":"<!-- This site is optimized with the Yoast SEO plugin v27.3 - https:\/\/yoast.com\/product\/yoast-seo-wordpress\/ -->\n<title>Elite athlete student&#039;s Metropolia blog<\/title>\n<meta name=\"description\" content=\"Metropolia&#039;s road to HUMKK auditing through the eyes of the trail users.\" \/>\n<meta name=\"robots\" content=\"index, follow, max-snippet:-1, max-image-preview:large, max-video-preview:-1\" \/>\n<link rel=\"canonical\" href=\"https:\/\/blogit.metropolia.fi\/humkk\/en\/\" \/>\n<meta property=\"og:locale\" content=\"fi_FI\" \/>\n<meta property=\"og:type\" content=\"article\" \/>\n<meta property=\"og:title\" content=\"Elite athlete student&#039;s Metropolia blog\" \/>\n<meta property=\"og:description\" content=\"Metropolia&#039;s road to HUMKK auditing through the eyes of the trail users.\" \/>\n<meta property=\"og:url\" content=\"https:\/\/blogit.metropolia.fi\/humkk\/en\/\" \/>\n<meta property=\"og:site_name\" content=\"Huippu-urheilevan opiskelijan Metropolia -blogi\" \/>\n<meta property=\"article:modified_time\" content=\"2025-01-23T13:43:44+00:00\" \/>\n<meta name=\"twitter:card\" content=\"summary_large_image\" \/>\n<script type=\"application\/ld+json\" class=\"yoast-schema-graph\">{\"@context\":\"https:\\\/\\\/schema.org\",\"@graph\":[{\"@type\":\"WebPage\",\"@id\":\"https:\\\/\\\/blogit.metropolia.fi\\\/humkk\\\/en\\\/\",\"url\":\"https:\\\/\\\/blogit.metropolia.fi\\\/humkk\\\/en\\\/\",\"name\":\"Elite athlete student's Metropolia blog\",\"isPartOf\":{\"@id\":\"https:\\\/\\\/blogit.metropolia.fi\\\/humkk\\\/#website\"},\"datePublished\":\"2024-11-06T14:28:38+00:00\",\"dateModified\":\"2025-01-23T13:43:44+00:00\",\"description\":\"Metropolia's road to HUMKK auditing through the eyes of the trail users.\",\"breadcrumb\":{\"@id\":\"https:\\\/\\\/blogit.metropolia.fi\\\/humkk\\\/en\\\/#breadcrumb\"},\"inLanguage\":\"fi\",\"potentialAction\":[{\"@type\":\"ReadAction\",\"target\":[\"https:\\\/\\\/blogit.metropolia.fi\\\/humkk\\\/en\\\/\"]}]},{\"@type\":\"BreadcrumbList\",\"@id\":\"https:\\\/\\\/blogit.metropolia.fi\\\/humkk\\\/en\\\/#breadcrumb\",\"itemListElement\":[{\"@type\":\"ListItem\",\"position\":1,\"name\":\"Etusivu\",\"item\":\"https:\\\/\\\/blogit.metropolia.fi\\\/humkk\\\/\"},{\"@type\":\"ListItem\",\"position\":2,\"name\":\"Etusivu &#8211; English\"}]},{\"@type\":\"WebSite\",\"@id\":\"https:\\\/\\\/blogit.metropolia.fi\\\/humkk\\\/#website\",\"url\":\"https:\\\/\\\/blogit.metropolia.fi\\\/humkk\\\/\",\"name\":\"Huippu-urheilevan opiskelijan Metropolia -blogi\",\"description\":\"Metropolian tie HUMKK-auditointia kohti poluntallaajien silmin.\",\"potentialAction\":[{\"@type\":\"SearchAction\",\"target\":{\"@type\":\"EntryPoint\",\"urlTemplate\":\"https:\\\/\\\/blogit.metropolia.fi\\\/humkk\\\/?s={search_term_string}\"},\"query-input\":{\"@type\":\"PropertyValueSpecification\",\"valueRequired\":true,\"valueName\":\"search_term_string\"}}],\"inLanguage\":\"fi\"}]}<\/script>\n<!-- \/ Yoast SEO plugin. -->","yoast_head_json":{"title":"Elite athlete student's Metropolia blog","description":"Metropolia's road to HUMKK auditing through the eyes of the trail users.","robots":{"index":"index","follow":"follow","max-snippet":"max-snippet:-1","max-image-preview":"max-image-preview:large","max-video-preview":"max-video-preview:-1"},"canonical":"https:\/\/blogit.metropolia.fi\/humkk\/en\/","og_locale":"fi_FI","og_type":"article","og_title":"Elite athlete student's Metropolia blog","og_description":"Metropolia's road to HUMKK auditing through the eyes of the trail users.","og_url":"https:\/\/blogit.metropolia.fi\/humkk\/en\/","og_site_name":"Huippu-urheilevan opiskelijan Metropolia -blogi","article_modified_time":"2025-01-23T13:43:44+00:00","twitter_card":"summary_large_image","schema":{"@context":"https:\/\/schema.org","@graph":[{"@type":"WebPage","@id":"https:\/\/blogit.metropolia.fi\/humkk\/en\/","url":"https:\/\/blogit.metropolia.fi\/humkk\/en\/","name":"Elite athlete student's Metropolia blog","isPartOf":{"@id":"https:\/\/blogit.metropolia.fi\/humkk\/#website"},"datePublished":"2024-11-06T14:28:38+00:00","dateModified":"2025-01-23T13:43:44+00:00","description":"Metropolia's road to HUMKK auditing through the eyes of the trail users.","breadcrumb":{"@id":"https:\/\/blogit.metropolia.fi\/humkk\/en\/#breadcrumb"},"inLanguage":"fi","potentialAction":[{"@type":"ReadAction","target":["https:\/\/blogit.metropolia.fi\/humkk\/en\/"]}]},{"@type":"BreadcrumbList","@id":"https:\/\/blogit.metropolia.fi\/humkk\/en\/#breadcrumb","itemListElement":[{"@type":"ListItem","position":1,"name":"Etusivu","item":"https:\/\/blogit.metropolia.fi\/humkk\/"},{"@type":"ListItem","position":2,"name":"Etusivu &#8211; English"}]},{"@type":"WebSite","@id":"https:\/\/blogit.metropolia.fi\/humkk\/#website","url":"https:\/\/blogit.metropolia.fi\/humkk\/","name":"Huippu-urheilevan opiskelijan Metropolia -blogi","description":"Metropolian tie HUMKK-auditointia kohti poluntallaajien silmin.","potentialAction":[{"@type":"SearchAction","target":{"@type":"EntryPoint","urlTemplate":"https:\/\/blogit.metropolia.fi\/humkk\/?s={search_term_string}"},"query-input":{"@type":"PropertyValueSpecification","valueRequired":true,"valueName":"search_term_string"}}],"inLanguage":"fi"}]}},"lang":"en","translations":{"en":54,"fi":3},"pll_sync_post":[],"_links":{"self":[{"href":"https:\/\/blogit.metropolia.fi\/humkk\/wp-json\/wp\/v2\/pages\/54","targetHints":{"allow":["GET"]}}],"collection":[{"href":"https:\/\/blogit.metropolia.fi\/humkk\/wp-json\/wp\/v2\/pages"}],"about":[{"href":"https:\/\/blogit.metropolia.fi\/humkk\/wp-json\/wp\/v2\/types\/page"}],"author":[{"embeddable":true,"href":"https:\/\/blogit.metropolia.fi\/humkk\/wp-json\/wp\/v2\/users\/1"}],"replies":[{"embeddable":true,"href":"https:\/\/blogit.metropolia.fi\/humkk\/wp-json\/wp\/v2\/comments?post=54"}],"version-history":[{"count":7,"href":"https:\/\/blogit.metropolia.fi\/humkk\/wp-json\/wp\/v2\/pages\/54\/revisions"}],"predecessor-version":[{"id":83,"href":"https:\/\/blogit.metropolia.fi\/humkk\/wp-json\/wp\/v2\/pages\/54\/revisions\/83"}],"wp:attachment":[{"href":"https:\/\/blogit.metropolia.fi\/humkk\/wp-json\/wp\/v2\/media?parent=54"}],"curies":[{"name":"wp","href":"https:\/\/api.w.org\/{rel}","templated":true}]}}